{"id":438,"date":"2019-11-18T15:26:21","date_gmt":"2019-11-18T14:26:21","guid":{"rendered":"https:\/\/sprakbanken.dev04.dekodes.no\/?page_id=438"},"modified":"2020-06-19T13:35:39","modified_gmt":"2020-06-19T11:35:39","slug":"namneattkjenning-pa-norsk","status":"publish","type":"page","link":"https:\/\/www.nb.no\/sprakbanken\/namneattkjenning-pa-norsk\/","title":{"rendered":"Namneattkjenning p\u00e5 norsk"},"content":{"rendered":"\n<p>Namneattkjenning,&nbsp;<em>Named Entity Recognition<\/em>&nbsp;(NER), er ein sentral komponent i mange spr\u00e5kteknologiske verkt\u00f8y. Automatisk informasjonsuthenting, samtalerobotar og maskinomsettingssystem vert betre med gode NER-modellar. Trass i dette har norsk mangla fritt tilgjengelege datasett for \u00e5 trene slike modellar fram til no. Korpuset Norwegian Named Entities (NorNE) blei lansert i juni 2019 og er resultatet av eit samarbeid mellom&nbsp;<a href=\"https:\/\/schibsted.com\/\">Schibsted Media Group<\/a>,&nbsp;<a href=\"https:\/\/www.mn.uio.no\/ifi\/english\/research\/groups\/ltg\/\">Spr\u00e5kteknologigruppa<\/a>&nbsp;ved Universitetet i Oslo og&nbsp;<a href=\"https:\/\/www.nb.no\/forskning\/sprakbanken\/\">Spr\u00e5kbanken<\/a>&nbsp;p\u00e5 Nasjonalbiblioteket, ein nasjonal infrastruktur som tilbyr digitale spr\u00e5kressursar til bruk i forsking og utvikling av spr\u00e5kteknologi.<\/p>\n\n\n\n<p>NorNE er eit korpus med l\u00f8pande tekst der alle namngjevne einingar har blitt merka opp og klassifiserte i kategoriar som til d\u00f8mes person, organisasjon og stad. Annotasjonane i korpuset er offentleg eigedom (CC-ZERO), og datasettet kan nyttast b\u00e5de til forsking og kommersiell utvikling. NorNE er lagt opp\u00e5 eit eksisterande korpus med morfologisk og syntaktisk annotasjon,\u00a0<a href=\"https:\/\/www.nb.no\/sprakbanken\/ressurskatalog\/oai-nb-no-sbr-10\/\">Norsk dependenstrebank<\/a>\u00a0(NDT). Dette korpuset best\u00e5r av om lag 600 000 token med l\u00f8pande tekst fr\u00e5 aviser, bloggar, stortingsforhandlingar og rapportar, delt likt mellom dei to m\u00e5lformene. Det er fleire fordelar med \u00e5 kombinere NorNE og NDT. For det fyrste tillet lisensen til NDT at korpuset kan nyttast i kommersiell utvikling. For det andre kan NER-system potensielt ha nytte av den grammatiske analysen i NDT. For det tredje er det mogleg \u00e5 utvide korpuset vidare med nye lag med annotasjonar, til d\u00f8mes koreferanseannotasjon, som nyttar b\u00e5de NER- og grammatikkoppmerkinga i korpuset.<\/p>\n\n\n\n<p>Om lag halvparten av NorNE har blitt merka opp av to menneskelege annotatorar. Ein annot\u00f8r har merka opp resten av materialet ved hjelp av retningsliner utvikla under dobbeltannotasjonen. Dette annotasjonsregimet sikrar h\u00f8g konsistens, som er avgjerande for \u00e5 lage NER-system av god kvalitet.<\/p>\n\n\n\n<p>Offisielle versjonar av NorNE blir lanserte p\u00e5&nbsp;<a href=\"https:\/\/www.nb.no\/sprakbanken\/show?serial=oai%3Anb.no%3Asbr-49&amp;lang=nb\">Spr\u00e5kbankens nettside<\/a>, medan utviklingsversjonar finst p\u00e5&nbsp;<a href=\"https:\/\/github.com\/ltgoslo\/norne\">Github-sida til NorNE<\/a>.<\/p>\n","protected":false},"excerpt":{"rendered":"","protected":false},"author":142,"featured_media":0,"parent":0,"menu_order":0,"comment_status":"closed","ping_status":"closed","template":"","meta":{"nb_hide_title":false,"nb_breadcrumb_title_override":"","sub_navigation_option":null,"sub_navigation_custom_items":null,"card_link":[],"savage_label":"manual","savage_label_text":"","savage_title":"","savage_link_title":"","card_background":"default","savage_image_type":"featured","footnotes":""},"class_list":["post-438","page","type-page","status-publish","hentry"],"yoast_head":"<!-- This site is optimized with the Yoast SEO Premium plugin v27.1 (Yoast SEO v27.1.1) - https:\/\/yoast.com\/product\/yoast-seo-premium-wordpress\/ -->\n<title>Namneattkjenning p\u00e5 norsk - Spr\u00e5kbanken<\/title>\n<meta name=\"robots\" content=\"index, follow, max-snippet:-1, max-image-preview:large, max-video-preview:-1\" \/>\n<link rel=\"canonical\" href=\"https:\/\/www.nb.no\/sprakbanken\/namneattkjenning-pa-norsk\/\" \/>\n<meta property=\"og:locale\" content=\"nb_NO\" \/>\n<meta property=\"og:type\" content=\"article\" \/>\n<meta property=\"og:title\" content=\"Namneattkjenning p\u00e5 norsk\" \/>\n<meta property=\"og:url\" content=\"https:\/\/www.nb.no\/sprakbanken\/namneattkjenning-pa-norsk\/\" \/>\n<meta property=\"og:site_name\" content=\"Spr\u00e5kbanken\" \/>\n<meta property=\"article:modified_time\" content=\"2020-06-19T11:35:39+00:00\" \/>\n<meta name=\"twitter:card\" content=\"summary_large_image\" \/>\n<meta name=\"twitter:label1\" content=\"Ansl. lesetid\" \/>\n\t<meta name=\"twitter:data1\" content=\"2 minutter\" \/>\n<script type=\"application\/ld+json\" class=\"yoast-schema-graph\">{\"@context\":\"https:\/\/schema.org\",\"@graph\":[{\"@type\":\"WebPage\",\"@id\":\"https:\/\/www.nb.no\/sprakbanken\/namneattkjenning-pa-norsk\/\",\"url\":\"https:\/\/www.nb.no\/sprakbanken\/namneattkjenning-pa-norsk\/\",\"name\":\"Namneattkjenning p\u00e5 norsk - Spr\u00e5kbanken\",\"isPartOf\":{\"@id\":\"https:\/\/www.nb.no\/sprakbanken\/#website\"},\"datePublished\":\"2019-11-18T14:26:21+00:00\",\"dateModified\":\"2020-06-19T11:35:39+00:00\",\"breadcrumb\":{\"@id\":\"https:\/\/www.nb.no\/sprakbanken\/namneattkjenning-pa-norsk\/#breadcrumb\"},\"inLanguage\":\"nb-NO\",\"potentialAction\":[{\"@type\":\"ReadAction\",\"target\":[\"https:\/\/www.nb.no\/sprakbanken\/namneattkjenning-pa-norsk\/\"]}]},{\"@type\":\"BreadcrumbList\",\"@id\":\"https:\/\/www.nb.no\/sprakbanken\/namneattkjenning-pa-norsk\/#breadcrumb\",\"itemListElement\":[{\"@type\":\"ListItem\",\"position\":1,\"name\":\"Home\",\"item\":\"https:\/\/www.nb.no\/sprakbanken\/\"},{\"@type\":\"ListItem\",\"position\":2,\"name\":\"Namneattkjenning p\u00e5 norsk\"}]},{\"@type\":\"WebSite\",\"@id\":\"https:\/\/www.nb.no\/sprakbanken\/#website\",\"url\":\"https:\/\/www.nb.no\/sprakbanken\/\",\"name\":\"Spr\u00e5kbanken\",\"description\":\"\",\"potentialAction\":[{\"@type\":\"SearchAction\",\"target\":{\"@type\":\"EntryPoint\",\"urlTemplate\":\"https:\/\/www.nb.no\/sprakbanken\/?s={search_term_string}\"},\"query-input\":{\"@type\":\"PropertyValueSpecification\",\"valueRequired\":true,\"valueName\":\"search_term_string\"}}],\"inLanguage\":\"nb-NO\"}]}<\/script>\n<!-- \/ Yoast SEO Premium plugin. -->","yoast_head_json":{"title":"Namneattkjenning p\u00e5 norsk - Spr\u00e5kbanken","robots":{"index":"index","follow":"follow","max-snippet":"max-snippet:-1","max-image-preview":"max-image-preview:large","max-video-preview":"max-video-preview:-1"},"canonical":"https:\/\/www.nb.no\/sprakbanken\/namneattkjenning-pa-norsk\/","og_locale":"nb_NO","og_type":"article","og_title":"Namneattkjenning p\u00e5 norsk","og_url":"https:\/\/www.nb.no\/sprakbanken\/namneattkjenning-pa-norsk\/","og_site_name":"Spr\u00e5kbanken","article_modified_time":"2020-06-19T11:35:39+00:00","twitter_card":"summary_large_image","twitter_misc":{"Ansl. lesetid":"2 minutter"},"schema":{"@context":"https:\/\/schema.org","@graph":[{"@type":"WebPage","@id":"https:\/\/www.nb.no\/sprakbanken\/namneattkjenning-pa-norsk\/","url":"https:\/\/www.nb.no\/sprakbanken\/namneattkjenning-pa-norsk\/","name":"Namneattkjenning p\u00e5 norsk - Spr\u00e5kbanken","isPartOf":{"@id":"https:\/\/www.nb.no\/sprakbanken\/#website"},"datePublished":"2019-11-18T14:26:21+00:00","dateModified":"2020-06-19T11:35:39+00:00","breadcrumb":{"@id":"https:\/\/www.nb.no\/sprakbanken\/namneattkjenning-pa-norsk\/#breadcrumb"},"inLanguage":"nb-NO","potentialAction":[{"@type":"ReadAction","target":["https:\/\/www.nb.no\/sprakbanken\/namneattkjenning-pa-norsk\/"]}]},{"@type":"BreadcrumbList","@id":"https:\/\/www.nb.no\/sprakbanken\/namneattkjenning-pa-norsk\/#breadcrumb","itemListElement":[{"@type":"ListItem","position":1,"name":"Home","item":"https:\/\/www.nb.no\/sprakbanken\/"},{"@type":"ListItem","position":2,"name":"Namneattkjenning p\u00e5 norsk"}]},{"@type":"WebSite","@id":"https:\/\/www.nb.no\/sprakbanken\/#website","url":"https:\/\/www.nb.no\/sprakbanken\/","name":"Spr\u00e5kbanken","description":"","potentialAction":[{"@type":"SearchAction","target":{"@type":"EntryPoint","urlTemplate":"https:\/\/www.nb.no\/sprakbanken\/?s={search_term_string}"},"query-input":{"@type":"PropertyValueSpecification","valueRequired":true,"valueName":"search_term_string"}}],"inLanguage":"nb-NO"}]}},"lang":"nb","translations":{"en":700,"nb":438},"pll_sync_post":[],"_links":{"self":[{"href":"https:\/\/www.nb.no\/sprakbanken\/wp-json\/wp\/v2\/pages\/438","targetHints":{"allow":["GET"]}}],"collection":[{"href":"https:\/\/www.nb.no\/sprakbanken\/wp-json\/wp\/v2\/pages"}],"about":[{"href":"https:\/\/www.nb.no\/sprakbanken\/wp-json\/wp\/v2\/types\/page"}],"author":[{"embeddable":true,"href":"https:\/\/www.nb.no\/sprakbanken\/wp-json\/wp\/v2\/users\/142"}],"replies":[{"embeddable":true,"href":"https:\/\/www.nb.no\/sprakbanken\/wp-json\/wp\/v2\/comments?post=438"}],"version-history":[{"count":2,"href":"https:\/\/www.nb.no\/sprakbanken\/wp-json\/wp\/v2\/pages\/438\/revisions"}],"predecessor-version":[{"id":3642,"href":"https:\/\/www.nb.no\/sprakbanken\/wp-json\/wp\/v2\/pages\/438\/revisions\/3642"}],"wp:attachment":[{"href":"https:\/\/www.nb.no\/sprakbanken\/wp-json\/wp\/v2\/media?parent=438"}],"curies":[{"name":"wp","href":"https:\/\/api.w.org\/{rel}","templated":true}]}}