{"id":16769,"date":"2021-03-23T10:09:24","date_gmt":"2021-03-23T09:09:24","guid":{"rendered":"https:\/\/www.nb.no\/sprakbanken\/?page_id=16769"},"modified":"2021-03-23T10:09:26","modified_gmt":"2021-03-23T09:09:26","slug":"uttaleordliste-for-nynorsk","status":"publish","type":"page","link":"https:\/\/www.nb.no\/sprakbanken\/uttaleordliste-for-nynorsk\/","title":{"rendered":"Uttaleordliste for nynorsk"},"content":{"rendered":"\n<p>Med\u00a0taleteknologi kan ein tekste TV-program automatisk, styre mobiltelefonen ved hjelp av stemmen eller\u00a0f\u00e5\u00a0datamaskina til \u00e5 lese opp kva som st\u00e5r i eit dokument.\u00a0Det finst allereie mykje god taleteknologi for norsk, men denne st\u00f8tter ofte berre bokm\u00e5l. Ein viktig grunn\u00a0er at\u00a0grunnlagsressursane ein treng for \u00e5 lage god\u00a0taleteknologi,\u00a0i mange tilfelle\u00a0manglar\u00a0p\u00e5 nynorsk.\u00a0For \u00e5\u00a0b\u00f8te p\u00e5 dette har Spr\u00e5kbanken ved Nasjonalbiblioteket gjort tilgjengeleg ein viktig grunnlagsressurs for nynorsk taleteknologi: ei uttaleordliste.\u00a0Dette er\u00a0ei\u00a0liste\u00a0med\u00a0nynorske\u00a0ord og\u00a0maskinlesbare, fonetiske transkripsjonar\u00a0av orda.\u00a0Taleattkjenningssystem, som omset tale til tekst,\u00a0nyttar slike lister til \u00e5 vite kva for\u00a0lydstrengar som svarar til ord p\u00e5 nynorsk.\u00a0\u00a0I talesyntese, omsetting fr\u00e5 tekst til tale, gjev uttaleordlista informasjon om korleis den syntetiske stemma skal uttale nynorske ord.\u00a0Ordlista inneheld 570 000 ord, og\u00a0er utvikla av\u00a0trondheimsfirmaet\u00a0Lingit.\u00a0Ho vert delt i\u00a0<a href=\"https:\/\/www.nb.no\/sprakbanken\/ressurskatalog\/oai-nb-no-sbr-65\/\" target=\"_blank\" rel=\"noreferrer noopener\">ressurskatalogen til Spr\u00e5kbanken<\/a>, og lisensen\u00a0till\u00e8t\u00a0at ho kan nyttast b\u00e5de av\u00a0kommersielle og ikkje-kommersielle utviklarar.\u00a0\u00c5\u00a0lage\u00a0ei uttaleordliste\u00a0av denne typen\u00a0er eit omfattande\u00a0og kostbart\u00a0arbeid\u00a0og krev spisskompetanse p\u00e5 norsk lydl\u00e6re, og for mange f\u00f8retak\u00a0vil det ikkje vere\u00a0mogleg eller l\u00f8nsamt \u00e5 lage si eiga liste for nynorsk.\u00a0Ved \u00e5 tilby denne lista med open lisens gjer Spr\u00e5kbanken det billegare og enklare \u00e5 utvikle taleteknologi for nynorsk.\u00a0Spr\u00e5kbanken tilbyr ogs\u00e5 ei tilsvarande liste for bokm\u00e5l og\u00a0held no fram\u00a0med \u00e5 utvide begge listene med\u00a0meir dialektvariasjon og fleire ord, som gjer listene end\u00e5 meir nyttige.<\/p>\n","protected":false},"excerpt":{"rendered":"","protected":false},"author":142,"featured_media":0,"parent":0,"menu_order":0,"comment_status":"closed","ping_status":"closed","template":"","meta":{"nb_hide_title":false,"nb_breadcrumb_title_override":"","sub_navigation_option":"","sub_navigation_custom_items":[],"card_link":[],"savage_label":"manual","savage_label_text":"","savage_title":"","savage_link_title":"","card_background":"default","savage_image_type":"featured","footnotes":""},"class_list":["post-16769","page","type-page","status-publish","hentry"],"yoast_head":"<!-- This site is optimized with the Yoast SEO Premium plugin v27.1 (Yoast SEO v27.1.1) - https:\/\/yoast.com\/product\/yoast-seo-premium-wordpress\/ -->\n<title>Uttaleordliste for nynorsk - Spr\u00e5kbanken<\/title>\n<meta name=\"robots\" content=\"index, follow, max-snippet:-1, max-image-preview:large, max-video-preview:-1\" \/>\n<link rel=\"canonical\" href=\"https:\/\/www.nb.no\/sprakbanken\/uttaleordliste-for-nynorsk\/\" \/>\n<meta property=\"og:locale\" content=\"nb_NO\" \/>\n<meta property=\"og:type\" content=\"article\" \/>\n<meta property=\"og:title\" content=\"Uttaleordliste for nynorsk\" \/>\n<meta property=\"og:url\" content=\"https:\/\/www.nb.no\/sprakbanken\/uttaleordliste-for-nynorsk\/\" \/>\n<meta property=\"og:site_name\" content=\"Spr\u00e5kbanken\" \/>\n<meta property=\"article:modified_time\" content=\"2021-03-23T09:09:26+00:00\" \/>\n<meta name=\"twitter:card\" content=\"summary_large_image\" \/>\n<meta name=\"twitter:label1\" content=\"Ansl. lesetid\" \/>\n\t<meta name=\"twitter:data1\" content=\"2 minutter\" \/>\n<script type=\"application\/ld+json\" class=\"yoast-schema-graph\">{\"@context\":\"https:\/\/schema.org\",\"@graph\":[{\"@type\":\"WebPage\",\"@id\":\"https:\/\/www.nb.no\/sprakbanken\/uttaleordliste-for-nynorsk\/\",\"url\":\"https:\/\/www.nb.no\/sprakbanken\/uttaleordliste-for-nynorsk\/\",\"name\":\"Uttaleordliste for nynorsk - Spr\u00e5kbanken\",\"isPartOf\":{\"@id\":\"https:\/\/www.nb.no\/sprakbanken\/#website\"},\"datePublished\":\"2021-03-23T09:09:24+00:00\",\"dateModified\":\"2021-03-23T09:09:26+00:00\",\"breadcrumb\":{\"@id\":\"https:\/\/www.nb.no\/sprakbanken\/uttaleordliste-for-nynorsk\/#breadcrumb\"},\"inLanguage\":\"nb-NO\",\"potentialAction\":[{\"@type\":\"ReadAction\",\"target\":[\"https:\/\/www.nb.no\/sprakbanken\/uttaleordliste-for-nynorsk\/\"]}]},{\"@type\":\"BreadcrumbList\",\"@id\":\"https:\/\/www.nb.no\/sprakbanken\/uttaleordliste-for-nynorsk\/#breadcrumb\",\"itemListElement\":[{\"@type\":\"ListItem\",\"position\":1,\"name\":\"Home\",\"item\":\"https:\/\/www.nb.no\/sprakbanken\/\"},{\"@type\":\"ListItem\",\"position\":2,\"name\":\"Uttaleordliste for nynorsk\"}]},{\"@type\":\"WebSite\",\"@id\":\"https:\/\/www.nb.no\/sprakbanken\/#website\",\"url\":\"https:\/\/www.nb.no\/sprakbanken\/\",\"name\":\"Spr\u00e5kbanken\",\"description\":\"\",\"potentialAction\":[{\"@type\":\"SearchAction\",\"target\":{\"@type\":\"EntryPoint\",\"urlTemplate\":\"https:\/\/www.nb.no\/sprakbanken\/?s={search_term_string}\"},\"query-input\":{\"@type\":\"PropertyValueSpecification\",\"valueRequired\":true,\"valueName\":\"search_term_string\"}}],\"inLanguage\":\"nb-NO\"}]}<\/script>\n<!-- \/ Yoast SEO Premium plugin. -->","yoast_head_json":{"title":"Uttaleordliste for nynorsk - Spr\u00e5kbanken","robots":{"index":"index","follow":"follow","max-snippet":"max-snippet:-1","max-image-preview":"max-image-preview:large","max-video-preview":"max-video-preview:-1"},"canonical":"https:\/\/www.nb.no\/sprakbanken\/uttaleordliste-for-nynorsk\/","og_locale":"nb_NO","og_type":"article","og_title":"Uttaleordliste for nynorsk","og_url":"https:\/\/www.nb.no\/sprakbanken\/uttaleordliste-for-nynorsk\/","og_site_name":"Spr\u00e5kbanken","article_modified_time":"2021-03-23T09:09:26+00:00","twitter_card":"summary_large_image","twitter_misc":{"Ansl. lesetid":"2 minutter"},"schema":{"@context":"https:\/\/schema.org","@graph":[{"@type":"WebPage","@id":"https:\/\/www.nb.no\/sprakbanken\/uttaleordliste-for-nynorsk\/","url":"https:\/\/www.nb.no\/sprakbanken\/uttaleordliste-for-nynorsk\/","name":"Uttaleordliste for nynorsk - Spr\u00e5kbanken","isPartOf":{"@id":"https:\/\/www.nb.no\/sprakbanken\/#website"},"datePublished":"2021-03-23T09:09:24+00:00","dateModified":"2021-03-23T09:09:26+00:00","breadcrumb":{"@id":"https:\/\/www.nb.no\/sprakbanken\/uttaleordliste-for-nynorsk\/#breadcrumb"},"inLanguage":"nb-NO","potentialAction":[{"@type":"ReadAction","target":["https:\/\/www.nb.no\/sprakbanken\/uttaleordliste-for-nynorsk\/"]}]},{"@type":"BreadcrumbList","@id":"https:\/\/www.nb.no\/sprakbanken\/uttaleordliste-for-nynorsk\/#breadcrumb","itemListElement":[{"@type":"ListItem","position":1,"name":"Home","item":"https:\/\/www.nb.no\/sprakbanken\/"},{"@type":"ListItem","position":2,"name":"Uttaleordliste for nynorsk"}]},{"@type":"WebSite","@id":"https:\/\/www.nb.no\/sprakbanken\/#website","url":"https:\/\/www.nb.no\/sprakbanken\/","name":"Spr\u00e5kbanken","description":"","potentialAction":[{"@type":"SearchAction","target":{"@type":"EntryPoint","urlTemplate":"https:\/\/www.nb.no\/sprakbanken\/?s={search_term_string}"},"query-input":{"@type":"PropertyValueSpecification","valueRequired":true,"valueName":"search_term_string"}}],"inLanguage":"nb-NO"}]}},"lang":"nb","translations":{"nb":16769},"pll_sync_post":[],"_links":{"self":[{"href":"https:\/\/www.nb.no\/sprakbanken\/wp-json\/wp\/v2\/pages\/16769","targetHints":{"allow":["GET"]}}],"collection":[{"href":"https:\/\/www.nb.no\/sprakbanken\/wp-json\/wp\/v2\/pages"}],"about":[{"href":"https:\/\/www.nb.no\/sprakbanken\/wp-json\/wp\/v2\/types\/page"}],"author":[{"embeddable":true,"href":"https:\/\/www.nb.no\/sprakbanken\/wp-json\/wp\/v2\/users\/142"}],"replies":[{"embeddable":true,"href":"https:\/\/www.nb.no\/sprakbanken\/wp-json\/wp\/v2\/comments?post=16769"}],"version-history":[{"count":1,"href":"https:\/\/www.nb.no\/sprakbanken\/wp-json\/wp\/v2\/pages\/16769\/revisions"}],"predecessor-version":[{"id":16770,"href":"https:\/\/www.nb.no\/sprakbanken\/wp-json\/wp\/v2\/pages\/16769\/revisions\/16770"}],"wp:attachment":[{"href":"https:\/\/www.nb.no\/sprakbanken\/wp-json\/wp\/v2\/media?parent=16769"}],"curies":[{"name":"wp","href":"https:\/\/api.w.org\/{rel}","templated":true}]}}