{"id":98433,"date":"2020-04-06T23:31:57","date_gmt":"2020-04-06T21:31:57","guid":{"rendered":"https:\/\/www.nb.no\/sheet-music\/product\/parts-for-a-sa-rodblond-fra-driftekaren-op-9-nr-1\/"},"modified":"2026-03-28T19:20:03","modified_gmt":"2026-03-28T18:20:03","slug":"parts-for-a-sa-rodblond-fra-driftekaren-op-9-nr-1-less192636greater","status":"publish","type":"product","link":"https:\/\/www.nb.no\/sheet-music\/product\/parts-for-a-sa-rodblond-fra-driftekaren-op-9-nr-1-less192636greater\/","title":{"rendered":"<span class=\"product_title__prefix\">Parts for<\/span> \u00c5 s\u00e5 r\u00f8dblond &#8211; Fra &quot;Driftekaren&quot;, op. 9, nr. 1"},"content":{"rendered":"","protected":false},"excerpt":{"rendered":"","protected":false},"featured_media":0,"template":"","meta":{"nb_hide_title":false,"nb_breadcrumb_title_override":""},"product_brand":[],"product_cat":[],"product_tag":[],"class_list":{"0":"post-98433","1":"product","2":"type-product","3":"status-publish","6":"first","7":"instock","8":"taxable","9":"shipping-taxable","10":"product-type-simple"},"_links":{"self":[{"href":"https:\/\/www.nb.no\/sheet-music\/wp-json\/wp\/v2\/product\/98433","targetHints":{"allow":["GET"]}}],"collection":[{"href":"https:\/\/www.nb.no\/sheet-music\/wp-json\/wp\/v2\/product"}],"about":[{"href":"https:\/\/www.nb.no\/sheet-music\/wp-json\/wp\/v2\/types\/product"}],"wp:attachment":[{"href":"https:\/\/www.nb.no\/sheet-music\/wp-json\/wp\/v2\/media?parent=98433"}],"wp:term":[{"taxonomy":"product_brand","embeddable":true,"href":"https:\/\/www.nb.no\/sheet-music\/wp-json\/wp\/v2\/product_brand?post=98433"},{"taxonomy":"product_cat","embeddable":true,"href":"https:\/\/www.nb.no\/sheet-music\/wp-json\/wp\/v2\/product_cat?post=98433"},{"taxonomy":"product_tag","embeddable":true,"href":"https:\/\/www.nb.no\/sheet-music\/wp-json\/wp\/v2\/product_tag?post=98433"}],"curies":[{"name":"wp","href":"https:\/\/api.w.org\/{rel}","templated":true}]}}