{"id":95054,"date":"2020-04-06T23:08:47","date_gmt":"2020-04-06T21:08:47","guid":{"rendered":"https:\/\/www.nb.no\/sheet-music\/product\/parts-for-den-som-bygger-pa-stein-basert-pa-en-rundvals-fra-osterdal\/"},"modified":"2026-02-05T08:31:23","modified_gmt":"2026-02-05T07:31:23","slug":"parts-for-den-som-bygger-pa-stein-basert-pa-en-rundvals-fra-osterdal-less1988greater","status":"publish","type":"product","link":"https:\/\/www.nb.no\/sheet-music\/product\/parts-for-den-som-bygger-pa-stein-basert-pa-en-rundvals-fra-osterdal-less1988greater\/","title":{"rendered":"<span class=\"product_title__prefix\">Parts for<\/span> Den som bygger p\u00e5 stein &#8211; Basert p\u00e5 en rundvals fra \u00d8sterdal"},"content":{"rendered":"","protected":false},"excerpt":{"rendered":"","protected":false},"featured_media":0,"template":"","meta":{"nb_hide_title":false,"nb_breadcrumb_title_override":""},"product_brand":[],"product_cat":[],"product_tag":[],"class_list":{"0":"post-95054","1":"product","2":"type-product","3":"status-publish","6":"first","7":"instock","8":"taxable","9":"shipping-taxable","10":"product-type-simple"},"_links":{"self":[{"href":"https:\/\/www.nb.no\/sheet-music\/wp-json\/wp\/v2\/product\/95054","targetHints":{"allow":["GET"]}}],"collection":[{"href":"https:\/\/www.nb.no\/sheet-music\/wp-json\/wp\/v2\/product"}],"about":[{"href":"https:\/\/www.nb.no\/sheet-music\/wp-json\/wp\/v2\/types\/product"}],"wp:attachment":[{"href":"https:\/\/www.nb.no\/sheet-music\/wp-json\/wp\/v2\/media?parent=95054"}],"wp:term":[{"taxonomy":"product_brand","embeddable":true,"href":"https:\/\/www.nb.no\/sheet-music\/wp-json\/wp\/v2\/product_brand?post=95054"},{"taxonomy":"product_cat","embeddable":true,"href":"https:\/\/www.nb.no\/sheet-music\/wp-json\/wp\/v2\/product_cat?post=95054"},{"taxonomy":"product_tag","embeddable":true,"href":"https:\/\/www.nb.no\/sheet-music\/wp-json\/wp\/v2\/product_tag?post=95054"}],"curies":[{"name":"wp","href":"https:\/\/api.w.org\/{rel}","templated":true}]}}