{"id":191215,"date":"2025-08-25T18:00:58","date_gmt":"2025-08-25T16:00:58","guid":{"rendered":"https:\/\/www.nb.no\/sheet-music\/product\/herre-jesus-gi-meg-nade-folketone-fra-oyslebo\/"},"modified":"2026-02-06T00:11:21","modified_gmt":"2026-02-05T23:11:21","slug":"herre-jesus-gi-meg-nade-folketone-fra-oyslebo","status":"publish","type":"product","link":"https:\/\/www.nb.no\/sheet-music\/product\/herre-jesus-gi-meg-nade-folketone-fra-oyslebo\/","title":{"rendered":"Herre Jesus, gi meg n\u00e5de &#8211; Folketone fra \u00d8ysleb\u00f8"},"content":{"rendered":"","protected":false},"excerpt":{"rendered":"","protected":false},"featured_media":0,"template":"","meta":{"nb_hide_title":false,"nb_breadcrumb_title_override":""},"product_brand":[],"product_cat":[6653],"product_tag":[],"class_list":{"0":"post-191215","1":"product","2":"type-product","3":"status-publish","5":"product_cat-t130","7":"first","8":"instock","9":"taxable","10":"shipping-taxable","11":"product-type-grouped"},"_links":{"self":[{"href":"https:\/\/www.nb.no\/sheet-music\/wp-json\/wp\/v2\/product\/191215","targetHints":{"allow":["GET"]}}],"collection":[{"href":"https:\/\/www.nb.no\/sheet-music\/wp-json\/wp\/v2\/product"}],"about":[{"href":"https:\/\/www.nb.no\/sheet-music\/wp-json\/wp\/v2\/types\/product"}],"wp:attachment":[{"href":"https:\/\/www.nb.no\/sheet-music\/wp-json\/wp\/v2\/media?parent=191215"}],"wp:term":[{"taxonomy":"product_brand","embeddable":true,"href":"https:\/\/www.nb.no\/sheet-music\/wp-json\/wp\/v2\/product_brand?post=191215"},{"taxonomy":"product_cat","embeddable":true,"href":"https:\/\/www.nb.no\/sheet-music\/wp-json\/wp\/v2\/product_cat?post=191215"},{"taxonomy":"product_tag","embeddable":true,"href":"https:\/\/www.nb.no\/sheet-music\/wp-json\/wp\/v2\/product_tag?post=191215"}],"curies":[{"name":"wp","href":"https:\/\/api.w.org\/{rel}","templated":true}]}}