{"id":183360,"date":"2024-12-05T10:00:42","date_gmt":"2024-12-05T09:00:42","guid":{"rendered":"https:\/\/www.nb.no\/sheet-music\/product\/aber-uber-quellem-beuget-schlank-ein-nusbaum-fur-violine-und-piano\/"},"modified":"2026-02-06T00:01:45","modified_gmt":"2026-02-05T23:01:45","slug":"aber-uber-quellem-beuget-schlank-ein-nusbaum-fur-violine-und-piano","status":"publish","type":"product","link":"https:\/\/www.nb.no\/sheet-music\/product\/aber-uber-quellem-beuget-schlank-ein-nusbaum-fur-violine-und-piano\/","title":{"rendered":"Aber \u00fcber Quellem beuget schlank ein Nu\u00dfbaum &#8211; f\u00fcr Violine und Piano"},"content":{"rendered":"","protected":false},"excerpt":{"rendered":"","protected":false},"featured_media":0,"template":"","meta":{"nb_hide_title":false,"nb_breadcrumb_title_override":""},"product_brand":[],"product_cat":[6926],"product_tag":[],"class_list":{"0":"post-183360","1":"product","2":"type-product","3":"status-publish","5":"product_cat-e110","7":"first","8":"instock","9":"taxable","10":"shipping-taxable","11":"product-type-grouped"},"_links":{"self":[{"href":"https:\/\/www.nb.no\/sheet-music\/wp-json\/wp\/v2\/product\/183360","targetHints":{"allow":["GET"]}}],"collection":[{"href":"https:\/\/www.nb.no\/sheet-music\/wp-json\/wp\/v2\/product"}],"about":[{"href":"https:\/\/www.nb.no\/sheet-music\/wp-json\/wp\/v2\/types\/product"}],"wp:attachment":[{"href":"https:\/\/www.nb.no\/sheet-music\/wp-json\/wp\/v2\/media?parent=183360"}],"wp:term":[{"taxonomy":"product_brand","embeddable":true,"href":"https:\/\/www.nb.no\/sheet-music\/wp-json\/wp\/v2\/product_brand?post=183360"},{"taxonomy":"product_cat","embeddable":true,"href":"https:\/\/www.nb.no\/sheet-music\/wp-json\/wp\/v2\/product_cat?post=183360"},{"taxonomy":"product_tag","embeddable":true,"href":"https:\/\/www.nb.no\/sheet-music\/wp-json\/wp\/v2\/product_tag?post=183360"}],"curies":[{"name":"wp","href":"https:\/\/api.w.org\/{rel}","templated":true}]}}