{"id":159171,"date":"2023-08-25T12:30:31","date_gmt":"2023-08-25T10:30:31","guid":{"rendered":"https:\/\/www.nb.no\/sheet-music\/product\/det-har-ar-ogonblicket-a-boutique-opera-for-two-soprano-voices-and-two-accordions\/"},"modified":"2026-02-05T23:40:42","modified_gmt":"2026-02-05T22:40:42","slug":"det-har-ar-ogonblicket-a-boutique-opera-for-two-soprano-voices-and-two-accordions","status":"publish","type":"product","link":"https:\/\/www.nb.no\/sheet-music\/product\/det-har-ar-ogonblicket-a-boutique-opera-for-two-soprano-voices-and-two-accordions\/","title":{"rendered":"Det h\u00e4r \u00e4r \u00f6gonblicket &#8211; A boutique opera for two soprano voices and two accordions"},"content":{"rendered":"","protected":false},"excerpt":{"rendered":"","protected":false},"featured_media":0,"template":"","meta":{"nb_hide_title":false,"nb_breadcrumb_title_override":""},"product_brand":[],"product_cat":[6884,7778],"product_tag":[],"class_list":{"0":"post-159171","1":"product","2":"type-product","3":"status-publish","5":"product_cat-x72","6":"product_cat-s710","8":"first","9":"instock","10":"taxable","11":"shipping-taxable","12":"product-type-grouped"},"_links":{"self":[{"href":"https:\/\/www.nb.no\/sheet-music\/wp-json\/wp\/v2\/product\/159171","targetHints":{"allow":["GET"]}}],"collection":[{"href":"https:\/\/www.nb.no\/sheet-music\/wp-json\/wp\/v2\/product"}],"about":[{"href":"https:\/\/www.nb.no\/sheet-music\/wp-json\/wp\/v2\/types\/product"}],"wp:attachment":[{"href":"https:\/\/www.nb.no\/sheet-music\/wp-json\/wp\/v2\/media?parent=159171"}],"wp:term":[{"taxonomy":"product_brand","embeddable":true,"href":"https:\/\/www.nb.no\/sheet-music\/wp-json\/wp\/v2\/product_brand?post=159171"},{"taxonomy":"product_cat","embeddable":true,"href":"https:\/\/www.nb.no\/sheet-music\/wp-json\/wp\/v2\/product_cat?post=159171"},{"taxonomy":"product_tag","embeddable":true,"href":"https:\/\/www.nb.no\/sheet-music\/wp-json\/wp\/v2\/product_tag?post=159171"}],"curies":[{"name":"wp","href":"https:\/\/api.w.org\/{rel}","templated":true}]}}