{"id":149532,"date":"2020-04-07T06:36:46","date_gmt":"2020-04-07T04:36:46","guid":{"rendered":"https:\/\/www.nb.no\/sheet-music\/product\/lilja-ord-um-kjaerleik-fra-hogsongen-op-61\/"},"modified":"2026-02-05T11:40:32","modified_gmt":"2026-02-05T10:40:32","slug":"lilja-ord-um-kjaerleik-fra-hogsongen-op-61","status":"publish","type":"product","link":"https:\/\/www.nb.no\/sheet-music\/product\/lilja-ord-um-kjaerleik-fra-hogsongen-op-61\/","title":{"rendered":"Lilja &#8211; Ord um kj\u00e6rleik fr\u00e5 h\u00f8gsongen, op. 61"},"content":{"rendered":"","protected":false},"excerpt":{"rendered":"","protected":false},"featured_media":0,"template":"","meta":{"nb_hide_title":false,"nb_breadcrumb_title_override":""},"product_brand":[],"product_cat":[6941],"product_tag":[],"class_list":{"0":"post-149532","1":"product","2":"type-product","3":"status-publish","5":"product_cat-x60","7":"first","8":"instock","9":"taxable","10":"shipping-taxable","11":"product-type-grouped"},"_links":{"self":[{"href":"https:\/\/www.nb.no\/sheet-music\/wp-json\/wp\/v2\/product\/149532","targetHints":{"allow":["GET"]}}],"collection":[{"href":"https:\/\/www.nb.no\/sheet-music\/wp-json\/wp\/v2\/product"}],"about":[{"href":"https:\/\/www.nb.no\/sheet-music\/wp-json\/wp\/v2\/types\/product"}],"wp:attachment":[{"href":"https:\/\/www.nb.no\/sheet-music\/wp-json\/wp\/v2\/media?parent=149532"}],"wp:term":[{"taxonomy":"product_brand","embeddable":true,"href":"https:\/\/www.nb.no\/sheet-music\/wp-json\/wp\/v2\/product_brand?post=149532"},{"taxonomy":"product_cat","embeddable":true,"href":"https:\/\/www.nb.no\/sheet-music\/wp-json\/wp\/v2\/product_cat?post=149532"},{"taxonomy":"product_tag","embeddable":true,"href":"https:\/\/www.nb.no\/sheet-music\/wp-json\/wp\/v2\/product_tag?post=149532"}],"curies":[{"name":"wp","href":"https:\/\/api.w.org\/{rel}","templated":true}]}}