{"id":139140,"date":"2020-04-07T05:49:04","date_gmt":"2020-04-07T03:49:04","guid":{"rendered":"https:\/\/www.nb.no\/sheet-music\/product\/sa-voix-est-celle-de-lheroique-amour-for-soloklarinett-floyte-piano-to-fioliner-bratsj-og-kontrabass\/"},"modified":"2026-02-05T20:27:12","modified_gmt":"2026-02-05T19:27:12","slug":"sa-voix-est-celle-de-lheroique-amour-for-soloklarinett-floyte-piano-to-fioliner-bratsj-og-kontrabass","status":"publish","type":"product","link":"https:\/\/www.nb.no\/sheet-music\/product\/sa-voix-est-celle-de-lheroique-amour-for-soloklarinett-floyte-piano-to-fioliner-bratsj-og-kontrabass\/","title":{"rendered":"Sa voix est celle de l&#x27;h\u00e9ro\u00efque amour&#8230; &#8211; For soloklarinett, fl\u00f8yte, piano, to fioliner, bratsj og kontrabass"},"content":{"rendered":"","protected":false},"excerpt":{"rendered":"","protected":false},"featured_media":0,"template":"","meta":{"nb_hide_title":false,"nb_breadcrumb_title_override":""},"product_brand":[],"product_cat":[9055],"product_tag":[],"class_list":{"0":"post-139140","1":"product","2":"type-product","3":"status-publish","5":"product_cat-g510","7":"first","8":"instock","9":"taxable","10":"shipping-taxable","11":"product-type-grouped"},"_links":{"self":[{"href":"https:\/\/www.nb.no\/sheet-music\/wp-json\/wp\/v2\/product\/139140","targetHints":{"allow":["GET"]}}],"collection":[{"href":"https:\/\/www.nb.no\/sheet-music\/wp-json\/wp\/v2\/product"}],"about":[{"href":"https:\/\/www.nb.no\/sheet-music\/wp-json\/wp\/v2\/types\/product"}],"wp:attachment":[{"href":"https:\/\/www.nb.no\/sheet-music\/wp-json\/wp\/v2\/media?parent=139140"}],"wp:term":[{"taxonomy":"product_brand","embeddable":true,"href":"https:\/\/www.nb.no\/sheet-music\/wp-json\/wp\/v2\/product_brand?post=139140"},{"taxonomy":"product_cat","embeddable":true,"href":"https:\/\/www.nb.no\/sheet-music\/wp-json\/wp\/v2\/product_cat?post=139140"},{"taxonomy":"product_tag","embeddable":true,"href":"https:\/\/www.nb.no\/sheet-music\/wp-json\/wp\/v2\/product_tag?post=139140"}],"curies":[{"name":"wp","href":"https:\/\/api.w.org\/{rel}","templated":true}]}}