{"id":138723,"date":"2020-04-07T05:47:16","date_gmt":"2020-04-07T03:47:16","guid":{"rendered":"https:\/\/www.nb.no\/sheet-music\/product\/sol-og-signa-ar-meditasjon-over-ein-folketone-fra-sunnmore\/"},"modified":"2026-02-05T20:43:05","modified_gmt":"2026-02-05T19:43:05","slug":"sol-og-signa-ar-meditasjon-over-ein-folketone-fra-sunnmore","status":"publish","type":"product","link":"https:\/\/www.nb.no\/sheet-music\/product\/sol-og-signa-ar-meditasjon-over-ein-folketone-fra-sunnmore\/","title":{"rendered":"Sol og signa \u00e5r &#8211; Meditasjon over ein folketone fr\u00e5 Sunnm\u00f8re"},"content":{"rendered":"","protected":false},"excerpt":{"rendered":"","protected":false},"featured_media":0,"template":"","meta":{"nb_hide_title":false,"nb_breadcrumb_title_override":""},"product_brand":[],"product_cat":[6956],"product_tag":[],"class_list":{"0":"post-138723","1":"product","2":"type-product","3":"status-publish","5":"product_cat-l100","7":"first","8":"instock","9":"taxable","10":"shipping-taxable","11":"product-type-grouped"},"_links":{"self":[{"href":"https:\/\/www.nb.no\/sheet-music\/wp-json\/wp\/v2\/product\/138723","targetHints":{"allow":["GET"]}}],"collection":[{"href":"https:\/\/www.nb.no\/sheet-music\/wp-json\/wp\/v2\/product"}],"about":[{"href":"https:\/\/www.nb.no\/sheet-music\/wp-json\/wp\/v2\/types\/product"}],"wp:attachment":[{"href":"https:\/\/www.nb.no\/sheet-music\/wp-json\/wp\/v2\/media?parent=138723"}],"wp:term":[{"taxonomy":"product_brand","embeddable":true,"href":"https:\/\/www.nb.no\/sheet-music\/wp-json\/wp\/v2\/product_brand?post=138723"},{"taxonomy":"product_cat","embeddable":true,"href":"https:\/\/www.nb.no\/sheet-music\/wp-json\/wp\/v2\/product_cat?post=138723"},{"taxonomy":"product_tag","embeddable":true,"href":"https:\/\/www.nb.no\/sheet-music\/wp-json\/wp\/v2\/product_tag?post=138723"}],"curies":[{"name":"wp","href":"https:\/\/api.w.org\/{rel}","templated":true}]}}