{"id":138706,"date":"2020-04-07T05:47:11","date_gmt":"2020-04-07T03:47:11","guid":{"rendered":"https:\/\/www.nb.no\/sheet-music\/product\/det-er-no-so-fagert-pa-finnelofte-folketone-fra-ardal-sogn\/"},"modified":"2026-02-05T20:43:30","modified_gmt":"2026-02-05T19:43:30","slug":"det-er-no-so-fagert-pa-finnelofte-folketone-fra-ardal-sogn","status":"publish","type":"product","link":"https:\/\/www.nb.no\/sheet-music\/product\/det-er-no-so-fagert-pa-finnelofte-folketone-fra-ardal-sogn\/","title":{"rendered":"Det er no so fagert p\u00e5 Finnelofte &#8211; Folketone fr\u00e5 \u00c5rdal, Sogn"},"content":{"rendered":"","protected":false},"excerpt":{"rendered":"","protected":false},"featured_media":0,"template":"","meta":{"nb_hide_title":false,"nb_breadcrumb_title_override":""},"product_brand":[],"product_cat":[6911],"product_tag":[],"class_list":{"0":"post-138706","1":"product","2":"type-product","3":"status-publish","5":"product_cat-t110","7":"first","8":"instock","9":"taxable","10":"shipping-taxable","11":"product-type-grouped"},"_links":{"self":[{"href":"https:\/\/www.nb.no\/sheet-music\/wp-json\/wp\/v2\/product\/138706","targetHints":{"allow":["GET"]}}],"collection":[{"href":"https:\/\/www.nb.no\/sheet-music\/wp-json\/wp\/v2\/product"}],"about":[{"href":"https:\/\/www.nb.no\/sheet-music\/wp-json\/wp\/v2\/types\/product"}],"wp:attachment":[{"href":"https:\/\/www.nb.no\/sheet-music\/wp-json\/wp\/v2\/media?parent=138706"}],"wp:term":[{"taxonomy":"product_brand","embeddable":true,"href":"https:\/\/www.nb.no\/sheet-music\/wp-json\/wp\/v2\/product_brand?post=138706"},{"taxonomy":"product_cat","embeddable":true,"href":"https:\/\/www.nb.no\/sheet-music\/wp-json\/wp\/v2\/product_cat?post=138706"},{"taxonomy":"product_tag","embeddable":true,"href":"https:\/\/www.nb.no\/sheet-music\/wp-json\/wp\/v2\/product_tag?post=138706"}],"curies":[{"name":"wp","href":"https:\/\/api.w.org\/{rel}","templated":true}]}}