{"id":136711,"date":"2020-04-07T05:38:30","date_gmt":"2020-04-07T03:38:30","guid":{"rendered":"https:\/\/www.nb.no\/sheet-music\/product\/baelthraek-for-obo-og-stryketrio\/"},"modified":"2026-02-18T05:44:39","modified_gmt":"2026-02-18T04:44:39","slug":"baelthraek-for-obo-og-stryketrio","status":"publish","type":"product","link":"https:\/\/www.nb.no\/sheet-music\/product\/baelthraek-for-obo-og-stryketrio\/","title":{"rendered":"B\u00e6l\u00fer\u00e6k &#8211; for obo og stryketrio"},"content":{"rendered":"","protected":false},"excerpt":{"rendered":"","protected":false},"featured_media":0,"template":"","meta":{"nb_hide_title":false,"nb_breadcrumb_title_override":""},"product_brand":[],"product_cat":[8082],"product_tag":[],"class_list":{"0":"post-136711","1":"product","2":"type-product","3":"status-publish","5":"product_cat-n300","7":"first","8":"instock","9":"taxable","10":"shipping-taxable","11":"product-type-grouped"},"_links":{"self":[{"href":"https:\/\/www.nb.no\/sheet-music\/wp-json\/wp\/v2\/product\/136711","targetHints":{"allow":["GET"]}}],"collection":[{"href":"https:\/\/www.nb.no\/sheet-music\/wp-json\/wp\/v2\/product"}],"about":[{"href":"https:\/\/www.nb.no\/sheet-music\/wp-json\/wp\/v2\/types\/product"}],"wp:attachment":[{"href":"https:\/\/www.nb.no\/sheet-music\/wp-json\/wp\/v2\/media?parent=136711"}],"wp:term":[{"taxonomy":"product_brand","embeddable":true,"href":"https:\/\/www.nb.no\/sheet-music\/wp-json\/wp\/v2\/product_brand?post=136711"},{"taxonomy":"product_cat","embeddable":true,"href":"https:\/\/www.nb.no\/sheet-music\/wp-json\/wp\/v2\/product_cat?post=136711"},{"taxonomy":"product_tag","embeddable":true,"href":"https:\/\/www.nb.no\/sheet-music\/wp-json\/wp\/v2\/product_tag?post=136711"}],"curies":[{"name":"wp","href":"https:\/\/api.w.org\/{rel}","templated":true}]}}