{"id":135155,"date":"2020-04-07T01:34:16","date_gmt":"2020-04-06T23:34:16","guid":{"rendered":"https:\/\/www.nb.no\/sheet-music\/product\/var-inte-radd-for-morkret\/"},"modified":"2026-02-05T22:38:15","modified_gmt":"2026-02-05T21:38:15","slug":"var-inte-radd-for-morkret-less2018greater","status":"publish","type":"product","link":"https:\/\/www.nb.no\/sheet-music\/product\/var-inte-radd-for-morkret-less2018greater\/","title":{"rendered":"Var inte r\u00e4dd f\u00f6r m\u00f8rkret"},"content":{"rendered":"","protected":false},"excerpt":{"rendered":"","protected":false},"featured_media":0,"template":"","meta":{"nb_hide_title":false,"nb_breadcrumb_title_override":""},"product_brand":[],"product_cat":[6905],"product_tag":[],"class_list":{"0":"post-135155","1":"product","2":"type-product","3":"status-publish","5":"product_cat-t210","7":"first","8":"instock","9":"taxable","10":"shipping-taxable","11":"product-type-simple"},"_links":{"self":[{"href":"https:\/\/www.nb.no\/sheet-music\/wp-json\/wp\/v2\/product\/135155","targetHints":{"allow":["GET"]}}],"collection":[{"href":"https:\/\/www.nb.no\/sheet-music\/wp-json\/wp\/v2\/product"}],"about":[{"href":"https:\/\/www.nb.no\/sheet-music\/wp-json\/wp\/v2\/types\/product"}],"wp:attachment":[{"href":"https:\/\/www.nb.no\/sheet-music\/wp-json\/wp\/v2\/media?parent=135155"}],"wp:term":[{"taxonomy":"product_brand","embeddable":true,"href":"https:\/\/www.nb.no\/sheet-music\/wp-json\/wp\/v2\/product_brand?post=135155"},{"taxonomy":"product_cat","embeddable":true,"href":"https:\/\/www.nb.no\/sheet-music\/wp-json\/wp\/v2\/product_cat?post=135155"},{"taxonomy":"product_tag","embeddable":true,"href":"https:\/\/www.nb.no\/sheet-music\/wp-json\/wp\/v2\/product_tag?post=135155"}],"curies":[{"name":"wp","href":"https:\/\/api.w.org\/{rel}","templated":true}]}}