{"id":128083,"date":"2020-04-07T01:08:53","date_gmt":"2020-04-06T23:08:53","guid":{"rendered":"https:\/\/www.nb.no\/sheet-music\/product\/suite-for-4-floyter-floyte-2-ogsa-piccolo-2-altfloyter-og-2-bassfloyter-op-146\/"},"modified":"2026-02-05T20:15:26","modified_gmt":"2026-02-05T19:15:26","slug":"suite-for-4-floyter-floyte-2-ogsa-piccolo-2-altfloyter-og-2-bassfloyter-op-146-less2010greater","status":"publish","type":"product","link":"https:\/\/www.nb.no\/sheet-music\/product\/suite-for-4-floyter-floyte-2-ogsa-piccolo-2-altfloyter-og-2-bassfloyter-op-146-less2010greater\/","title":{"rendered":"Suite &#8211; for 4 Fl\u00f8yter (Fl\u00f8yte 2 ogs\u00e5 Piccolo), 2 Altfl\u00f8yter og 2 Bassfl\u00f8yter, op. 146"},"content":{"rendered":"","protected":false},"excerpt":{"rendered":"","protected":false},"featured_media":0,"template":"","meta":{"nb_hide_title":false,"nb_breadcrumb_title_override":""},"product_brand":[],"product_cat":[8115],"product_tag":[],"class_list":{"0":"post-128083","1":"product","2":"type-product","3":"status-publish","5":"product_cat-k700","7":"first","8":"instock","9":"taxable","10":"shipping-taxable","11":"product-type-simple"},"_links":{"self":[{"href":"https:\/\/www.nb.no\/sheet-music\/wp-json\/wp\/v2\/product\/128083","targetHints":{"allow":["GET"]}}],"collection":[{"href":"https:\/\/www.nb.no\/sheet-music\/wp-json\/wp\/v2\/product"}],"about":[{"href":"https:\/\/www.nb.no\/sheet-music\/wp-json\/wp\/v2\/types\/product"}],"wp:attachment":[{"href":"https:\/\/www.nb.no\/sheet-music\/wp-json\/wp\/v2\/media?parent=128083"}],"wp:term":[{"taxonomy":"product_brand","embeddable":true,"href":"https:\/\/www.nb.no\/sheet-music\/wp-json\/wp\/v2\/product_brand?post=128083"},{"taxonomy":"product_cat","embeddable":true,"href":"https:\/\/www.nb.no\/sheet-music\/wp-json\/wp\/v2\/product_cat?post=128083"},{"taxonomy":"product_tag","embeddable":true,"href":"https:\/\/www.nb.no\/sheet-music\/wp-json\/wp\/v2\/product_tag?post=128083"}],"curies":[{"name":"wp","href":"https:\/\/api.w.org\/{rel}","templated":true}]}}