{"id":115916,"date":"2020-04-07T00:24:12","date_gmt":"2020-04-06T22:24:12","guid":{"rendered":"https:\/\/www.nb.no\/sheet-music\/product\/parts-for-transtromer-svit-op-52-c-for-en-sangrost-och-sinfonietta-kammarorkester\/"},"modified":"2026-02-05T15:19:23","modified_gmt":"2026-02-05T14:19:23","slug":"parts-for-transtromer-svit-op-52-c-for-en-sangrost-och-sinfonietta-kammarorkester-less1994greater","status":"publish","type":"product","link":"https:\/\/www.nb.no\/sheet-music\/product\/parts-for-transtromer-svit-op-52-c-for-en-sangrost-och-sinfonietta-kammarorkester-less1994greater\/","title":{"rendered":"<span class=\"product_title__prefix\">Parts for<\/span> Transtr\u00f6mer-svit, op. 52 c &#8211; f\u00f6r en s\u00e5ngr\u00f6st och sinfonietta (kammarorkester)"},"content":{"rendered":"","protected":false},"excerpt":{"rendered":"","protected":false},"featured_media":0,"template":"","meta":{"nb_hide_title":false,"nb_breadcrumb_title_override":""},"product_brand":[],"product_cat":[],"product_tag":[],"class_list":{"0":"post-115916","1":"product","2":"type-product","3":"status-publish","6":"first","7":"instock","8":"taxable","9":"shipping-taxable","10":"product-type-simple"},"_links":{"self":[{"href":"https:\/\/www.nb.no\/sheet-music\/wp-json\/wp\/v2\/product\/115916","targetHints":{"allow":["GET"]}}],"collection":[{"href":"https:\/\/www.nb.no\/sheet-music\/wp-json\/wp\/v2\/product"}],"about":[{"href":"https:\/\/www.nb.no\/sheet-music\/wp-json\/wp\/v2\/types\/product"}],"wp:attachment":[{"href":"https:\/\/www.nb.no\/sheet-music\/wp-json\/wp\/v2\/media?parent=115916"}],"wp:term":[{"taxonomy":"product_brand","embeddable":true,"href":"https:\/\/www.nb.no\/sheet-music\/wp-json\/wp\/v2\/product_brand?post=115916"},{"taxonomy":"product_cat","embeddable":true,"href":"https:\/\/www.nb.no\/sheet-music\/wp-json\/wp\/v2\/product_cat?post=115916"},{"taxonomy":"product_tag","embeddable":true,"href":"https:\/\/www.nb.no\/sheet-music\/wp-json\/wp\/v2\/product_tag?post=115916"}],"curies":[{"name":"wp","href":"https:\/\/api.w.org\/{rel}","templated":true}]}}