{"id":105426,"date":"2020-04-06T23:54:10","date_gmt":"2020-04-06T21:54:10","guid":{"rendered":"https:\/\/www.nb.no\/sheet-music\/product\/ein-katedral-for-kjaerleik-i-eit-notteskal-for-baryton-aktor-klarinett-fiolin-akkordion-kontrabass\/"},"modified":"2026-02-05T10:00:21","modified_gmt":"2026-02-05T09:00:21","slug":"ein-katedral-for-kjaerleik-i-eit-notteskal-for-baryton-aktor-klarinett-fiolin-akkordion-kontrabass","status":"publish","type":"product","link":"https:\/\/www.nb.no\/sheet-music\/product\/ein-katedral-for-kjaerleik-i-eit-notteskal-for-baryton-aktor-klarinett-fiolin-akkordion-kontrabass\/","title":{"rendered":"Ein katedral for kj\u00e6rleik i eit n\u00f8tteskal &#8211; For Baryton, akt\u00f8r, klarinett, fiolin, akkordion, kontrabass"},"content":{"rendered":"","protected":false},"excerpt":{"rendered":"","protected":false},"featured_media":0,"template":"","meta":{"nb_hide_title":false,"nb_breadcrumb_title_override":""},"product_brand":[],"product_cat":[6959,6847],"product_tag":[],"class_list":{"0":"post-105426","1":"product","2":"type-product","3":"status-publish","5":"product_cat-s80","6":"product_cat-s700","8":"first","9":"instock","10":"taxable","11":"shipping-taxable","12":"product-type-grouped"},"_links":{"self":[{"href":"https:\/\/www.nb.no\/sheet-music\/wp-json\/wp\/v2\/product\/105426","targetHints":{"allow":["GET"]}}],"collection":[{"href":"https:\/\/www.nb.no\/sheet-music\/wp-json\/wp\/v2\/product"}],"about":[{"href":"https:\/\/www.nb.no\/sheet-music\/wp-json\/wp\/v2\/types\/product"}],"wp:attachment":[{"href":"https:\/\/www.nb.no\/sheet-music\/wp-json\/wp\/v2\/media?parent=105426"}],"wp:term":[{"taxonomy":"product_brand","embeddable":true,"href":"https:\/\/www.nb.no\/sheet-music\/wp-json\/wp\/v2\/product_brand?post=105426"},{"taxonomy":"product_cat","embeddable":true,"href":"https:\/\/www.nb.no\/sheet-music\/wp-json\/wp\/v2\/product_cat?post=105426"},{"taxonomy":"product_tag","embeddable":true,"href":"https:\/\/www.nb.no\/sheet-music\/wp-json\/wp\/v2\/product_tag?post=105426"}],"curies":[{"name":"wp","href":"https:\/\/api.w.org\/{rel}","templated":true}]}}