{"id":105058,"date":"2020-04-06T23:52:57","date_gmt":"2020-04-06T21:52:57","guid":{"rendered":"https:\/\/www.nb.no\/sheet-music\/product\/die-glaserne-brucke-drei-lieder-fur-tenor-und-gitarre\/"},"modified":"2026-02-05T10:19:01","modified_gmt":"2026-02-05T09:19:01","slug":"die-glaserne-brucke-drei-lieder-fur-tenor-und-gitarre","status":"publish","type":"product","link":"https:\/\/www.nb.no\/sheet-music\/product\/die-glaserne-brucke-drei-lieder-fur-tenor-und-gitarre\/","title":{"rendered":"Die gl\u00e4serne Br\u00fccke &#8211; Drei Lieder f\u00fcr Tenor und Gitarre"},"content":{"rendered":"","protected":false},"excerpt":{"rendered":"","protected":false},"featured_media":0,"template":"","meta":{"nb_hide_title":false,"nb_breadcrumb_title_override":""},"product_brand":[],"product_cat":[7564],"product_tag":[],"class_list":{"0":"post-105058","1":"product","2":"type-product","3":"status-publish","5":"product_cat-s400","7":"first","8":"instock","9":"taxable","10":"shipping-taxable","11":"product-type-grouped"},"_links":{"self":[{"href":"https:\/\/www.nb.no\/sheet-music\/wp-json\/wp\/v2\/product\/105058","targetHints":{"allow":["GET"]}}],"collection":[{"href":"https:\/\/www.nb.no\/sheet-music\/wp-json\/wp\/v2\/product"}],"about":[{"href":"https:\/\/www.nb.no\/sheet-music\/wp-json\/wp\/v2\/types\/product"}],"wp:attachment":[{"href":"https:\/\/www.nb.no\/sheet-music\/wp-json\/wp\/v2\/media?parent=105058"}],"wp:term":[{"taxonomy":"product_brand","embeddable":true,"href":"https:\/\/www.nb.no\/sheet-music\/wp-json\/wp\/v2\/product_brand?post=105058"},{"taxonomy":"product_cat","embeddable":true,"href":"https:\/\/www.nb.no\/sheet-music\/wp-json\/wp\/v2\/product_cat?post=105058"},{"taxonomy":"product_tag","embeddable":true,"href":"https:\/\/www.nb.no\/sheet-music\/wp-json\/wp\/v2\/product_tag?post=105058"}],"curies":[{"name":"wp","href":"https:\/\/api.w.org\/{rel}","templated":true}]}}