{"id":104282,"date":"2020-04-06T23:50:48","date_gmt":"2020-04-06T21:50:48","guid":{"rendered":"https:\/\/www.nb.no\/sheet-music\/product\/djuren-i-stallet-en-jul-legend-av-britt-g-hallqvist-for-berattare-diskantkor-och-instrument-op-106\/"},"modified":"2026-02-05T08:55:38","modified_gmt":"2026-02-05T07:55:38","slug":"djuren-i-stallet-en-jul-legend-av-britt-g-hallqvist-for-berattare-diskantkor-och-instrument-op-106","status":"publish","type":"product","link":"https:\/\/www.nb.no\/sheet-music\/product\/djuren-i-stallet-en-jul-legend-av-britt-g-hallqvist-for-berattare-diskantkor-och-instrument-op-106\/","title":{"rendered":"Djuren i stallet &#8211; En jul-legend av Britt G. Hallqvist f\u00f6r ber\u00e4ttare, diskantk\u00f6r och instrument, op. 106"},"content":{"rendered":"","protected":false},"excerpt":{"rendered":"","protected":false},"featured_media":0,"template":"","meta":{"nb_hide_title":false,"nb_breadcrumb_title_override":""},"product_brand":[],"product_cat":[6671],"product_tag":[],"class_list":{"0":"post-104282","1":"product","2":"type-product","3":"status-publish","5":"product_cat-t400","7":"first","8":"instock","9":"taxable","10":"shipping-taxable","11":"product-type-grouped"},"_links":{"self":[{"href":"https:\/\/www.nb.no\/sheet-music\/wp-json\/wp\/v2\/product\/104282","targetHints":{"allow":["GET"]}}],"collection":[{"href":"https:\/\/www.nb.no\/sheet-music\/wp-json\/wp\/v2\/product"}],"about":[{"href":"https:\/\/www.nb.no\/sheet-music\/wp-json\/wp\/v2\/types\/product"}],"wp:attachment":[{"href":"https:\/\/www.nb.no\/sheet-music\/wp-json\/wp\/v2\/media?parent=104282"}],"wp:term":[{"taxonomy":"product_brand","embeddable":true,"href":"https:\/\/www.nb.no\/sheet-music\/wp-json\/wp\/v2\/product_brand?post=104282"},{"taxonomy":"product_cat","embeddable":true,"href":"https:\/\/www.nb.no\/sheet-music\/wp-json\/wp\/v2\/product_cat?post=104282"},{"taxonomy":"product_tag","embeddable":true,"href":"https:\/\/www.nb.no\/sheet-music\/wp-json\/wp\/v2\/product_tag?post=104282"}],"curies":[{"name":"wp","href":"https:\/\/api.w.org\/{rel}","templated":true}]}}