{"id":103228,"date":"2020-04-06T23:47:25","date_gmt":"2020-04-06T21:47:25","guid":{"rendered":"https:\/\/www.nb.no\/sheet-music\/product\/norwegische-rhapsodie-uber-motiven-fur-die-norwegische-bauernfidel-aufnotiert-von-arne-bjorndal-op-54\/"},"modified":"2026-02-05T09:42:07","modified_gmt":"2026-02-05T08:42:07","slug":"norwegische-rhapsodie-uber-motiven-fur-die-norwegische-bauernfidel-aufnotiert-von-arne-bjorndal-op-54","status":"publish","type":"product","link":"https:\/\/www.nb.no\/sheet-music\/product\/norwegische-rhapsodie-uber-motiven-fur-die-norwegische-bauernfidel-aufnotiert-von-arne-bjorndal-op-54\/","title":{"rendered":"Norwegische Rhapsodie \u00fcber Motiven f\u00fcr die Norwegische Bauernfidel aufnotiert von Arne Bj\u00f8rndal, op. 54"},"content":{"rendered":"","protected":false},"excerpt":{"rendered":"","protected":false},"featured_media":0,"template":"","meta":{"nb_hide_title":false,"nb_breadcrumb_title_override":""},"product_brand":[],"product_cat":[6971],"product_tag":[],"class_list":{"0":"post-103228","1":"product","2":"type-product","3":"status-publish","5":"product_cat-x1271","7":"first","8":"instock","9":"taxable","10":"shipping-taxable","11":"product-type-grouped"},"_links":{"self":[{"href":"https:\/\/www.nb.no\/sheet-music\/wp-json\/wp\/v2\/product\/103228","targetHints":{"allow":["GET"]}}],"collection":[{"href":"https:\/\/www.nb.no\/sheet-music\/wp-json\/wp\/v2\/product"}],"about":[{"href":"https:\/\/www.nb.no\/sheet-music\/wp-json\/wp\/v2\/types\/product"}],"wp:attachment":[{"href":"https:\/\/www.nb.no\/sheet-music\/wp-json\/wp\/v2\/media?parent=103228"}],"wp:term":[{"taxonomy":"product_brand","embeddable":true,"href":"https:\/\/www.nb.no\/sheet-music\/wp-json\/wp\/v2\/product_brand?post=103228"},{"taxonomy":"product_cat","embeddable":true,"href":"https:\/\/www.nb.no\/sheet-music\/wp-json\/wp\/v2\/product_cat?post=103228"},{"taxonomy":"product_tag","embeddable":true,"href":"https:\/\/www.nb.no\/sheet-music\/wp-json\/wp\/v2\/product_tag?post=103228"}],"curies":[{"name":"wp","href":"https:\/\/api.w.org\/{rel}","templated":true}]}}