{"id":99886,"date":"2020-04-06T14:09:00","date_gmt":"2020-04-06T12:09:00","guid":{"rendered":"https:\/\/www.nb.no\/noter2\/produkt\/les-trois-regenerations-op-16\/"},"modified":"2026-02-05T12:13:11","modified_gmt":"2026-02-05T11:13:11","slug":"les-trois-regenerations-op-16","status":"publish","type":"product","link":"https:\/\/www.nb.no\/noter\/produkt\/les-trois-regenerations-op-16\/","title":{"rendered":"Les trois r\u00e9g\u00e9n\u00e9rations, op. 16"},"content":{"rendered":"","protected":false},"excerpt":{"rendered":"","protected":false},"featured_media":0,"template":"","meta":{"nb_hide_title":false,"nb_breadcrumb_title_override":""},"product_brand":[],"product_cat":[5875,7630],"product_tag":[],"class_list":{"0":"post-99886","1":"product","2":"type-product","3":"status-publish","5":"product_cat-q322","6":"product_cat-n412","8":"first","9":"instock","10":"taxable","11":"shipping-taxable","12":"product-type-grouped"},"_links":{"self":[{"href":"https:\/\/www.nb.no\/noter\/wp-json\/wp\/v2\/product\/99886","targetHints":{"allow":["GET"]}}],"collection":[{"href":"https:\/\/www.nb.no\/noter\/wp-json\/wp\/v2\/product"}],"about":[{"href":"https:\/\/www.nb.no\/noter\/wp-json\/wp\/v2\/types\/product"}],"wp:attachment":[{"href":"https:\/\/www.nb.no\/noter\/wp-json\/wp\/v2\/media?parent=99886"}],"wp:term":[{"taxonomy":"product_brand","embeddable":true,"href":"https:\/\/www.nb.no\/noter\/wp-json\/wp\/v2\/product_brand?post=99886"},{"taxonomy":"product_cat","embeddable":true,"href":"https:\/\/www.nb.no\/noter\/wp-json\/wp\/v2\/product_cat?post=99886"},{"taxonomy":"product_tag","embeddable":true,"href":"https:\/\/www.nb.no\/noter\/wp-json\/wp\/v2\/product_tag?post=99886"}],"curies":[{"name":"wp","href":"https:\/\/api.w.org\/{rel}","templated":true}]}}