{"id":99078,"date":"2020-04-06T14:04:23","date_gmt":"2020-04-06T12:04:23","guid":{"rendered":"https:\/\/www.nb.no\/noter2\/produkt\/lilja-ord-um-kjaerleik-fra-hogsongen-op-61\/"},"modified":"2026-02-05T11:36:09","modified_gmt":"2026-02-05T10:36:09","slug":"lilja-ord-um-kjaerleik-fra-hogsongen-op-61","status":"publish","type":"product","link":"https:\/\/www.nb.no\/noter\/produkt\/lilja-ord-um-kjaerleik-fra-hogsongen-op-61\/","title":{"rendered":"Lilja &#8211; Ord um kj\u00e6rleik fr\u00e5 h\u00f8gsongen, op. 61"},"content":{"rendered":"","protected":false},"excerpt":{"rendered":"","protected":false},"featured_media":0,"template":"","meta":{"nb_hide_title":false,"nb_breadcrumb_title_override":""},"product_brand":[],"product_cat":[5813],"product_tag":[],"class_list":{"0":"post-99078","1":"product","2":"type-product","3":"status-publish","5":"product_cat-x60","7":"first","8":"instock","9":"taxable","10":"shipping-taxable","11":"product-type-grouped"},"_links":{"self":[{"href":"https:\/\/www.nb.no\/noter\/wp-json\/wp\/v2\/product\/99078","targetHints":{"allow":["GET"]}}],"collection":[{"href":"https:\/\/www.nb.no\/noter\/wp-json\/wp\/v2\/product"}],"about":[{"href":"https:\/\/www.nb.no\/noter\/wp-json\/wp\/v2\/types\/product"}],"wp:attachment":[{"href":"https:\/\/www.nb.no\/noter\/wp-json\/wp\/v2\/media?parent=99078"}],"wp:term":[{"taxonomy":"product_brand","embeddable":true,"href":"https:\/\/www.nb.no\/noter\/wp-json\/wp\/v2\/product_brand?post=99078"},{"taxonomy":"product_cat","embeddable":true,"href":"https:\/\/www.nb.no\/noter\/wp-json\/wp\/v2\/product_cat?post=99078"},{"taxonomy":"product_tag","embeddable":true,"href":"https:\/\/www.nb.no\/noter\/wp-json\/wp\/v2\/product_tag?post=99078"}],"curies":[{"name":"wp","href":"https:\/\/api.w.org\/{rel}","templated":true}]}}