{"id":98362,"date":"2020-04-06T14:00:43","date_gmt":"2020-04-06T12:00:43","guid":{"rendered":"https:\/\/www.nb.no\/noter2\/produkt\/drommen-og-traden-musikkdramatisk-collage-over-tekster-av-jens-bjorneboe-for-4-sangere-og-et-kammerensemble\/"},"modified":"2026-02-05T10:58:18","modified_gmt":"2026-02-05T09:58:18","slug":"drommen-og-traden-musikkdramatisk-collage-over-tekster-av-jens-bjorneboe-for-4-sangere-og-et-kammerensemble","status":"publish","type":"product","link":"https:\/\/www.nb.no\/noter\/produkt\/drommen-og-traden-musikkdramatisk-collage-over-tekster-av-jens-bjorneboe-for-4-sangere-og-et-kammerensemble\/","title":{"rendered":"Dr\u00f8mmen og tr\u00e5den &#8211; Musikkdramatisk collage over tekster av Jens Bj\u00f8rneboe for 4 sangere og et kammerensemble"},"content":{"rendered":"","protected":false},"excerpt":{"rendered":"","protected":false},"featured_media":0,"template":"","meta":{"nb_hide_title":false,"nb_breadcrumb_title_override":""},"product_brand":[],"product_cat":[5910],"product_tag":[],"class_list":{"0":"post-98362","1":"product","2":"type-product","3":"status-publish","5":"product_cat-x71","7":"first","8":"instock","9":"taxable","10":"shipping-taxable","11":"product-type-grouped"},"_links":{"self":[{"href":"https:\/\/www.nb.no\/noter\/wp-json\/wp\/v2\/product\/98362","targetHints":{"allow":["GET"]}}],"collection":[{"href":"https:\/\/www.nb.no\/noter\/wp-json\/wp\/v2\/product"}],"about":[{"href":"https:\/\/www.nb.no\/noter\/wp-json\/wp\/v2\/types\/product"}],"wp:attachment":[{"href":"https:\/\/www.nb.no\/noter\/wp-json\/wp\/v2\/media?parent=98362"}],"wp:term":[{"taxonomy":"product_brand","embeddable":true,"href":"https:\/\/www.nb.no\/noter\/wp-json\/wp\/v2\/product_brand?post=98362"},{"taxonomy":"product_cat","embeddable":true,"href":"https:\/\/www.nb.no\/noter\/wp-json\/wp\/v2\/product_cat?post=98362"},{"taxonomy":"product_tag","embeddable":true,"href":"https:\/\/www.nb.no\/noter\/wp-json\/wp\/v2\/product_tag?post=98362"}],"curies":[{"name":"wp","href":"https:\/\/api.w.org\/{rel}","templated":true}]}}