{"id":96789,"date":"2020-04-06T13:53:23","date_gmt":"2020-04-06T11:53:23","guid":{"rendered":"https:\/\/www.nb.no\/noter2\/produkt\/epilogue-hommage-a-la-memoire-dun-monde-perdu-in-commemoration-to-the-deed-of-infamy-13th-of-august-1961-berlin-le-mur-de-berlin-version-pour-quatuor-a-cordes-op-26-b\/"},"modified":"2026-02-06T17:59:42","modified_gmt":"2026-02-06T16:59:42","slug":"epilogue-hommage-a-la-memoire-dun-monde-perdu-in-commemoration-to-the-deed-of-infamy-13th-of-august-1961-berlin-le-mur-de-berlin-version-pour-quatuor-a-cordes-op-26-b","status":"publish","type":"product","link":"https:\/\/www.nb.no\/noter\/produkt\/epilogue-hommage-a-la-memoire-dun-monde-perdu-in-commemoration-to-the-deed-of-infamy-13th-of-august-1961-berlin-le-mur-de-berlin-version-pour-quatuor-a-cordes-op-26-b\/","title":{"rendered":"\u00c9pilogue &#8211; Hommage \u00e0 la m\u00e9moire d&#x27;un Monde Perdu"},"content":{"rendered":"","protected":false},"excerpt":{"rendered":"","protected":false},"featured_media":0,"template":"","meta":{"nb_hide_title":false,"nb_breadcrumb_title_override":""},"product_brand":[],"product_cat":[10504],"product_tag":[],"class_list":{"0":"post-96789","1":"product","2":"type-product","3":"status-publish","5":"product_cat-f3110","7":"first","8":"instock","9":"taxable","10":"shipping-taxable","11":"product-type-grouped"},"_links":{"self":[{"href":"https:\/\/www.nb.no\/noter\/wp-json\/wp\/v2\/product\/96789","targetHints":{"allow":["GET"]}}],"collection":[{"href":"https:\/\/www.nb.no\/noter\/wp-json\/wp\/v2\/product"}],"about":[{"href":"https:\/\/www.nb.no\/noter\/wp-json\/wp\/v2\/types\/product"}],"wp:attachment":[{"href":"https:\/\/www.nb.no\/noter\/wp-json\/wp\/v2\/media?parent=96789"}],"wp:term":[{"taxonomy":"product_brand","embeddable":true,"href":"https:\/\/www.nb.no\/noter\/wp-json\/wp\/v2\/product_brand?post=96789"},{"taxonomy":"product_cat","embeddable":true,"href":"https:\/\/www.nb.no\/noter\/wp-json\/wp\/v2\/product_cat?post=96789"},{"taxonomy":"product_tag","embeddable":true,"href":"https:\/\/www.nb.no\/noter\/wp-json\/wp\/v2\/product_tag?post=96789"}],"curies":[{"name":"wp","href":"https:\/\/api.w.org\/{rel}","templated":true}]}}