{"id":95542,"date":"2020-04-06T13:47:52","date_gmt":"2020-04-06T11:47:52","guid":{"rendered":"https:\/\/www.nb.no\/noter2\/produkt\/pa-valasjoen-op-14-nr-1-b\/"},"modified":"2026-02-06T17:11:42","modified_gmt":"2026-02-06T16:11:42","slug":"pa-valasjoen-op-14-nr-1-b","status":"publish","type":"product","link":"https:\/\/www.nb.no\/noter\/produkt\/pa-valasjoen-op-14-nr-1-b\/","title":{"rendered":"P\u00e5 V\u00e5l\u00e5sj\u00f8en, op. 14 nr. 1 B"},"content":{"rendered":"","protected":false},"excerpt":{"rendered":"","protected":false},"featured_media":0,"template":"","meta":{"nb_hide_title":false,"nb_breadcrumb_title_override":""},"product_brand":[],"product_cat":[5810],"product_tag":[],"class_list":{"0":"post-95542","1":"product","2":"type-product","3":"status-publish","5":"product_cat-x30","7":"first","8":"instock","9":"taxable","10":"shipping-taxable","11":"product-type-grouped"},"_links":{"self":[{"href":"https:\/\/www.nb.no\/noter\/wp-json\/wp\/v2\/product\/95542","targetHints":{"allow":["GET"]}}],"collection":[{"href":"https:\/\/www.nb.no\/noter\/wp-json\/wp\/v2\/product"}],"about":[{"href":"https:\/\/www.nb.no\/noter\/wp-json\/wp\/v2\/types\/product"}],"wp:attachment":[{"href":"https:\/\/www.nb.no\/noter\/wp-json\/wp\/v2\/media?parent=95542"}],"wp:term":[{"taxonomy":"product_brand","embeddable":true,"href":"https:\/\/www.nb.no\/noter\/wp-json\/wp\/v2\/product_brand?post=95542"},{"taxonomy":"product_cat","embeddable":true,"href":"https:\/\/www.nb.no\/noter\/wp-json\/wp\/v2\/product_cat?post=95542"},{"taxonomy":"product_tag","embeddable":true,"href":"https:\/\/www.nb.no\/noter\/wp-json\/wp\/v2\/product_tag?post=95542"}],"curies":[{"name":"wp","href":"https:\/\/api.w.org\/{rel}","templated":true}]}}