{"id":95518,"date":"2020-04-06T13:47:45","date_gmt":"2020-04-06T11:47:45","guid":{"rendered":"https:\/\/www.nb.no\/noter2\/produkt\/tordenskioldiana-halvtress-mater-a-springe-i-sjoen-pa-op-39\/"},"modified":"2026-02-06T16:54:58","modified_gmt":"2026-02-06T15:54:58","slug":"tordenskioldiana-halvtress-mater-a-springe-i-sjoen-pa-op-39","status":"publish","type":"product","link":"https:\/\/www.nb.no\/noter\/produkt\/tordenskioldiana-halvtress-mater-a-springe-i-sjoen-pa-op-39\/","title":{"rendered":"Tordenskioldiana &#8211; Halvtress m\u00e5ter \u00e5 springe i sj\u00f8en p\u00e5, op. 39"},"content":{"rendered":"","protected":false},"excerpt":{"rendered":"","protected":false},"featured_media":0,"template":"","meta":{"nb_hide_title":false,"nb_breadcrumb_title_override":""},"product_brand":[],"product_cat":[5846],"product_tag":[],"class_list":{"0":"post-95518","1":"product","2":"type-product","3":"status-publish","5":"product_cat-x1271","7":"first","8":"instock","9":"taxable","10":"shipping-taxable","11":"product-type-grouped"},"_links":{"self":[{"href":"https:\/\/www.nb.no\/noter\/wp-json\/wp\/v2\/product\/95518","targetHints":{"allow":["GET"]}}],"collection":[{"href":"https:\/\/www.nb.no\/noter\/wp-json\/wp\/v2\/product"}],"about":[{"href":"https:\/\/www.nb.no\/noter\/wp-json\/wp\/v2\/types\/product"}],"wp:attachment":[{"href":"https:\/\/www.nb.no\/noter\/wp-json\/wp\/v2\/media?parent=95518"}],"wp:term":[{"taxonomy":"product_brand","embeddable":true,"href":"https:\/\/www.nb.no\/noter\/wp-json\/wp\/v2\/product_brand?post=95518"},{"taxonomy":"product_cat","embeddable":true,"href":"https:\/\/www.nb.no\/noter\/wp-json\/wp\/v2\/product_cat?post=95518"},{"taxonomy":"product_tag","embeddable":true,"href":"https:\/\/www.nb.no\/noter\/wp-json\/wp\/v2\/product_tag?post=95518"}],"curies":[{"name":"wp","href":"https:\/\/api.w.org\/{rel}","templated":true}]}}