{"id":95287,"date":"2020-04-06T13:46:44","date_gmt":"2020-04-06T11:46:44","guid":{"rendered":"https:\/\/www.nb.no\/noter2\/produkt\/djuren-i-stallet-en-jul-legend-av-britt-g-hallqvist-for-berattare-diskantkor-och-instrument-op-106\/"},"modified":"2026-02-06T16:48:14","modified_gmt":"2026-02-06T15:48:14","slug":"djuren-i-stallet-en-jul-legend-av-britt-g-hallqvist-for-berattare-diskantkor-och-instrument-op-106","status":"publish","type":"product","link":"https:\/\/www.nb.no\/noter\/produkt\/djuren-i-stallet-en-jul-legend-av-britt-g-hallqvist-for-berattare-diskantkor-och-instrument-op-106\/","title":{"rendered":"Djuren i stallet &#8211; En jul-legend av Britt G. Hallqvist f\u00f6r ber\u00e4ttare, diskantk\u00f6r och instrument, op. 106"},"content":{"rendered":"","protected":false},"excerpt":{"rendered":"","protected":false},"featured_media":0,"template":"","meta":{"nb_hide_title":false,"nb_breadcrumb_title_override":""},"product_brand":[],"product_cat":[5560],"product_tag":[],"class_list":{"0":"post-95287","1":"product","2":"type-product","3":"status-publish","5":"product_cat-t400","7":"first","8":"instock","9":"taxable","10":"shipping-taxable","11":"product-type-grouped"},"_links":{"self":[{"href":"https:\/\/www.nb.no\/noter\/wp-json\/wp\/v2\/product\/95287","targetHints":{"allow":["GET"]}}],"collection":[{"href":"https:\/\/www.nb.no\/noter\/wp-json\/wp\/v2\/product"}],"about":[{"href":"https:\/\/www.nb.no\/noter\/wp-json\/wp\/v2\/types\/product"}],"wp:attachment":[{"href":"https:\/\/www.nb.no\/noter\/wp-json\/wp\/v2\/media?parent=95287"}],"wp:term":[{"taxonomy":"product_brand","embeddable":true,"href":"https:\/\/www.nb.no\/noter\/wp-json\/wp\/v2\/product_brand?post=95287"},{"taxonomy":"product_cat","embeddable":true,"href":"https:\/\/www.nb.no\/noter\/wp-json\/wp\/v2\/product_cat?post=95287"},{"taxonomy":"product_tag","embeddable":true,"href":"https:\/\/www.nb.no\/noter\/wp-json\/wp\/v2\/product_tag?post=95287"}],"curies":[{"name":"wp","href":"https:\/\/api.w.org\/{rel}","templated":true}]}}