{"id":95184,"date":"2020-04-06T13:46:16","date_gmt":"2020-04-06T11:46:16","guid":{"rendered":"https:\/\/www.nb.no\/noter2\/produkt\/la-ceremonie-du-kuarup-for-kammarkor-basflojter-och-slagverk\/"},"modified":"2026-02-06T16:52:21","modified_gmt":"2026-02-06T15:52:21","slug":"la-ceremonie-du-kuarup-for-kammarkor-basflojter-och-slagverk","status":"publish","type":"product","link":"https:\/\/www.nb.no\/noter\/produkt\/la-ceremonie-du-kuarup-for-kammarkor-basflojter-och-slagverk\/","title":{"rendered":"La C\u00e9r\u00e9monie du Kuarup &#8211; F\u00f6r kammark\u00f6r, basfl\u00f8jter och slagverk"},"content":{"rendered":"","protected":false},"excerpt":{"rendered":"","protected":false},"featured_media":0,"template":"","meta":{"nb_hide_title":false,"nb_breadcrumb_title_override":""},"product_brand":[],"product_cat":[5712],"product_tag":[],"class_list":{"0":"post-95184","1":"product","2":"type-product","3":"status-publish","5":"product_cat-t430","7":"first","8":"instock","9":"taxable","10":"shipping-taxable","11":"product-type-grouped"},"_links":{"self":[{"href":"https:\/\/www.nb.no\/noter\/wp-json\/wp\/v2\/product\/95184","targetHints":{"allow":["GET"]}}],"collection":[{"href":"https:\/\/www.nb.no\/noter\/wp-json\/wp\/v2\/product"}],"about":[{"href":"https:\/\/www.nb.no\/noter\/wp-json\/wp\/v2\/types\/product"}],"wp:attachment":[{"href":"https:\/\/www.nb.no\/noter\/wp-json\/wp\/v2\/media?parent=95184"}],"wp:term":[{"taxonomy":"product_brand","embeddable":true,"href":"https:\/\/www.nb.no\/noter\/wp-json\/wp\/v2\/product_brand?post=95184"},{"taxonomy":"product_cat","embeddable":true,"href":"https:\/\/www.nb.no\/noter\/wp-json\/wp\/v2\/product_cat?post=95184"},{"taxonomy":"product_tag","embeddable":true,"href":"https:\/\/www.nb.no\/noter\/wp-json\/wp\/v2\/product_tag?post=95184"}],"curies":[{"name":"wp","href":"https:\/\/api.w.org\/{rel}","templated":true}]}}