{"id":59055,"date":"2020-04-06T11:21:18","date_gmt":"2020-04-06T09:21:18","guid":{"rendered":"https:\/\/www.nb.no\/noter2\/produkt\/stemmer-til-pa-valasjoen-op-14-nr-1-b\/"},"modified":"2026-02-06T17:11:44","modified_gmt":"2026-02-06T16:11:44","slug":"stemmer-til-pa-valasjoen-op-14-nr-1-b","status":"publish","type":"product","link":"https:\/\/www.nb.no\/noter\/produkt\/stemmer-til-pa-valasjoen-op-14-nr-1-b\/","title":{"rendered":"<span class=\"product_title__prefix\">Stemmer til<\/span> P\u00e5 V\u00e5l\u00e5sj\u00f8en, op. 14 nr. 1 B"},"content":{"rendered":"","protected":false},"excerpt":{"rendered":"","protected":false},"featured_media":0,"template":"","meta":{"nb_hide_title":false,"nb_breadcrumb_title_override":""},"product_brand":[],"product_cat":[],"product_tag":[],"class_list":{"0":"post-59055","1":"product","2":"type-product","3":"status-publish","6":"first","7":"instock","8":"taxable","9":"shipping-taxable","10":"product-type-simple"},"_links":{"self":[{"href":"https:\/\/www.nb.no\/noter\/wp-json\/wp\/v2\/product\/59055","targetHints":{"allow":["GET"]}}],"collection":[{"href":"https:\/\/www.nb.no\/noter\/wp-json\/wp\/v2\/product"}],"about":[{"href":"https:\/\/www.nb.no\/noter\/wp-json\/wp\/v2\/types\/product"}],"wp:attachment":[{"href":"https:\/\/www.nb.no\/noter\/wp-json\/wp\/v2\/media?parent=59055"}],"wp:term":[{"taxonomy":"product_brand","embeddable":true,"href":"https:\/\/www.nb.no\/noter\/wp-json\/wp\/v2\/product_brand?post=59055"},{"taxonomy":"product_cat","embeddable":true,"href":"https:\/\/www.nb.no\/noter\/wp-json\/wp\/v2\/product_cat?post=59055"},{"taxonomy":"product_tag","embeddable":true,"href":"https:\/\/www.nb.no\/noter\/wp-json\/wp\/v2\/product_tag?post=59055"}],"curies":[{"name":"wp","href":"https:\/\/api.w.org\/{rel}","templated":true}]}}