{"id":58239,"date":"2020-04-06T11:18:45","date_gmt":"2020-04-06T09:18:45","guid":{"rendered":"https:\/\/www.nb.no\/noter2\/produkt\/stemmer-til-tordenskioldiana-halvtress-mater-a-springe-i-sjoen-pa-op-39\/"},"modified":"2026-02-06T16:55:00","modified_gmt":"2026-02-06T15:55:00","slug":"stemmer-til-tordenskioldiana-halvtress-mater-a-springe-i-sjoen-pa-op-39","status":"publish","type":"product","link":"https:\/\/www.nb.no\/noter\/produkt\/stemmer-til-tordenskioldiana-halvtress-mater-a-springe-i-sjoen-pa-op-39\/","title":{"rendered":"<span class=\"product_title__prefix\">Stemmer til<\/span> Tordenskioldiana &#8211; Halvtress m\u00e5ter \u00e5 springe i sj\u00f8en p\u00e5, op. 39"},"content":{"rendered":"","protected":false},"excerpt":{"rendered":"","protected":false},"featured_media":0,"template":"","meta":{"nb_hide_title":false,"nb_breadcrumb_title_override":""},"product_brand":[],"product_cat":[],"product_tag":[],"class_list":{"0":"post-58239","1":"product","2":"type-product","3":"status-publish","6":"first","7":"instock","8":"taxable","9":"shipping-taxable","10":"product-type-simple"},"_links":{"self":[{"href":"https:\/\/www.nb.no\/noter\/wp-json\/wp\/v2\/product\/58239","targetHints":{"allow":["GET"]}}],"collection":[{"href":"https:\/\/www.nb.no\/noter\/wp-json\/wp\/v2\/product"}],"about":[{"href":"https:\/\/www.nb.no\/noter\/wp-json\/wp\/v2\/types\/product"}],"wp:attachment":[{"href":"https:\/\/www.nb.no\/noter\/wp-json\/wp\/v2\/media?parent=58239"}],"wp:term":[{"taxonomy":"product_brand","embeddable":true,"href":"https:\/\/www.nb.no\/noter\/wp-json\/wp\/v2\/product_brand?post=58239"},{"taxonomy":"product_cat","embeddable":true,"href":"https:\/\/www.nb.no\/noter\/wp-json\/wp\/v2\/product_cat?post=58239"},{"taxonomy":"product_tag","embeddable":true,"href":"https:\/\/www.nb.no\/noter\/wp-json\/wp\/v2\/product_tag?post=58239"}],"curies":[{"name":"wp","href":"https:\/\/api.w.org\/{rel}","templated":true}]}}