{"id":56849,"date":"2020-04-06T10:53:15","date_gmt":"2020-04-06T08:53:15","guid":{"rendered":"https:\/\/www.nb.no\/noter2\/produkt\/stemmer-til-den-som-bygger-pa-stein-basert-pa-en-rundvals-fra-osterdal\/"},"modified":"2026-02-06T16:25:56","modified_gmt":"2026-02-06T15:25:56","slug":"stemmer-til-den-som-bygger-pa-stein-basert-pa-en-rundvals-fra-osterdal","status":"publish","type":"product","link":"https:\/\/www.nb.no\/noter\/produkt\/stemmer-til-den-som-bygger-pa-stein-basert-pa-en-rundvals-fra-osterdal\/","title":{"rendered":"<span class=\"product_title__prefix\">Stemmer til<\/span> Den som bygger p\u00e5 stein &#8211; Basert p\u00e5 en rundvals fra \u00d8sterdal"},"content":{"rendered":"","protected":false},"excerpt":{"rendered":"","protected":false},"featured_media":0,"template":"","meta":{"nb_hide_title":false,"nb_breadcrumb_title_override":""},"product_brand":[],"product_cat":[],"product_tag":[],"class_list":{"0":"post-56849","1":"product","2":"type-product","3":"status-publish","6":"first","7":"instock","8":"taxable","9":"shipping-taxable","10":"product-type-simple"},"_links":{"self":[{"href":"https:\/\/www.nb.no\/noter\/wp-json\/wp\/v2\/product\/56849","targetHints":{"allow":["GET"]}}],"collection":[{"href":"https:\/\/www.nb.no\/noter\/wp-json\/wp\/v2\/product"}],"about":[{"href":"https:\/\/www.nb.no\/noter\/wp-json\/wp\/v2\/types\/product"}],"wp:attachment":[{"href":"https:\/\/www.nb.no\/noter\/wp-json\/wp\/v2\/media?parent=56849"}],"wp:term":[{"taxonomy":"product_brand","embeddable":true,"href":"https:\/\/www.nb.no\/noter\/wp-json\/wp\/v2\/product_brand?post=56849"},{"taxonomy":"product_cat","embeddable":true,"href":"https:\/\/www.nb.no\/noter\/wp-json\/wp\/v2\/product_cat?post=56849"},{"taxonomy":"product_tag","embeddable":true,"href":"https:\/\/www.nb.no\/noter\/wp-json\/wp\/v2\/product_tag?post=56849"}],"curies":[{"name":"wp","href":"https:\/\/api.w.org\/{rel}","templated":true}]}}