{"id":146183,"date":"2024-10-23T12:00:49","date_gmt":"2024-10-23T10:00:49","guid":{"rendered":"https:\/\/www.nb.no\/noter\/produkt\/sanger-om-klimatet-for-barnkor\/"},"modified":"2026-02-05T23:25:49","modified_gmt":"2026-02-05T22:25:49","slug":"sanger-om-klimatet-for-barnkor","status":"publish","type":"product","link":"https:\/\/www.nb.no\/noter\/produkt\/sanger-om-klimatet-for-barnkor\/","title":{"rendered":"S\u00e5nger om klimatet &#8211; f\u00f6r barnk\u00f6r"},"content":{"rendered":"","protected":false},"excerpt":{"rendered":"","protected":false},"featured_media":0,"template":"","meta":{"nb_hide_title":false,"nb_breadcrumb_title_override":""},"product_brand":[],"product_cat":[6023],"product_tag":[],"class_list":{"0":"post-146183","1":"product","2":"type-product","3":"status-publish","5":"product_cat-t200","7":"first","8":"instock","9":"taxable","10":"shipping-taxable","11":"product-type-grouped"},"_links":{"self":[{"href":"https:\/\/www.nb.no\/noter\/wp-json\/wp\/v2\/product\/146183","targetHints":{"allow":["GET"]}}],"collection":[{"href":"https:\/\/www.nb.no\/noter\/wp-json\/wp\/v2\/product"}],"about":[{"href":"https:\/\/www.nb.no\/noter\/wp-json\/wp\/v2\/types\/product"}],"wp:attachment":[{"href":"https:\/\/www.nb.no\/noter\/wp-json\/wp\/v2\/media?parent=146183"}],"wp:term":[{"taxonomy":"product_brand","embeddable":true,"href":"https:\/\/www.nb.no\/noter\/wp-json\/wp\/v2\/product_brand?post=146183"},{"taxonomy":"product_cat","embeddable":true,"href":"https:\/\/www.nb.no\/noter\/wp-json\/wp\/v2\/product_cat?post=146183"},{"taxonomy":"product_tag","embeddable":true,"href":"https:\/\/www.nb.no\/noter\/wp-json\/wp\/v2\/product_tag?post=146183"}],"curies":[{"name":"wp","href":"https:\/\/api.w.org\/{rel}","templated":true}]}}