{"id":131330,"date":"2024-04-29T12:00:47","date_gmt":"2024-04-29T10:00:47","guid":{"rendered":"https:\/\/www.nb.no\/noter\/produkt\/varkantate-til-laererorkesteret-pa-steinerskolen\/"},"modified":"2026-02-05T23:18:14","modified_gmt":"2026-02-05T22:18:14","slug":"varkantate-til-laererorkesteret-pa-steinerskolen","status":"publish","type":"product","link":"https:\/\/www.nb.no\/noter\/produkt\/varkantate-til-laererorkesteret-pa-steinerskolen\/","title":{"rendered":"V\u00e5rkantate &#8211; Til l\u00e6rerorkesteret p\u00e5 Steinerskolen"},"content":{"rendered":"","protected":false},"excerpt":{"rendered":"","protected":false},"featured_media":0,"template":"","meta":{"nb_hide_title":false,"nb_breadcrumb_title_override":""},"product_brand":[],"product_cat":[5810],"product_tag":[],"class_list":{"0":"post-131330","1":"product","2":"type-product","3":"status-publish","5":"product_cat-x30","7":"first","8":"instock","9":"taxable","10":"shipping-taxable","11":"product-type-grouped"},"_links":{"self":[{"href":"https:\/\/www.nb.no\/noter\/wp-json\/wp\/v2\/product\/131330","targetHints":{"allow":["GET"]}}],"collection":[{"href":"https:\/\/www.nb.no\/noter\/wp-json\/wp\/v2\/product"}],"about":[{"href":"https:\/\/www.nb.no\/noter\/wp-json\/wp\/v2\/types\/product"}],"wp:attachment":[{"href":"https:\/\/www.nb.no\/noter\/wp-json\/wp\/v2\/media?parent=131330"}],"wp:term":[{"taxonomy":"product_brand","embeddable":true,"href":"https:\/\/www.nb.no\/noter\/wp-json\/wp\/v2\/product_brand?post=131330"},{"taxonomy":"product_cat","embeddable":true,"href":"https:\/\/www.nb.no\/noter\/wp-json\/wp\/v2\/product_cat?post=131330"},{"taxonomy":"product_tag","embeddable":true,"href":"https:\/\/www.nb.no\/noter\/wp-json\/wp\/v2\/product_tag?post=131330"}],"curies":[{"name":"wp","href":"https:\/\/api.w.org\/{rel}","templated":true}]}}