{"id":122803,"date":"2023-05-26T12:00:41","date_gmt":"2023-05-26T10:00:41","guid":{"rendered":"https:\/\/www.nb.no\/noter\/produkt\/sorlandet-der-driver-lig-mod-strand-remix-av-blt-gjor-abg-gjor-vh\/"},"modified":"2026-02-05T23:02:54","modified_gmt":"2026-02-05T22:02:54","slug":"sorlandet-der-driver-lig-mod-strande-remix-av-blt-gjor-abg-gjor-vh","status":"publish","type":"product","link":"https:\/\/www.nb.no\/noter\/produkt\/sorlandet-der-driver-lig-mod-strande-remix-av-blt-gjor-abg-gjor-vh\/","title":{"rendered":"S\u00f8rlandet!  &#8211; Der driver lig mod strande &#8211; (Remix av BLT gj\u00f8r ABG gj\u00f8r VH)"},"content":{"rendered":"","protected":false},"excerpt":{"rendered":"","protected":false},"featured_media":0,"template":"","meta":{"nb_hide_title":false,"nb_breadcrumb_title_override":""},"product_brand":[],"product_cat":[5543],"product_tag":[],"class_list":{"0":"post-122803","1":"product","2":"type-product","3":"status-publish","5":"product_cat-t130","7":"first","8":"instock","9":"taxable","10":"shipping-taxable","11":"product-type-grouped"},"_links":{"self":[{"href":"https:\/\/www.nb.no\/noter\/wp-json\/wp\/v2\/product\/122803","targetHints":{"allow":["GET"]}}],"collection":[{"href":"https:\/\/www.nb.no\/noter\/wp-json\/wp\/v2\/product"}],"about":[{"href":"https:\/\/www.nb.no\/noter\/wp-json\/wp\/v2\/types\/product"}],"wp:attachment":[{"href":"https:\/\/www.nb.no\/noter\/wp-json\/wp\/v2\/media?parent=122803"}],"wp:term":[{"taxonomy":"product_brand","embeddable":true,"href":"https:\/\/www.nb.no\/noter\/wp-json\/wp\/v2\/product_brand?post=122803"},{"taxonomy":"product_cat","embeddable":true,"href":"https:\/\/www.nb.no\/noter\/wp-json\/wp\/v2\/product_cat?post=122803"},{"taxonomy":"product_tag","embeddable":true,"href":"https:\/\/www.nb.no\/noter\/wp-json\/wp\/v2\/product_tag?post=122803"}],"curies":[{"name":"wp","href":"https:\/\/api.w.org\/{rel}","templated":true}]}}