{"id":112109,"date":"2020-04-06T15:10:57","date_gmt":"2020-04-06T13:10:57","guid":{"rendered":"https:\/\/www.nb.no\/noter2\/produkt\/baelthraek-for-obo-og-stryketrio\/"},"modified":"2026-02-18T05:13:36","modified_gmt":"2026-02-18T04:13:36","slug":"baelthraek-for-obo-og-stryketrio","status":"publish","type":"product","link":"https:\/\/www.nb.no\/noter\/produkt\/baelthraek-for-obo-og-stryketrio\/","title":{"rendered":"B\u00e6l\u00fer\u00e6k &#8211; for obo og stryketrio"},"content":{"rendered":"","protected":false},"excerpt":{"rendered":"","protected":false},"featured_media":0,"template":"","meta":{"nb_hide_title":false,"nb_breadcrumb_title_override":""},"product_brand":[],"product_cat":[6994],"product_tag":[],"class_list":{"0":"post-112109","1":"product","2":"type-product","3":"status-publish","5":"product_cat-n300","7":"first","8":"instock","9":"taxable","10":"shipping-taxable","11":"product-type-grouped"},"_links":{"self":[{"href":"https:\/\/www.nb.no\/noter\/wp-json\/wp\/v2\/product\/112109","targetHints":{"allow":["GET"]}}],"collection":[{"href":"https:\/\/www.nb.no\/noter\/wp-json\/wp\/v2\/product"}],"about":[{"href":"https:\/\/www.nb.no\/noter\/wp-json\/wp\/v2\/types\/product"}],"wp:attachment":[{"href":"https:\/\/www.nb.no\/noter\/wp-json\/wp\/v2\/media?parent=112109"}],"wp:term":[{"taxonomy":"product_brand","embeddable":true,"href":"https:\/\/www.nb.no\/noter\/wp-json\/wp\/v2\/product_brand?post=112109"},{"taxonomy":"product_cat","embeddable":true,"href":"https:\/\/www.nb.no\/noter\/wp-json\/wp\/v2\/product_cat?post=112109"},{"taxonomy":"product_tag","embeddable":true,"href":"https:\/\/www.nb.no\/noter\/wp-json\/wp\/v2\/product_tag?post=112109"}],"curies":[{"name":"wp","href":"https:\/\/api.w.org\/{rel}","templated":true}]}}