{"id":110968,"date":"2020-04-06T15:04:27","date_gmt":"2020-04-06T13:04:27","guid":{"rendered":"https:\/\/www.nb.no\/noter2\/produkt\/sol-og-signa-ar-meditasjon-over-ein-folketone-fra-sunnmore\/"},"modified":"2026-02-05T20:17:18","modified_gmt":"2026-02-05T19:17:18","slug":"sol-og-signa-ar-meditasjon-over-ein-folketone-fra-sunnmore","status":"publish","type":"product","link":"https:\/\/www.nb.no\/noter\/produkt\/sol-og-signa-ar-meditasjon-over-ein-folketone-fra-sunnmore\/","title":{"rendered":"Sol og signa \u00e5r &#8211; Meditasjon over ein folketone fr\u00e5 Sunnm\u00f8re"},"content":{"rendered":"","protected":false},"excerpt":{"rendered":"","protected":false},"featured_media":0,"template":"","meta":{"nb_hide_title":false,"nb_breadcrumb_title_override":""},"product_brand":[],"product_cat":[5832],"product_tag":[],"class_list":{"0":"post-110968","1":"product","2":"type-product","3":"status-publish","5":"product_cat-l100","7":"first","8":"instock","9":"taxable","10":"shipping-taxable","11":"product-type-grouped"},"_links":{"self":[{"href":"https:\/\/www.nb.no\/noter\/wp-json\/wp\/v2\/product\/110968","targetHints":{"allow":["GET"]}}],"collection":[{"href":"https:\/\/www.nb.no\/noter\/wp-json\/wp\/v2\/product"}],"about":[{"href":"https:\/\/www.nb.no\/noter\/wp-json\/wp\/v2\/types\/product"}],"wp:attachment":[{"href":"https:\/\/www.nb.no\/noter\/wp-json\/wp\/v2\/media?parent=110968"}],"wp:term":[{"taxonomy":"product_brand","embeddable":true,"href":"https:\/\/www.nb.no\/noter\/wp-json\/wp\/v2\/product_brand?post=110968"},{"taxonomy":"product_cat","embeddable":true,"href":"https:\/\/www.nb.no\/noter\/wp-json\/wp\/v2\/product_cat?post=110968"},{"taxonomy":"product_tag","embeddable":true,"href":"https:\/\/www.nb.no\/noter\/wp-json\/wp\/v2\/product_tag?post=110968"}],"curies":[{"name":"wp","href":"https:\/\/api.w.org\/{rel}","templated":true}]}}