{"id":105068,"date":"2020-04-06T14:34:46","date_gmt":"2020-04-06T12:34:46","guid":{"rendered":"https:\/\/www.nb.no\/noter2\/produkt\/sol-agg-sanger-for-sopran-cellist\/"},"modified":"2026-02-05T16:01:42","modified_gmt":"2026-02-05T15:01:42","slug":"sol-agg-sanger-for-sopran-cellist","status":"publish","type":"product","link":"https:\/\/www.nb.no\/noter\/produkt\/sol-agg-sanger-for-sopran-cellist\/","title":{"rendered":"Sol-\u00c4gg-S\u00e5nger &#8211; F\u00f6r sopran &amp; cellist"},"content":{"rendered":"","protected":false},"excerpt":{"rendered":"","protected":false},"featured_media":0,"template":"","meta":{"nb_hide_title":false,"nb_breadcrumb_title_override":""},"product_brand":[],"product_cat":[5532],"product_tag":[],"class_list":{"0":"post-105068","1":"product","2":"type-product","3":"status-publish","5":"product_cat-s600","7":"first","8":"instock","9":"taxable","10":"shipping-taxable","11":"product-type-grouped"},"_links":{"self":[{"href":"https:\/\/www.nb.no\/noter\/wp-json\/wp\/v2\/product\/105068","targetHints":{"allow":["GET"]}}],"collection":[{"href":"https:\/\/www.nb.no\/noter\/wp-json\/wp\/v2\/product"}],"about":[{"href":"https:\/\/www.nb.no\/noter\/wp-json\/wp\/v2\/types\/product"}],"wp:attachment":[{"href":"https:\/\/www.nb.no\/noter\/wp-json\/wp\/v2\/media?parent=105068"}],"wp:term":[{"taxonomy":"product_brand","embeddable":true,"href":"https:\/\/www.nb.no\/noter\/wp-json\/wp\/v2\/product_brand?post=105068"},{"taxonomy":"product_cat","embeddable":true,"href":"https:\/\/www.nb.no\/noter\/wp-json\/wp\/v2\/product_cat?post=105068"},{"taxonomy":"product_tag","embeddable":true,"href":"https:\/\/www.nb.no\/noter\/wp-json\/wp\/v2\/product_tag?post=105068"}],"curies":[{"name":"wp","href":"https:\/\/api.w.org\/{rel}","templated":true}]}}