{"id":104499,"date":"2020-04-06T14:31:57","date_gmt":"2020-04-06T12:31:57","guid":{"rendered":"https:\/\/www.nb.no\/noter2\/produkt\/hakon-adalsteinsfostre-spel-for-hakonshella-musikk-til-2-sogespel-om-hakon-den-gode-del-2\/"},"modified":"2026-02-05T15:40:45","modified_gmt":"2026-02-05T14:40:45","slug":"hakon-adalsteinsfostre-spel-for-hakonshella-musikk-til-2-sogespel-om-hakon-den-gode-del-2","status":"publish","type":"product","link":"https:\/\/www.nb.no\/noter\/produkt\/hakon-adalsteinsfostre-spel-for-hakonshella-musikk-til-2-sogespel-om-hakon-den-gode-del-2\/","title":{"rendered":"H\u00e5kon Adalsteinsfostre &#8211; Spel for H\u00e5konshella : Musikk til 2 sogespel om H\u00e5kon den Gode, del 2"},"content":{"rendered":"","protected":false},"excerpt":{"rendered":"","protected":false},"featured_media":0,"template":"","meta":{"nb_hide_title":false,"nb_breadcrumb_title_override":""},"product_brand":[],"product_cat":[5769],"product_tag":[],"class_list":{"0":"post-104499","1":"product","2":"type-product","3":"status-publish","5":"product_cat-x72","7":"first","8":"instock","9":"taxable","10":"shipping-taxable","11":"product-type-grouped"},"_links":{"self":[{"href":"https:\/\/www.nb.no\/noter\/wp-json\/wp\/v2\/product\/104499","targetHints":{"allow":["GET"]}}],"collection":[{"href":"https:\/\/www.nb.no\/noter\/wp-json\/wp\/v2\/product"}],"about":[{"href":"https:\/\/www.nb.no\/noter\/wp-json\/wp\/v2\/types\/product"}],"wp:attachment":[{"href":"https:\/\/www.nb.no\/noter\/wp-json\/wp\/v2\/media?parent=104499"}],"wp:term":[{"taxonomy":"product_brand","embeddable":true,"href":"https:\/\/www.nb.no\/noter\/wp-json\/wp\/v2\/product_brand?post=104499"},{"taxonomy":"product_cat","embeddable":true,"href":"https:\/\/www.nb.no\/noter\/wp-json\/wp\/v2\/product_cat?post=104499"},{"taxonomy":"product_tag","embeddable":true,"href":"https:\/\/www.nb.no\/noter\/wp-json\/wp\/v2\/product_tag?post=104499"}],"curies":[{"name":"wp","href":"https:\/\/api.w.org\/{rel}","templated":true}]}}