{"id":104243,"date":"2020-04-06T14:30:40","date_gmt":"2020-04-06T12:30:40","guid":{"rendered":"https:\/\/www.nb.no\/noter2\/produkt\/ei-natt-pa-jorda-utdrag-fra-oratoriet-arrangert-for-baryton-solo-mannskor-og-blasarar-op-33\/"},"modified":"2026-02-05T15:35:42","modified_gmt":"2026-02-05T14:35:42","slug":"ei-natt-pa-jorda-utdrag-fra-oratoriet-arrangert-for-baryton-solo-mannskor-og-blasarar-op-33","status":"publish","type":"product","link":"https:\/\/www.nb.no\/noter\/produkt\/ei-natt-pa-jorda-utdrag-fra-oratoriet-arrangert-for-baryton-solo-mannskor-og-blasarar-op-33\/","title":{"rendered":"Ei natt p\u00e5 jorda &#8211; Utdrag fr\u00e5 oratoriet, arrangert for baryton solo, mannskor og bl\u00e5sarar, op. 33"},"content":{"rendered":"","protected":false},"excerpt":{"rendered":"","protected":false},"featured_media":0,"template":"","meta":{"nb_hide_title":false,"nb_breadcrumb_title_override":""},"product_brand":[],"product_cat":[10361],"product_tag":[],"class_list":{"0":"post-104243","1":"product","2":"type-product","3":"status-publish","5":"product_cat-x1002","7":"first","8":"instock","9":"taxable","10":"shipping-taxable","11":"product-type-grouped"},"_links":{"self":[{"href":"https:\/\/www.nb.no\/noter\/wp-json\/wp\/v2\/product\/104243","targetHints":{"allow":["GET"]}}],"collection":[{"href":"https:\/\/www.nb.no\/noter\/wp-json\/wp\/v2\/product"}],"about":[{"href":"https:\/\/www.nb.no\/noter\/wp-json\/wp\/v2\/types\/product"}],"wp:attachment":[{"href":"https:\/\/www.nb.no\/noter\/wp-json\/wp\/v2\/media?parent=104243"}],"wp:term":[{"taxonomy":"product_brand","embeddable":true,"href":"https:\/\/www.nb.no\/noter\/wp-json\/wp\/v2\/product_brand?post=104243"},{"taxonomy":"product_cat","embeddable":true,"href":"https:\/\/www.nb.no\/noter\/wp-json\/wp\/v2\/product_cat?post=104243"},{"taxonomy":"product_tag","embeddable":true,"href":"https:\/\/www.nb.no\/noter\/wp-json\/wp\/v2\/product_tag?post=104243"}],"curies":[{"name":"wp","href":"https:\/\/api.w.org\/{rel}","templated":true}]}}