{"id":103452,"date":"2020-04-06T14:26:50","date_gmt":"2020-04-06T12:26:50","guid":{"rendered":"https:\/\/www.nb.no\/noter2\/produkt\/transtromer-svit-op-52-c-for-en-sangrost-och-sinfonietta-kammarorkester\/"},"modified":"2026-02-05T15:05:28","modified_gmt":"2026-02-05T14:05:28","slug":"transtromer-svit-op-52-c-for-en-sangrost-och-sinfonietta-kammarorkester","status":"publish","type":"product","link":"https:\/\/www.nb.no\/noter\/produkt\/transtromer-svit-op-52-c-for-en-sangrost-och-sinfonietta-kammarorkester\/","title":{"rendered":"Transtr\u00f6mer-svit, op. 52 c &#8211; f\u00f6r en s\u00e5ngr\u00f6st och sinfonietta (kammarorkester)"},"content":{"rendered":"","protected":false},"excerpt":{"rendered":"","protected":false},"featured_media":0,"template":"","meta":{"nb_hide_title":false,"nb_breadcrumb_title_override":""},"product_brand":[],"product_cat":[10373],"product_tag":[],"class_list":{"0":"post-103452","1":"product","2":"type-product","3":"status-publish","5":"product_cat-x1061","7":"first","8":"instock","9":"taxable","10":"shipping-taxable","11":"product-type-grouped"},"_links":{"self":[{"href":"https:\/\/www.nb.no\/noter\/wp-json\/wp\/v2\/product\/103452","targetHints":{"allow":["GET"]}}],"collection":[{"href":"https:\/\/www.nb.no\/noter\/wp-json\/wp\/v2\/product"}],"about":[{"href":"https:\/\/www.nb.no\/noter\/wp-json\/wp\/v2\/types\/product"}],"wp:attachment":[{"href":"https:\/\/www.nb.no\/noter\/wp-json\/wp\/v2\/media?parent=103452"}],"wp:term":[{"taxonomy":"product_brand","embeddable":true,"href":"https:\/\/www.nb.no\/noter\/wp-json\/wp\/v2\/product_brand?post=103452"},{"taxonomy":"product_cat","embeddable":true,"href":"https:\/\/www.nb.no\/noter\/wp-json\/wp\/v2\/product_cat?post=103452"},{"taxonomy":"product_tag","embeddable":true,"href":"https:\/\/www.nb.no\/noter\/wp-json\/wp\/v2\/product_tag?post=103452"}],"curies":[{"name":"wp","href":"https:\/\/api.w.org\/{rel}","templated":true}]}}