{"id":102878,"date":"2020-04-06T14:24:08","date_gmt":"2020-04-06T12:24:08","guid":{"rendered":"https:\/\/www.nb.no\/noter2\/produkt\/cirandas-ett-sangspel-for-barn-over-gjaete-kongens-harer\/"},"modified":"2026-02-05T14:30:16","modified_gmt":"2026-02-05T13:30:16","slug":"cirandas-ett-sangspel-for-barn-over-gjaete-kongens-harer","status":"publish","type":"product","link":"https:\/\/www.nb.no\/noter\/produkt\/cirandas-ett-sangspel-for-barn-over-gjaete-kongens-harer\/","title":{"rendered":"Cirandas &#8211; Ett s\u00e5ngspel f\u00f6r barn \u00f6ver &quot;Gj\u00e6te kongens harer&quot;"},"content":{"rendered":"","protected":false},"excerpt":{"rendered":"","protected":false},"featured_media":0,"template":"","meta":{"nb_hide_title":false,"nb_breadcrumb_title_override":""},"product_brand":[],"product_cat":[6281],"product_tag":[],"class_list":{"0":"post-102878","1":"product","2":"type-product","3":"status-publish","5":"product_cat-p10","7":"first","8":"instock","9":"taxable","10":"shipping-taxable","11":"product-type-grouped"},"_links":{"self":[{"href":"https:\/\/www.nb.no\/noter\/wp-json\/wp\/v2\/product\/102878","targetHints":{"allow":["GET"]}}],"collection":[{"href":"https:\/\/www.nb.no\/noter\/wp-json\/wp\/v2\/product"}],"about":[{"href":"https:\/\/www.nb.no\/noter\/wp-json\/wp\/v2\/types\/product"}],"wp:attachment":[{"href":"https:\/\/www.nb.no\/noter\/wp-json\/wp\/v2\/media?parent=102878"}],"wp:term":[{"taxonomy":"product_brand","embeddable":true,"href":"https:\/\/www.nb.no\/noter\/wp-json\/wp\/v2\/product_brand?post=102878"},{"taxonomy":"product_cat","embeddable":true,"href":"https:\/\/www.nb.no\/noter\/wp-json\/wp\/v2\/product_cat?post=102878"},{"taxonomy":"product_tag","embeddable":true,"href":"https:\/\/www.nb.no\/noter\/wp-json\/wp\/v2\/product_tag?post=102878"}],"curies":[{"name":"wp","href":"https:\/\/api.w.org\/{rel}","templated":true}]}}