{"id":56282,"date":"2020-03-30T15:04:50","date_gmt":"2020-03-30T13:04:50","guid":{"rendered":"https:\/\/www.nb.no\/noter2\/?page_id=56282"},"modified":"2022-05-12T14:12:42","modified_gmt":"2022-05-12T12:12:42","slug":"kjopsbetingelser","status":"publish","type":"page","link":"https:\/\/www.nb.no\/noter\/kjopsbetingelser\/","title":{"rendered":"Kj\u00f8psbetingelser"},"content":{"rendered":"\n<h2 class=\"wp-block-heading\">1. Bestilling og ordrebekreftelse<\/h2>\n\n\n\n<p>Alle priser er oppgitt i norske kroner inklusiv mva.<\/p>\n\n\n\n<p>N\u00e5r vi mottar din bestilling vil det automatisk sendes en ordrebekreftelse til deg p\u00e5 e-post. Det er viktig at du sjekker at denne bekreftelsen er i overensstemmelse med din bestilling.<\/p>\n\n\n\n<h2 class=\"wp-block-heading\">2. Betalingsmetoder<\/h2>\n\n\n\n<p>Du kan betale med betalingskort. Om ikke ikke har mulighet til \u00e5 betale med kort kan du f\u00e5 tilsendt faktura, men kun om du er registrert med organisasjonsnummer. Betalingsfrist er 14 dager fra fakturadato.&nbsp;<\/p>\n\n\n\n<h2 class=\"wp-block-heading\">3. Leveringstid og frakt<\/h2>\n\n\n\n<p>Normal leveringstid er 1-2 uker. Vi sender varer normalt enten som brev eller som pakke p\u00e5 d\u00f8ren. Pakker til utlandet sendes som brev eller med DHL.&nbsp;&nbsp;<\/p>\n\n\n\n<h2 class=\"wp-block-heading\">4. Reklamasjon og angrerett<\/h2>\n\n\n\n<p>Dersom en vare har feil eller mangler kan du enten kreve omlevering eller heving av kj\u00f8pet, og m\u00e5 f\u00e5 beskjed i rimelig tid etter at du oppdaget feilen eller mangelen.<\/p>\n\n\n\n<p>Produkter fra NB noter er Print-On-Demand-produkter og er derfor \u00e5 anse som spesialframstilt for den enkelte bestiller og vanlige angreretts-bestemmelser gjelder derfor ikke.<\/p>\n\n\n\n<p>Ved \u00e5 bestille fra NB noter og aksepterer kj\u00f8psbetingelsene, ansees det at det er gjort avtale om at tilvirkning skal p\u00e5begynnes.<\/p>\n\n\n\n<p><\/p>\n","protected":false},"excerpt":{"rendered":"","protected":false},"author":133,"featured_media":0,"parent":0,"menu_order":0,"comment_status":"closed","ping_status":"closed","template":"","meta":{"nb_hide_title":false,"nb_breadcrumb_title_override":"","sub_navigation_option":"","sub_navigation_custom_items":[],"footnotes":""},"class_list":["post-56282","page","type-page","status-publish","hentry"],"_links":{"self":[{"href":"https:\/\/www.nb.no\/noter\/wp-json\/wp\/v2\/pages\/56282","targetHints":{"allow":["GET"]}}],"collection":[{"href":"https:\/\/www.nb.no\/noter\/wp-json\/wp\/v2\/pages"}],"about":[{"href":"https:\/\/www.nb.no\/noter\/wp-json\/wp\/v2\/types\/page"}],"author":[{"embeddable":true,"href":"https:\/\/www.nb.no\/noter\/wp-json\/wp\/v2\/users\/133"}],"replies":[{"embeddable":true,"href":"https:\/\/www.nb.no\/noter\/wp-json\/wp\/v2\/comments?post=56282"}],"version-history":[{"count":2,"href":"https:\/\/www.nb.no\/noter\/wp-json\/wp\/v2\/pages\/56282\/revisions"}],"predecessor-version":[{"id":114972,"href":"https:\/\/www.nb.no\/noter\/wp-json\/wp\/v2\/pages\/56282\/revisions\/114972"}],"wp:attachment":[{"href":"https:\/\/www.nb.no\/noter\/wp-json\/wp\/v2\/media?parent=56282"}],"curies":[{"name":"wp","href":"https:\/\/api.w.org\/{rel}","templated":true}]}}