{"id":23561,"date":"2022-10-11T11:14:06","date_gmt":"2022-10-11T09:14:06","guid":{"rendered":"https:\/\/www.nb.no\/nettbutikk\/produkt\/norske-middelalderballader-b-2\/"},"modified":"2026-05-13T06:20:10","modified_gmt":"2026-05-13T04:20:10","slug":"norske-middelalderballader-b-2","status":"publish","type":"product","link":"https:\/\/www.nb.no\/nettbutikk\/produkt\/norske-middelalderballader-b-2\/","title":{"rendered":"Norske middelalderballader b. 2"},"content":{"rendered":"","protected":false},"excerpt":{"rendered":"<p>Dette verket gir en enest\u00e5ende mulighet til \u00e5 bli kjent med nesten halvannet tusen melodier som har v\u00e6rt brukt ved framf\u00f8ringer av norske middelalderballader. Balladene er fortellende viser med opphav i middelalderen og tilh\u00f8rer en internasjonal sjanger med motiver og parallelle historier i mange europeiske land. Bind 2 er viet ridderballadene og kjempe- og trollballadene.<\/p>\n","protected":false},"featured_media":23558,"template":"","meta":{"nb_hide_title":false,"nb_breadcrumb_title_override":""},"product_brand":[],"product_cat":[3969],"product_tag":[],"class_list":{"0":"post-23561","1":"product","2":"type-product","3":"status-publish","4":"has-post-thumbnail","6":"product_cat-middelalderballader","8":"first","9":"instock","10":"shipping-taxable","11":"purchasable","12":"product-type-simple"},"yoast_head":"<!-- This site is optimized with the Yoast SEO plugin v27.1.1 - https:\/\/yoast.com\/product\/yoast-seo-wordpress\/ -->\n<title>Norske middelalderballader b. 2 - NB Nettbutikk<\/title>\n<meta name=\"robots\" content=\"index, follow, max-snippet:-1, max-image-preview:large, max-video-preview:-1\" \/>\n<link rel=\"canonical\" href=\"https:\/\/www.nb.no\/nettbutikk\/produkt\/norske-middelalderballader-b-2\/\" \/>\n<meta property=\"og:locale\" content=\"nb_NO\" \/>\n<meta property=\"og:type\" content=\"article\" \/>\n<meta property=\"og:title\" content=\"Norske middelalderballader b. 2 - NB Nettbutikk\" \/>\n<meta property=\"og:description\" content=\"Dette verket gir en enest\u00e5ende mulighet til \u00e5 bli kjent med nesten halvannet tusen melodier som har v\u00e6rt brukt ved framf\u00f8ringer av norske middelalderballader. Balladene er fortellende viser med opphav i middelalderen og tilh\u00f8rer en internasjonal sjanger med motiver og parallelle historier i mange europeiske land. Bind 2 er viet ridderballadene og kjempe- og trollballadene.\" \/>\n<meta property=\"og:url\" content=\"https:\/\/www.nb.no\/nettbutikk\/produkt\/norske-middelalderballader-b-2\/\" \/>\n<meta property=\"og:site_name\" content=\"NB Nettbutikk\" \/>\n<meta property=\"article:modified_time\" content=\"2026-05-13T04:20:10+00:00\" \/>\n<meta property=\"og:image\" content=\"https:\/\/www.nb.no\/content\/uploads\/sites\/5\/2026\/05\/E6mp-pifWn-U4mniGoxN3v_N_3Ic7pZvNzWXmtidAKxWdYX-t-AoyeSLIDR_F5KSznv-FemOgl-3TD4LAohAbvk.jpg\" \/>\n\t<meta property=\"og:image:width\" content=\"331\" \/>\n\t<meta property=\"og:image:height\" content=\"450\" \/>\n\t<meta property=\"og:image:type\" content=\"image\/jpeg\" \/>\n<meta name=\"twitter:card\" content=\"summary_large_image\" \/>\n<meta name=\"twitter:label1\" content=\"Ansl. lesetid\" \/>\n\t<meta name=\"twitter:data1\" content=\"1 minutt\" \/>\n<script type=\"application\/ld+json\" class=\"yoast-schema-graph\">{\"@context\":\"https:\/\/schema.org\",\"@graph\":[{\"@type\":\"WebPage\",\"@id\":\"https:\/\/www.nb.no\/nettbutikk\/produkt\/norske-middelalderballader-b-2\/\",\"url\":\"https:\/\/www.nb.no\/nettbutikk\/produkt\/norske-middelalderballader-b-2\/\",\"name\":\"Norske middelalderballader b. 2 - NB Nettbutikk\",\"isPartOf\":{\"@id\":\"https:\/\/www.nb.no\/nettbutikk\/#website\"},\"primaryImageOfPage\":{\"@id\":\"https:\/\/www.nb.no\/nettbutikk\/produkt\/norske-middelalderballader-b-2\/#primaryimage\"},\"image\":{\"@id\":\"https:\/\/www.nb.no\/nettbutikk\/produkt\/norske-middelalderballader-b-2\/#primaryimage\"},\"thumbnailUrl\":\"https:\/\/www.nb.no\/content\/uploads\/sites\/5\/2026\/05\/E6mp-pifWn-U4mniGoxN3v_N_3Ic7pZvNzWXmtidAKxWdYX-t-AoyeSLIDR_F5KSznv-FemOgl-3TD4LAohAbvk.jpg\",\"datePublished\":\"2022-10-11T09:14:06+00:00\",\"dateModified\":\"2026-05-13T04:20:10+00:00\",\"breadcrumb\":{\"@id\":\"https:\/\/www.nb.no\/nettbutikk\/produkt\/norske-middelalderballader-b-2\/#breadcrumb\"},\"inLanguage\":\"nb-NO\",\"potentialAction\":[{\"@type\":\"ReadAction\",\"target\":[\"https:\/\/www.nb.no\/nettbutikk\/produkt\/norske-middelalderballader-b-2\/\"]}]},{\"@type\":\"ImageObject\",\"inLanguage\":\"nb-NO\",\"@id\":\"https:\/\/www.nb.no\/nettbutikk\/produkt\/norske-middelalderballader-b-2\/#primaryimage\",\"url\":\"https:\/\/www.nb.no\/content\/uploads\/sites\/5\/2026\/05\/E6mp-pifWn-U4mniGoxN3v_N_3Ic7pZvNzWXmtidAKxWdYX-t-AoyeSLIDR_F5KSznv-FemOgl-3TD4LAohAbvk.jpg\",\"contentUrl\":\"https:\/\/www.nb.no\/content\/uploads\/sites\/5\/2026\/05\/E6mp-pifWn-U4mniGoxN3v_N_3Ic7pZvNzWXmtidAKxWdYX-t-AoyeSLIDR_F5KSznv-FemOgl-3TD4LAohAbvk.jpg\",\"width\":331,\"height\":450,\"caption\":\"Norske middelalderballader b. 2\"},{\"@type\":\"BreadcrumbList\",\"@id\":\"https:\/\/www.nb.no\/nettbutikk\/produkt\/norske-middelalderballader-b-2\/#breadcrumb\",\"itemListElement\":[{\"@type\":\"ListItem\",\"position\":1,\"name\":\"Home\",\"item\":\"https:\/\/www.nb.no\/nettbutikk\/\"},{\"@type\":\"ListItem\",\"position\":2,\"name\":\"Butikk\",\"item\":\"https:\/\/www.nb.no\/nettbutikk\/butikk\/\"},{\"@type\":\"ListItem\",\"position\":3,\"name\":\"Norske middelalderballader b. 2\"}]},{\"@type\":\"WebSite\",\"@id\":\"https:\/\/www.nb.no\/nettbutikk\/#website\",\"url\":\"https:\/\/www.nb.no\/nettbutikk\/\",\"name\":\"NB Nettbutikk\",\"description\":\"\",\"potentialAction\":[{\"@type\":\"SearchAction\",\"target\":{\"@type\":\"EntryPoint\",\"urlTemplate\":\"https:\/\/www.nb.no\/nettbutikk\/?s={search_term_string}\"},\"query-input\":{\"@type\":\"PropertyValueSpecification\",\"valueRequired\":true,\"valueName\":\"search_term_string\"}}],\"inLanguage\":\"nb-NO\"}]}<\/script>\n<!-- \/ Yoast SEO plugin. -->","yoast_head_json":{"title":"Norske middelalderballader b. 2 - NB Nettbutikk","robots":{"index":"index","follow":"follow","max-snippet":"max-snippet:-1","max-image-preview":"max-image-preview:large","max-video-preview":"max-video-preview:-1"},"canonical":"https:\/\/www.nb.no\/nettbutikk\/produkt\/norske-middelalderballader-b-2\/","og_locale":"nb_NO","og_type":"article","og_title":"Norske middelalderballader b. 2 - NB Nettbutikk","og_description":"Dette verket gir en enest\u00e5ende mulighet til \u00e5 bli kjent med nesten halvannet tusen melodier som har v\u00e6rt brukt ved framf\u00f8ringer av norske middelalderballader. Balladene er fortellende viser med opphav i middelalderen og tilh\u00f8rer en internasjonal sjanger med motiver og parallelle historier i mange europeiske land. Bind 2 er viet ridderballadene og kjempe- og trollballadene.","og_url":"https:\/\/www.nb.no\/nettbutikk\/produkt\/norske-middelalderballader-b-2\/","og_site_name":"NB Nettbutikk","article_modified_time":"2026-05-13T04:20:10+00:00","og_image":[{"width":331,"height":450,"url":"https:\/\/www.nb.no\/content\/uploads\/sites\/5\/2026\/05\/E6mp-pifWn-U4mniGoxN3v_N_3Ic7pZvNzWXmtidAKxWdYX-t-AoyeSLIDR_F5KSznv-FemOgl-3TD4LAohAbvk.jpg","type":"image\/jpeg"}],"twitter_card":"summary_large_image","twitter_misc":{"Ansl. lesetid":"1 minutt"},"schema":{"@context":"https:\/\/schema.org","@graph":[{"@type":"WebPage","@id":"https:\/\/www.nb.no\/nettbutikk\/produkt\/norske-middelalderballader-b-2\/","url":"https:\/\/www.nb.no\/nettbutikk\/produkt\/norske-middelalderballader-b-2\/","name":"Norske middelalderballader b. 2 - NB Nettbutikk","isPartOf":{"@id":"https:\/\/www.nb.no\/nettbutikk\/#website"},"primaryImageOfPage":{"@id":"https:\/\/www.nb.no\/nettbutikk\/produkt\/norske-middelalderballader-b-2\/#primaryimage"},"image":{"@id":"https:\/\/www.nb.no\/nettbutikk\/produkt\/norske-middelalderballader-b-2\/#primaryimage"},"thumbnailUrl":"https:\/\/www.nb.no\/content\/uploads\/sites\/5\/2026\/05\/E6mp-pifWn-U4mniGoxN3v_N_3Ic7pZvNzWXmtidAKxWdYX-t-AoyeSLIDR_F5KSznv-FemOgl-3TD4LAohAbvk.jpg","datePublished":"2022-10-11T09:14:06+00:00","dateModified":"2026-05-13T04:20:10+00:00","breadcrumb":{"@id":"https:\/\/www.nb.no\/nettbutikk\/produkt\/norske-middelalderballader-b-2\/#breadcrumb"},"inLanguage":"nb-NO","potentialAction":[{"@type":"ReadAction","target":["https:\/\/www.nb.no\/nettbutikk\/produkt\/norske-middelalderballader-b-2\/"]}]},{"@type":"ImageObject","inLanguage":"nb-NO","@id":"https:\/\/www.nb.no\/nettbutikk\/produkt\/norske-middelalderballader-b-2\/#primaryimage","url":"https:\/\/www.nb.no\/content\/uploads\/sites\/5\/2026\/05\/E6mp-pifWn-U4mniGoxN3v_N_3Ic7pZvNzWXmtidAKxWdYX-t-AoyeSLIDR_F5KSznv-FemOgl-3TD4LAohAbvk.jpg","contentUrl":"https:\/\/www.nb.no\/content\/uploads\/sites\/5\/2026\/05\/E6mp-pifWn-U4mniGoxN3v_N_3Ic7pZvNzWXmtidAKxWdYX-t-AoyeSLIDR_F5KSznv-FemOgl-3TD4LAohAbvk.jpg","width":331,"height":450,"caption":"Norske middelalderballader b. 2"},{"@type":"BreadcrumbList","@id":"https:\/\/www.nb.no\/nettbutikk\/produkt\/norske-middelalderballader-b-2\/#breadcrumb","itemListElement":[{"@type":"ListItem","position":1,"name":"Home","item":"https:\/\/www.nb.no\/nettbutikk\/"},{"@type":"ListItem","position":2,"name":"Butikk","item":"https:\/\/www.nb.no\/nettbutikk\/butikk\/"},{"@type":"ListItem","position":3,"name":"Norske middelalderballader b. 2"}]},{"@type":"WebSite","@id":"https:\/\/www.nb.no\/nettbutikk\/#website","url":"https:\/\/www.nb.no\/nettbutikk\/","name":"NB Nettbutikk","description":"","potentialAction":[{"@type":"SearchAction","target":{"@type":"EntryPoint","urlTemplate":"https:\/\/www.nb.no\/nettbutikk\/?s={search_term_string}"},"query-input":{"@type":"PropertyValueSpecification","valueRequired":true,"valueName":"search_term_string"}}],"inLanguage":"nb-NO"}]}},"_links":{"self":[{"href":"https:\/\/www.nb.no\/nettbutikk\/wp-json\/wp\/v2\/product\/23561","targetHints":{"allow":["GET"]}}],"collection":[{"href":"https:\/\/www.nb.no\/nettbutikk\/wp-json\/wp\/v2\/product"}],"about":[{"href":"https:\/\/www.nb.no\/nettbutikk\/wp-json\/wp\/v2\/types\/product"}],"wp:featuredmedia":[{"embeddable":true,"href":"https:\/\/www.nb.no\/nettbutikk\/wp-json\/wp\/v2\/media\/23558"}],"wp:attachment":[{"href":"https:\/\/www.nb.no\/nettbutikk\/wp-json\/wp\/v2\/media?parent=23561"}],"wp:term":[{"taxonomy":"product_brand","embeddable":true,"href":"https:\/\/www.nb.no\/nettbutikk\/wp-json\/wp\/v2\/product_brand?post=23561"},{"taxonomy":"product_cat","embeddable":true,"href":"https:\/\/www.nb.no\/nettbutikk\/wp-json\/wp\/v2\/product_cat?post=23561"},{"taxonomy":"product_tag","embeddable":true,"href":"https:\/\/www.nb.no\/nettbutikk\/wp-json\/wp\/v2\/product_tag?post=23561"}],"curies":[{"name":"wp","href":"https:\/\/api.w.org\/{rel}","templated":true}]}}