{"id":23549,"date":"2022-10-11T11:12:57","date_gmt":"2022-10-11T09:12:57","guid":{"rendered":"https:\/\/www.nb.no\/nettbutikk\/produkt\/norske-middelalderballader-b-1\/"},"modified":"2026-05-13T06:20:10","modified_gmt":"2026-05-13T04:20:10","slug":"norske-middelalderballader-b-1","status":"publish","type":"product","link":"https:\/\/www.nb.no\/nettbutikk\/produkt\/norske-middelalderballader-b-1\/","title":{"rendered":"Norske middelalderballader b. 1"},"content":{"rendered":"","protected":false},"excerpt":{"rendered":"<p>Dette verket gir en enest\u00e5ende mulighet til \u00e5 bli kjent med nesten halvannet tusen melodier som har v\u00e6rt brukt ved framf\u00f8ringer av norske middelalderballader. Balladene er fortellende viser med opphav i middelalderen og tilh\u00f8rer en internasjonal sjanger med motiver og parallelle historier i mange europeiske land. Bokverket best\u00e5r av fire bind, og det f\u00f8rste bindet inneholder melodiene til de naturmytiske balladene, legendeballadene og de historiske balladene.<\/p>\n","protected":false},"featured_media":23615,"template":"","meta":{"nb_hide_title":false,"nb_breadcrumb_title_override":""},"product_brand":[],"product_cat":[3969],"product_tag":[],"class_list":{"0":"post-23549","1":"product","2":"type-product","3":"status-publish","4":"has-post-thumbnail","6":"product_cat-middelalderballader","8":"first","9":"instock","10":"shipping-taxable","11":"purchasable","12":"product-type-simple"},"yoast_head":"<!-- This site is optimized with the Yoast SEO plugin v27.1.1 - https:\/\/yoast.com\/product\/yoast-seo-wordpress\/ -->\n<title>Norske middelalderballader b. 1 - NB Nettbutikk<\/title>\n<meta name=\"robots\" content=\"index, follow, max-snippet:-1, max-image-preview:large, max-video-preview:-1\" \/>\n<link rel=\"canonical\" href=\"https:\/\/www.nb.no\/nettbutikk\/produkt\/norske-middelalderballader-b-1\/\" \/>\n<meta property=\"og:locale\" content=\"nb_NO\" \/>\n<meta property=\"og:type\" content=\"article\" \/>\n<meta property=\"og:title\" content=\"Norske middelalderballader b. 1 - NB Nettbutikk\" \/>\n<meta property=\"og:description\" content=\"Dette verket gir en enest\u00e5ende mulighet til \u00e5 bli kjent med nesten halvannet tusen melodier som har v\u00e6rt brukt ved framf\u00f8ringer av norske middelalderballader. Balladene er fortellende viser med opphav i middelalderen og tilh\u00f8rer en internasjonal sjanger med motiver og parallelle historier i mange europeiske land. Bokverket best\u00e5r av fire bind, og det f\u00f8rste bindet inneholder melodiene til de naturmytiske balladene, legendeballadene og de historiske balladene.\" \/>\n<meta property=\"og:url\" content=\"https:\/\/www.nb.no\/nettbutikk\/produkt\/norske-middelalderballader-b-1\/\" \/>\n<meta property=\"og:site_name\" content=\"NB Nettbutikk\" \/>\n<meta property=\"article:modified_time\" content=\"2026-05-13T04:20:10+00:00\" \/>\n<meta property=\"og:image\" content=\"https:\/\/www.nb.no\/content\/uploads\/sites\/5\/2022\/10\/Norske-middelalderballader-scaled.jpg\" \/>\n\t<meta property=\"og:image:width\" content=\"1742\" \/>\n\t<meta property=\"og:image:height\" content=\"2560\" \/>\n\t<meta property=\"og:image:type\" content=\"image\/jpeg\" \/>\n<meta name=\"twitter:card\" content=\"summary_large_image\" \/>\n<script type=\"application\/ld+json\" class=\"yoast-schema-graph\">{\"@context\":\"https:\/\/schema.org\",\"@graph\":[{\"@type\":\"WebPage\",\"@id\":\"https:\/\/www.nb.no\/nettbutikk\/produkt\/norske-middelalderballader-b-1\/\",\"url\":\"https:\/\/www.nb.no\/nettbutikk\/produkt\/norske-middelalderballader-b-1\/\",\"name\":\"Norske middelalderballader b. 1 - NB Nettbutikk\",\"isPartOf\":{\"@id\":\"https:\/\/www.nb.no\/nettbutikk\/#website\"},\"primaryImageOfPage\":{\"@id\":\"https:\/\/www.nb.no\/nettbutikk\/produkt\/norske-middelalderballader-b-1\/#primaryimage\"},\"image\":{\"@id\":\"https:\/\/www.nb.no\/nettbutikk\/produkt\/norske-middelalderballader-b-1\/#primaryimage\"},\"thumbnailUrl\":\"https:\/\/www.nb.no\/content\/uploads\/sites\/5\/2026\/05\/E6mp-pifWn-U4mniGoxN3v_N_3Ic7pZvNzWXmteYU_dcIdast7V2z-HdcGJ5F52TznysFemFiguxGDEJAohAbA-3-scaled.jpg\",\"datePublished\":\"2022-10-11T09:12:57+00:00\",\"dateModified\":\"2026-05-13T04:20:10+00:00\",\"breadcrumb\":{\"@id\":\"https:\/\/www.nb.no\/nettbutikk\/produkt\/norske-middelalderballader-b-1\/#breadcrumb\"},\"inLanguage\":\"nb-NO\",\"potentialAction\":[{\"@type\":\"ReadAction\",\"target\":[\"https:\/\/www.nb.no\/nettbutikk\/produkt\/norske-middelalderballader-b-1\/\"]}]},{\"@type\":\"ImageObject\",\"inLanguage\":\"nb-NO\",\"@id\":\"https:\/\/www.nb.no\/nettbutikk\/produkt\/norske-middelalderballader-b-1\/#primaryimage\",\"url\":\"https:\/\/www.nb.no\/content\/uploads\/sites\/5\/2026\/05\/E6mp-pifWn-U4mniGoxN3v_N_3Ic7pZvNzWXmteYU_dcIdast7V2z-HdcGJ5F52TznysFemFiguxGDEJAohAbA-3-scaled.jpg\",\"contentUrl\":\"https:\/\/www.nb.no\/content\/uploads\/sites\/5\/2026\/05\/E6mp-pifWn-U4mniGoxN3v_N_3Ic7pZvNzWXmteYU_dcIdast7V2z-HdcGJ5F52TznysFemFiguxGDEJAohAbA-3-scaled.jpg\",\"width\":1742,\"height\":2560,\"caption\":\"Norske middelalderballader b. 1\"},{\"@type\":\"BreadcrumbList\",\"@id\":\"https:\/\/www.nb.no\/nettbutikk\/produkt\/norske-middelalderballader-b-1\/#breadcrumb\",\"itemListElement\":[{\"@type\":\"ListItem\",\"position\":1,\"name\":\"Home\",\"item\":\"https:\/\/www.nb.no\/nettbutikk\/\"},{\"@type\":\"ListItem\",\"position\":2,\"name\":\"Butikk\",\"item\":\"https:\/\/www.nb.no\/nettbutikk\/butikk\/\"},{\"@type\":\"ListItem\",\"position\":3,\"name\":\"Norske middelalderballader b. 1\"}]},{\"@type\":\"WebSite\",\"@id\":\"https:\/\/www.nb.no\/nettbutikk\/#website\",\"url\":\"https:\/\/www.nb.no\/nettbutikk\/\",\"name\":\"NB Nettbutikk\",\"description\":\"\",\"potentialAction\":[{\"@type\":\"SearchAction\",\"target\":{\"@type\":\"EntryPoint\",\"urlTemplate\":\"https:\/\/www.nb.no\/nettbutikk\/?s={search_term_string}\"},\"query-input\":{\"@type\":\"PropertyValueSpecification\",\"valueRequired\":true,\"valueName\":\"search_term_string\"}}],\"inLanguage\":\"nb-NO\"}]}<\/script>\n<!-- \/ Yoast SEO plugin. -->","yoast_head_json":{"title":"Norske middelalderballader b. 1 - NB Nettbutikk","robots":{"index":"index","follow":"follow","max-snippet":"max-snippet:-1","max-image-preview":"max-image-preview:large","max-video-preview":"max-video-preview:-1"},"canonical":"https:\/\/www.nb.no\/nettbutikk\/produkt\/norske-middelalderballader-b-1\/","og_locale":"nb_NO","og_type":"article","og_title":"Norske middelalderballader b. 1 - NB Nettbutikk","og_description":"Dette verket gir en enest\u00e5ende mulighet til \u00e5 bli kjent med nesten halvannet tusen melodier som har v\u00e6rt brukt ved framf\u00f8ringer av norske middelalderballader. Balladene er fortellende viser med opphav i middelalderen og tilh\u00f8rer en internasjonal sjanger med motiver og parallelle historier i mange europeiske land. Bokverket best\u00e5r av fire bind, og det f\u00f8rste bindet inneholder melodiene til de naturmytiske balladene, legendeballadene og de historiske balladene.","og_url":"https:\/\/www.nb.no\/nettbutikk\/produkt\/norske-middelalderballader-b-1\/","og_site_name":"NB Nettbutikk","article_modified_time":"2026-05-13T04:20:10+00:00","og_image":[{"width":1742,"height":2560,"url":"https:\/\/www.nb.no\/content\/uploads\/sites\/5\/2022\/10\/Norske-middelalderballader-scaled.jpg","type":"image\/jpeg"}],"twitter_card":"summary_large_image","schema":{"@context":"https:\/\/schema.org","@graph":[{"@type":"WebPage","@id":"https:\/\/www.nb.no\/nettbutikk\/produkt\/norske-middelalderballader-b-1\/","url":"https:\/\/www.nb.no\/nettbutikk\/produkt\/norske-middelalderballader-b-1\/","name":"Norske middelalderballader b. 1 - NB Nettbutikk","isPartOf":{"@id":"https:\/\/www.nb.no\/nettbutikk\/#website"},"primaryImageOfPage":{"@id":"https:\/\/www.nb.no\/nettbutikk\/produkt\/norske-middelalderballader-b-1\/#primaryimage"},"image":{"@id":"https:\/\/www.nb.no\/nettbutikk\/produkt\/norske-middelalderballader-b-1\/#primaryimage"},"thumbnailUrl":"https:\/\/www.nb.no\/content\/uploads\/sites\/5\/2026\/05\/E6mp-pifWn-U4mniGoxN3v_N_3Ic7pZvNzWXmteYU_dcIdast7V2z-HdcGJ5F52TznysFemFiguxGDEJAohAbA-3-scaled.jpg","datePublished":"2022-10-11T09:12:57+00:00","dateModified":"2026-05-13T04:20:10+00:00","breadcrumb":{"@id":"https:\/\/www.nb.no\/nettbutikk\/produkt\/norske-middelalderballader-b-1\/#breadcrumb"},"inLanguage":"nb-NO","potentialAction":[{"@type":"ReadAction","target":["https:\/\/www.nb.no\/nettbutikk\/produkt\/norske-middelalderballader-b-1\/"]}]},{"@type":"ImageObject","inLanguage":"nb-NO","@id":"https:\/\/www.nb.no\/nettbutikk\/produkt\/norske-middelalderballader-b-1\/#primaryimage","url":"https:\/\/www.nb.no\/content\/uploads\/sites\/5\/2026\/05\/E6mp-pifWn-U4mniGoxN3v_N_3Ic7pZvNzWXmteYU_dcIdast7V2z-HdcGJ5F52TznysFemFiguxGDEJAohAbA-3-scaled.jpg","contentUrl":"https:\/\/www.nb.no\/content\/uploads\/sites\/5\/2026\/05\/E6mp-pifWn-U4mniGoxN3v_N_3Ic7pZvNzWXmteYU_dcIdast7V2z-HdcGJ5F52TznysFemFiguxGDEJAohAbA-3-scaled.jpg","width":1742,"height":2560,"caption":"Norske middelalderballader b. 1"},{"@type":"BreadcrumbList","@id":"https:\/\/www.nb.no\/nettbutikk\/produkt\/norske-middelalderballader-b-1\/#breadcrumb","itemListElement":[{"@type":"ListItem","position":1,"name":"Home","item":"https:\/\/www.nb.no\/nettbutikk\/"},{"@type":"ListItem","position":2,"name":"Butikk","item":"https:\/\/www.nb.no\/nettbutikk\/butikk\/"},{"@type":"ListItem","position":3,"name":"Norske middelalderballader b. 1"}]},{"@type":"WebSite","@id":"https:\/\/www.nb.no\/nettbutikk\/#website","url":"https:\/\/www.nb.no\/nettbutikk\/","name":"NB Nettbutikk","description":"","potentialAction":[{"@type":"SearchAction","target":{"@type":"EntryPoint","urlTemplate":"https:\/\/www.nb.no\/nettbutikk\/?s={search_term_string}"},"query-input":{"@type":"PropertyValueSpecification","valueRequired":true,"valueName":"search_term_string"}}],"inLanguage":"nb-NO"}]}},"_links":{"self":[{"href":"https:\/\/www.nb.no\/nettbutikk\/wp-json\/wp\/v2\/product\/23549","targetHints":{"allow":["GET"]}}],"collection":[{"href":"https:\/\/www.nb.no\/nettbutikk\/wp-json\/wp\/v2\/product"}],"about":[{"href":"https:\/\/www.nb.no\/nettbutikk\/wp-json\/wp\/v2\/types\/product"}],"wp:featuredmedia":[{"embeddable":true,"href":"https:\/\/www.nb.no\/nettbutikk\/wp-json\/wp\/v2\/media\/23615"}],"wp:attachment":[{"href":"https:\/\/www.nb.no\/nettbutikk\/wp-json\/wp\/v2\/media?parent=23549"}],"wp:term":[{"taxonomy":"product_brand","embeddable":true,"href":"https:\/\/www.nb.no\/nettbutikk\/wp-json\/wp\/v2\/product_brand?post=23549"},{"taxonomy":"product_cat","embeddable":true,"href":"https:\/\/www.nb.no\/nettbutikk\/wp-json\/wp\/v2\/product_cat?post=23549"},{"taxonomy":"product_tag","embeddable":true,"href":"https:\/\/www.nb.no\/nettbutikk\/wp-json\/wp\/v2\/product_tag?post=23549"}],"curies":[{"name":"wp","href":"https:\/\/api.w.org\/{rel}","templated":true}]}}