{"id":23332,"date":"2026-04-08T14:35:04","date_gmt":"2026-04-08T12:35:04","guid":{"rendered":"https:\/\/www.nb.no\/nettbutikk\/produkt\/om-tru-og-tankefridom\/"},"modified":"2026-04-09T14:44:00","modified_gmt":"2026-04-09T12:44:00","slug":"om-tru-og-tankefridom","status":"publish","type":"product","link":"https:\/\/www.nb.no\/nettbutikk\/produkt\/om-tru-og-tankefridom\/","title":{"rendered":"Om tru og tankefridom"},"content":{"rendered":"","protected":false},"excerpt":{"rendered":"<p><b>\u00abVi har mista humanismen.\u00bb <\/b><\/p>\n<p>I ei tid prega av splitting og eit stadig snevrare offentleg ordskifte, rettar Marilynne Robinson blikket mot klassiske amerikanske forfattarar og tenkarar for \u00e5 finne att noko av det vi har mista p\u00e5 vegen. Hos mellom andre Edgar Allan Poe og Jean Calvin finn ho ein gl\u00f8ymd humanisme som sameiner tru, metafysikk og fri tanke. I moderne tid har vi derimot f\u00e5tt ei innsnevra forst\u00e5ing av kva mennesket er og kan vere. Men skaparevna v\u00e5r, og frirommet som finst i litteraturen, gir oss likevel grunn til h\u00e5p. Essayet er ei kraftfull oppmoding om \u00e5 gjenoppdage v\u00e5r \u00e5ndelege og menneskelege forplikting.<\/p>\n<p>Denne boka er den skriftlege utg\u00e5va av Fosseforedraget 2026. <i>Om tru og tankefridom<\/i> av Marilynne Robinson er det andre bidraget i denne rekkja med foredrag om litteratur og kunst \u2013 ei satsing til \u00e6re for den fjerde norske nobelprisvinnaren i litteratur.<\/p>\n","protected":false},"featured_media":23329,"template":"","meta":{"nb_hide_title":false,"nb_breadcrumb_title_override":""},"product_brand":[],"product_cat":[3472],"product_tag":[3703,3719],"class_list":{"0":"post-23332","1":"product","2":"type-product","3":"status-publish","4":"has-post-thumbnail","6":"product_cat-fosseforedraget","7":"product_tag-fosse","8":"product_tag-fosseforedraget","10":"first","11":"onbackorder","12":"shipping-taxable","13":"purchasable","14":"product-type-simple"},"yoast_head":"<!-- This site is optimized with the Yoast SEO plugin v27.1.1 - https:\/\/yoast.com\/product\/yoast-seo-wordpress\/ -->\n<title>Om tru og tankefridom - NB Nettbutikk<\/title>\n<meta name=\"robots\" content=\"index, follow, max-snippet:-1, max-image-preview:large, max-video-preview:-1\" \/>\n<link rel=\"canonical\" href=\"https:\/\/www.nb.no\/nettbutikk\/produkt\/om-tru-og-tankefridom\/\" \/>\n<meta property=\"og:locale\" content=\"nb_NO\" \/>\n<meta property=\"og:type\" content=\"article\" \/>\n<meta property=\"og:title\" content=\"Om tru og tankefridom - NB Nettbutikk\" \/>\n<meta property=\"og:description\" content=\"\u00abVi har mista humanismen.\u00bb   I ei tid prega av splitting og eit stadig snevrare offentleg ordskifte, rettar Marilynne Robinson blikket mot klassiske amerikanske forfattarar og tenkarar for \u00e5 finne att noko av det vi har mista p\u00e5 vegen. Hos mellom andre Edgar Allan Poe og Jean Calvin finn ho ein gl\u00f8ymd humanisme som sameiner tru, metafysikk og fri tanke. I moderne tid har vi derimot f\u00e5tt ei innsnevra forst\u00e5ing av kva mennesket er og kan vere. Men skaparevna v\u00e5r, og frirommet som finst i litteraturen, gir oss likevel grunn til h\u00e5p. Essayet er ei kraftfull oppmoding om \u00e5 gjenoppdage v\u00e5r \u00e5ndelege og menneskelege forplikting.  Denne boka er den skriftlege utg\u00e5va av Fosseforedraget 2026. Om tru og tankefridom av Marilynne Robinson er det andre bidraget i denne rekkja med foredrag om litteratur og kunst \u2013 ei satsing til \u00e6re for den fjerde norske nobelprisvinnaren i litteratur.\" \/>\n<meta property=\"og:url\" content=\"https:\/\/www.nb.no\/nettbutikk\/produkt\/om-tru-og-tankefridom\/\" \/>\n<meta property=\"og:site_name\" content=\"NB Nettbutikk\" \/>\n<meta property=\"article:modified_time\" content=\"2026-04-09T12:44:00+00:00\" \/>\n<meta property=\"og:image\" content=\"https:\/\/www.nb.no\/content\/uploads\/sites\/5\/2026\/04\/E6mp-pifWn-U4mniGoxN3v_N_3Ic7pZvNzWXmtOQV_0DJoOpsuN3n76MIGd6Q5KTm3ivROneglu2GGtTAohAbA.jpg\" \/>\n\t<meta property=\"og:image:width\" content=\"1382\" \/>\n\t<meta property=\"og:image:height\" content=\"2237\" \/>\n\t<meta property=\"og:image:type\" content=\"image\/jpeg\" \/>\n<meta name=\"twitter:card\" content=\"summary_large_image\" \/>\n<meta name=\"twitter:label1\" content=\"Ansl. lesetid\" \/>\n\t<meta name=\"twitter:data1\" content=\"1 minutt\" \/>\n<script type=\"application\/ld+json\" class=\"yoast-schema-graph\">{\"@context\":\"https:\/\/schema.org\",\"@graph\":[{\"@type\":\"WebPage\",\"@id\":\"https:\/\/www.nb.no\/nettbutikk\/produkt\/om-tru-og-tankefridom\/\",\"url\":\"https:\/\/www.nb.no\/nettbutikk\/produkt\/om-tru-og-tankefridom\/\",\"name\":\"Om tru og tankefridom - NB Nettbutikk\",\"isPartOf\":{\"@id\":\"https:\/\/www.nb.no\/nettbutikk\/#website\"},\"primaryImageOfPage\":{\"@id\":\"https:\/\/www.nb.no\/nettbutikk\/produkt\/om-tru-og-tankefridom\/#primaryimage\"},\"image\":{\"@id\":\"https:\/\/www.nb.no\/nettbutikk\/produkt\/om-tru-og-tankefridom\/#primaryimage\"},\"thumbnailUrl\":\"https:\/\/www.nb.no\/content\/uploads\/sites\/5\/2026\/04\/E6mp-pifWn-U4mniGoxN3v_N_3Ic7pZvNzWXmtOQV_0DJoOpsuN3n76MIGd6Q5KTm3ivROneglu2GGtTAohAbA.jpg\",\"datePublished\":\"2026-04-08T12:35:04+00:00\",\"dateModified\":\"2026-04-09T12:44:00+00:00\",\"breadcrumb\":{\"@id\":\"https:\/\/www.nb.no\/nettbutikk\/produkt\/om-tru-og-tankefridom\/#breadcrumb\"},\"inLanguage\":\"nb-NO\",\"potentialAction\":[{\"@type\":\"ReadAction\",\"target\":[\"https:\/\/www.nb.no\/nettbutikk\/produkt\/om-tru-og-tankefridom\/\"]}]},{\"@type\":\"ImageObject\",\"inLanguage\":\"nb-NO\",\"@id\":\"https:\/\/www.nb.no\/nettbutikk\/produkt\/om-tru-og-tankefridom\/#primaryimage\",\"url\":\"https:\/\/www.nb.no\/content\/uploads\/sites\/5\/2026\/04\/E6mp-pifWn-U4mniGoxN3v_N_3Ic7pZvNzWXmtOQV_0DJoOpsuN3n76MIGd6Q5KTm3ivROneglu2GGtTAohAbA.jpg\",\"contentUrl\":\"https:\/\/www.nb.no\/content\/uploads\/sites\/5\/2026\/04\/E6mp-pifWn-U4mniGoxN3v_N_3Ic7pZvNzWXmtOQV_0DJoOpsuN3n76MIGd6Q5KTm3ivROneglu2GGtTAohAbA.jpg\",\"width\":1382,\"height\":2237,\"caption\":\"Om tru og tankefridom\"},{\"@type\":\"BreadcrumbList\",\"@id\":\"https:\/\/www.nb.no\/nettbutikk\/produkt\/om-tru-og-tankefridom\/#breadcrumb\",\"itemListElement\":[{\"@type\":\"ListItem\",\"position\":1,\"name\":\"Home\",\"item\":\"https:\/\/www.nb.no\/nettbutikk\/\"},{\"@type\":\"ListItem\",\"position\":2,\"name\":\"Butikk\",\"item\":\"https:\/\/www.nb.no\/nettbutikk\/butikk\/\"},{\"@type\":\"ListItem\",\"position\":3,\"name\":\"Om tru og tankefridom\"}]},{\"@type\":\"WebSite\",\"@id\":\"https:\/\/www.nb.no\/nettbutikk\/#website\",\"url\":\"https:\/\/www.nb.no\/nettbutikk\/\",\"name\":\"NB Nettbutikk\",\"description\":\"\",\"potentialAction\":[{\"@type\":\"SearchAction\",\"target\":{\"@type\":\"EntryPoint\",\"urlTemplate\":\"https:\/\/www.nb.no\/nettbutikk\/?s={search_term_string}\"},\"query-input\":{\"@type\":\"PropertyValueSpecification\",\"valueRequired\":true,\"valueName\":\"search_term_string\"}}],\"inLanguage\":\"nb-NO\"}]}<\/script>\n<!-- \/ Yoast SEO plugin. -->","yoast_head_json":{"title":"Om tru og tankefridom - NB Nettbutikk","robots":{"index":"index","follow":"follow","max-snippet":"max-snippet:-1","max-image-preview":"max-image-preview:large","max-video-preview":"max-video-preview:-1"},"canonical":"https:\/\/www.nb.no\/nettbutikk\/produkt\/om-tru-og-tankefridom\/","og_locale":"nb_NO","og_type":"article","og_title":"Om tru og tankefridom - NB Nettbutikk","og_description":"\u00abVi har mista humanismen.\u00bb   I ei tid prega av splitting og eit stadig snevrare offentleg ordskifte, rettar Marilynne Robinson blikket mot klassiske amerikanske forfattarar og tenkarar for \u00e5 finne att noko av det vi har mista p\u00e5 vegen. Hos mellom andre Edgar Allan Poe og Jean Calvin finn ho ein gl\u00f8ymd humanisme som sameiner tru, metafysikk og fri tanke. I moderne tid har vi derimot f\u00e5tt ei innsnevra forst\u00e5ing av kva mennesket er og kan vere. Men skaparevna v\u00e5r, og frirommet som finst i litteraturen, gir oss likevel grunn til h\u00e5p. Essayet er ei kraftfull oppmoding om \u00e5 gjenoppdage v\u00e5r \u00e5ndelege og menneskelege forplikting.  Denne boka er den skriftlege utg\u00e5va av Fosseforedraget 2026. Om tru og tankefridom av Marilynne Robinson er det andre bidraget i denne rekkja med foredrag om litteratur og kunst \u2013 ei satsing til \u00e6re for den fjerde norske nobelprisvinnaren i litteratur.","og_url":"https:\/\/www.nb.no\/nettbutikk\/produkt\/om-tru-og-tankefridom\/","og_site_name":"NB Nettbutikk","article_modified_time":"2026-04-09T12:44:00+00:00","og_image":[{"width":1382,"height":2237,"url":"https:\/\/www.nb.no\/content\/uploads\/sites\/5\/2026\/04\/E6mp-pifWn-U4mniGoxN3v_N_3Ic7pZvNzWXmtOQV_0DJoOpsuN3n76MIGd6Q5KTm3ivROneglu2GGtTAohAbA.jpg","type":"image\/jpeg"}],"twitter_card":"summary_large_image","twitter_misc":{"Ansl. lesetid":"1 minutt"},"schema":{"@context":"https:\/\/schema.org","@graph":[{"@type":"WebPage","@id":"https:\/\/www.nb.no\/nettbutikk\/produkt\/om-tru-og-tankefridom\/","url":"https:\/\/www.nb.no\/nettbutikk\/produkt\/om-tru-og-tankefridom\/","name":"Om tru og tankefridom - NB Nettbutikk","isPartOf":{"@id":"https:\/\/www.nb.no\/nettbutikk\/#website"},"primaryImageOfPage":{"@id":"https:\/\/www.nb.no\/nettbutikk\/produkt\/om-tru-og-tankefridom\/#primaryimage"},"image":{"@id":"https:\/\/www.nb.no\/nettbutikk\/produkt\/om-tru-og-tankefridom\/#primaryimage"},"thumbnailUrl":"https:\/\/www.nb.no\/content\/uploads\/sites\/5\/2026\/04\/E6mp-pifWn-U4mniGoxN3v_N_3Ic7pZvNzWXmtOQV_0DJoOpsuN3n76MIGd6Q5KTm3ivROneglu2GGtTAohAbA.jpg","datePublished":"2026-04-08T12:35:04+00:00","dateModified":"2026-04-09T12:44:00+00:00","breadcrumb":{"@id":"https:\/\/www.nb.no\/nettbutikk\/produkt\/om-tru-og-tankefridom\/#breadcrumb"},"inLanguage":"nb-NO","potentialAction":[{"@type":"ReadAction","target":["https:\/\/www.nb.no\/nettbutikk\/produkt\/om-tru-og-tankefridom\/"]}]},{"@type":"ImageObject","inLanguage":"nb-NO","@id":"https:\/\/www.nb.no\/nettbutikk\/produkt\/om-tru-og-tankefridom\/#primaryimage","url":"https:\/\/www.nb.no\/content\/uploads\/sites\/5\/2026\/04\/E6mp-pifWn-U4mniGoxN3v_N_3Ic7pZvNzWXmtOQV_0DJoOpsuN3n76MIGd6Q5KTm3ivROneglu2GGtTAohAbA.jpg","contentUrl":"https:\/\/www.nb.no\/content\/uploads\/sites\/5\/2026\/04\/E6mp-pifWn-U4mniGoxN3v_N_3Ic7pZvNzWXmtOQV_0DJoOpsuN3n76MIGd6Q5KTm3ivROneglu2GGtTAohAbA.jpg","width":1382,"height":2237,"caption":"Om tru og tankefridom"},{"@type":"BreadcrumbList","@id":"https:\/\/www.nb.no\/nettbutikk\/produkt\/om-tru-og-tankefridom\/#breadcrumb","itemListElement":[{"@type":"ListItem","position":1,"name":"Home","item":"https:\/\/www.nb.no\/nettbutikk\/"},{"@type":"ListItem","position":2,"name":"Butikk","item":"https:\/\/www.nb.no\/nettbutikk\/butikk\/"},{"@type":"ListItem","position":3,"name":"Om tru og tankefridom"}]},{"@type":"WebSite","@id":"https:\/\/www.nb.no\/nettbutikk\/#website","url":"https:\/\/www.nb.no\/nettbutikk\/","name":"NB Nettbutikk","description":"","potentialAction":[{"@type":"SearchAction","target":{"@type":"EntryPoint","urlTemplate":"https:\/\/www.nb.no\/nettbutikk\/?s={search_term_string}"},"query-input":{"@type":"PropertyValueSpecification","valueRequired":true,"valueName":"search_term_string"}}],"inLanguage":"nb-NO"}]}},"_links":{"self":[{"href":"https:\/\/www.nb.no\/nettbutikk\/wp-json\/wp\/v2\/product\/23332","targetHints":{"allow":["GET"]}}],"collection":[{"href":"https:\/\/www.nb.no\/nettbutikk\/wp-json\/wp\/v2\/product"}],"about":[{"href":"https:\/\/www.nb.no\/nettbutikk\/wp-json\/wp\/v2\/types\/product"}],"wp:featuredmedia":[{"embeddable":true,"href":"https:\/\/www.nb.no\/nettbutikk\/wp-json\/wp\/v2\/media\/23329"}],"wp:attachment":[{"href":"https:\/\/www.nb.no\/nettbutikk\/wp-json\/wp\/v2\/media?parent=23332"}],"wp:term":[{"taxonomy":"product_brand","embeddable":true,"href":"https:\/\/www.nb.no\/nettbutikk\/wp-json\/wp\/v2\/product_brand?post=23332"},{"taxonomy":"product_cat","embeddable":true,"href":"https:\/\/www.nb.no\/nettbutikk\/wp-json\/wp\/v2\/product_cat?post=23332"},{"taxonomy":"product_tag","embeddable":true,"href":"https:\/\/www.nb.no\/nettbutikk\/wp-json\/wp\/v2\/product_tag?post=23332"}],"curies":[{"name":"wp","href":"https:\/\/api.w.org\/{rel}","templated":true}]}}