{"id":23247,"date":"2026-03-16T15:39:17","date_gmt":"2026-03-16T14:39:17","guid":{"rendered":"https:\/\/www.nb.no\/nettbutikk\/produkt\/utstillingsplakat-med-pennen-pa-strupen\/"},"modified":"2026-04-02T05:55:39","modified_gmt":"2026-04-02T03:55:39","slug":"utstillingsplakat-med-pennen-pa-strupen","status":"publish","type":"product","link":"https:\/\/www.nb.no\/nettbutikk\/produkt\/utstillingsplakat-med-pennen-pa-strupen\/","title":{"rendered":"Utstillingsplakat: Med pennen p\u00e5 strupen"},"content":{"rendered":"","protected":false},"excerpt":{"rendered":"<p>Plakat produsert i forbindelse med utstillingen <i>Med pennen p\u00e5 strupen<\/i> p\u00e5 Nasjonalbiblioteket i 2026. <\/p>\n<p>Illustrasjon av Ragnvald Blix (1882\u20131958) fra forsiden av tidsskriftet <i>Exlex<\/i> nr. 6, 1. \u00e5rgang, utgitt 19. mars 1919.<\/p>\n<p>Plakatens st\u00f8rrelse: 50 x 70 cm<\/p>\n","protected":false},"featured_media":23244,"template":"","meta":{"nb_hide_title":false,"nb_breadcrumb_title_override":""},"product_brand":[],"product_cat":[1341],"product_tag":[3949],"class_list":{"0":"post-23247","1":"product","2":"type-product","3":"status-publish","4":"has-post-thumbnail","6":"product_cat-plakater","7":"product_tag-satiretegninger","9":"first","10":"instock","11":"taxable","12":"shipping-taxable","13":"purchasable","14":"product-type-simple"},"yoast_head":"<!-- This site is optimized with the Yoast SEO plugin v27.1.1 - https:\/\/yoast.com\/product\/yoast-seo-wordpress\/ -->\n<title>Utstillingsplakat: Med pennen p\u00e5 strupen - NB Nettbutikk<\/title>\n<meta name=\"robots\" content=\"index, follow, max-snippet:-1, max-image-preview:large, max-video-preview:-1\" \/>\n<link rel=\"canonical\" href=\"https:\/\/www.nb.no\/nettbutikk\/produkt\/utstillingsplakat-med-pennen-pa-strupen\/\" \/>\n<meta property=\"og:locale\" content=\"nb_NO\" \/>\n<meta property=\"og:type\" content=\"article\" \/>\n<meta property=\"og:title\" content=\"Utstillingsplakat: Med pennen p\u00e5 strupen - NB Nettbutikk\" \/>\n<meta property=\"og:description\" content=\"Plakat produsert i forbindelse med utstillingen Med pennen p\u00e5 strupen p\u00e5 Nasjonalbiblioteket i 2026.  Illustrasjon av Ragnvald Blix (1882\u20131958) fra forsiden av tidsskriftet Exlex nr. 6, 1. \u00e5rgang, utgitt 19. mars 1919. Plakatens st\u00f8rrelse: 50 x 70 cm\" \/>\n<meta property=\"og:url\" content=\"https:\/\/www.nb.no\/nettbutikk\/produkt\/utstillingsplakat-med-pennen-pa-strupen\/\" \/>\n<meta property=\"og:site_name\" content=\"NB Nettbutikk\" \/>\n<meta property=\"article:modified_time\" content=\"2026-04-02T03:55:39+00:00\" \/>\n<meta property=\"og:image\" content=\"https:\/\/www.nb.no\/content\/uploads\/sites\/5\/2026\/03\/E6mp-pifWn-U4mniGoxN3v_N_3Ic7pZvNzWXmtSYAPoBIYH-sbUtmrPYJDB4GZaXnyyvQOrZjVPhHWpeAohAbA-731x1024.jpg\" \/>\n\t<meta property=\"og:image:width\" content=\"731\" \/>\n\t<meta property=\"og:image:height\" content=\"1024\" \/>\n\t<meta property=\"og:image:type\" content=\"image\/jpeg\" \/>\n<meta name=\"twitter:card\" content=\"summary_large_image\" \/>\n<script type=\"application\/ld+json\" class=\"yoast-schema-graph\">{\"@context\":\"https:\/\/schema.org\",\"@graph\":[{\"@type\":\"WebPage\",\"@id\":\"https:\/\/www.nb.no\/nettbutikk\/produkt\/utstillingsplakat-med-pennen-pa-strupen\/\",\"url\":\"https:\/\/www.nb.no\/nettbutikk\/produkt\/utstillingsplakat-med-pennen-pa-strupen\/\",\"name\":\"Utstillingsplakat: Med pennen p\u00e5 strupen - NB Nettbutikk\",\"isPartOf\":{\"@id\":\"https:\/\/www.nb.no\/nettbutikk\/#website\"},\"primaryImageOfPage\":{\"@id\":\"https:\/\/www.nb.no\/nettbutikk\/produkt\/utstillingsplakat-med-pennen-pa-strupen\/#primaryimage\"},\"image\":{\"@id\":\"https:\/\/www.nb.no\/nettbutikk\/produkt\/utstillingsplakat-med-pennen-pa-strupen\/#primaryimage\"},\"thumbnailUrl\":\"https:\/\/www.nb.no\/content\/uploads\/sites\/5\/2026\/03\/E6mp-pifWn-U4mniGoxN3v_N_3Ic7pZvNzWXmtSYAPoBIYH-sbUtmrPYJDB4GZaXnyyvQOrZjVPhHWpeAohAbA.jpg\",\"datePublished\":\"2026-03-16T14:39:17+00:00\",\"dateModified\":\"2026-04-02T03:55:39+00:00\",\"breadcrumb\":{\"@id\":\"https:\/\/www.nb.no\/nettbutikk\/produkt\/utstillingsplakat-med-pennen-pa-strupen\/#breadcrumb\"},\"inLanguage\":\"nb-NO\",\"potentialAction\":[{\"@type\":\"ReadAction\",\"target\":[\"https:\/\/www.nb.no\/nettbutikk\/produkt\/utstillingsplakat-med-pennen-pa-strupen\/\"]}]},{\"@type\":\"ImageObject\",\"inLanguage\":\"nb-NO\",\"@id\":\"https:\/\/www.nb.no\/nettbutikk\/produkt\/utstillingsplakat-med-pennen-pa-strupen\/#primaryimage\",\"url\":\"https:\/\/www.nb.no\/content\/uploads\/sites\/5\/2026\/03\/E6mp-pifWn-U4mniGoxN3v_N_3Ic7pZvNzWXmtSYAPoBIYH-sbUtmrPYJDB4GZaXnyyvQOrZjVPhHWpeAohAbA.jpg\",\"contentUrl\":\"https:\/\/www.nb.no\/content\/uploads\/sites\/5\/2026\/03\/E6mp-pifWn-U4mniGoxN3v_N_3Ic7pZvNzWXmtSYAPoBIYH-sbUtmrPYJDB4GZaXnyyvQOrZjVPhHWpeAohAbA.jpg\",\"width\":1417,\"height\":1984,\"caption\":\"Utstillingsplakat: Med pennen p\u00e5 strupen\"},{\"@type\":\"BreadcrumbList\",\"@id\":\"https:\/\/www.nb.no\/nettbutikk\/produkt\/utstillingsplakat-med-pennen-pa-strupen\/#breadcrumb\",\"itemListElement\":[{\"@type\":\"ListItem\",\"position\":1,\"name\":\"Home\",\"item\":\"https:\/\/www.nb.no\/nettbutikk\/\"},{\"@type\":\"ListItem\",\"position\":2,\"name\":\"Butikk\",\"item\":\"https:\/\/www.nb.no\/nettbutikk\/butikk\/\"},{\"@type\":\"ListItem\",\"position\":3,\"name\":\"Utstillingsplakat: Med pennen p\u00e5 strupen\"}]},{\"@type\":\"WebSite\",\"@id\":\"https:\/\/www.nb.no\/nettbutikk\/#website\",\"url\":\"https:\/\/www.nb.no\/nettbutikk\/\",\"name\":\"NB Nettbutikk\",\"description\":\"\",\"potentialAction\":[{\"@type\":\"SearchAction\",\"target\":{\"@type\":\"EntryPoint\",\"urlTemplate\":\"https:\/\/www.nb.no\/nettbutikk\/?s={search_term_string}\"},\"query-input\":{\"@type\":\"PropertyValueSpecification\",\"valueRequired\":true,\"valueName\":\"search_term_string\"}}],\"inLanguage\":\"nb-NO\"}]}<\/script>\n<!-- \/ Yoast SEO plugin. -->","yoast_head_json":{"title":"Utstillingsplakat: Med pennen p\u00e5 strupen - NB Nettbutikk","robots":{"index":"index","follow":"follow","max-snippet":"max-snippet:-1","max-image-preview":"max-image-preview:large","max-video-preview":"max-video-preview:-1"},"canonical":"https:\/\/www.nb.no\/nettbutikk\/produkt\/utstillingsplakat-med-pennen-pa-strupen\/","og_locale":"nb_NO","og_type":"article","og_title":"Utstillingsplakat: Med pennen p\u00e5 strupen - NB Nettbutikk","og_description":"Plakat produsert i forbindelse med utstillingen Med pennen p\u00e5 strupen p\u00e5 Nasjonalbiblioteket i 2026.  Illustrasjon av Ragnvald Blix (1882\u20131958) fra forsiden av tidsskriftet Exlex nr. 6, 1. \u00e5rgang, utgitt 19. mars 1919. Plakatens st\u00f8rrelse: 50 x 70 cm","og_url":"https:\/\/www.nb.no\/nettbutikk\/produkt\/utstillingsplakat-med-pennen-pa-strupen\/","og_site_name":"NB Nettbutikk","article_modified_time":"2026-04-02T03:55:39+00:00","og_image":[{"width":731,"height":1024,"url":"https:\/\/www.nb.no\/content\/uploads\/sites\/5\/2026\/03\/E6mp-pifWn-U4mniGoxN3v_N_3Ic7pZvNzWXmtSYAPoBIYH-sbUtmrPYJDB4GZaXnyyvQOrZjVPhHWpeAohAbA-731x1024.jpg","type":"image\/jpeg"}],"twitter_card":"summary_large_image","schema":{"@context":"https:\/\/schema.org","@graph":[{"@type":"WebPage","@id":"https:\/\/www.nb.no\/nettbutikk\/produkt\/utstillingsplakat-med-pennen-pa-strupen\/","url":"https:\/\/www.nb.no\/nettbutikk\/produkt\/utstillingsplakat-med-pennen-pa-strupen\/","name":"Utstillingsplakat: Med pennen p\u00e5 strupen - NB Nettbutikk","isPartOf":{"@id":"https:\/\/www.nb.no\/nettbutikk\/#website"},"primaryImageOfPage":{"@id":"https:\/\/www.nb.no\/nettbutikk\/produkt\/utstillingsplakat-med-pennen-pa-strupen\/#primaryimage"},"image":{"@id":"https:\/\/www.nb.no\/nettbutikk\/produkt\/utstillingsplakat-med-pennen-pa-strupen\/#primaryimage"},"thumbnailUrl":"https:\/\/www.nb.no\/content\/uploads\/sites\/5\/2026\/03\/E6mp-pifWn-U4mniGoxN3v_N_3Ic7pZvNzWXmtSYAPoBIYH-sbUtmrPYJDB4GZaXnyyvQOrZjVPhHWpeAohAbA.jpg","datePublished":"2026-03-16T14:39:17+00:00","dateModified":"2026-04-02T03:55:39+00:00","breadcrumb":{"@id":"https:\/\/www.nb.no\/nettbutikk\/produkt\/utstillingsplakat-med-pennen-pa-strupen\/#breadcrumb"},"inLanguage":"nb-NO","potentialAction":[{"@type":"ReadAction","target":["https:\/\/www.nb.no\/nettbutikk\/produkt\/utstillingsplakat-med-pennen-pa-strupen\/"]}]},{"@type":"ImageObject","inLanguage":"nb-NO","@id":"https:\/\/www.nb.no\/nettbutikk\/produkt\/utstillingsplakat-med-pennen-pa-strupen\/#primaryimage","url":"https:\/\/www.nb.no\/content\/uploads\/sites\/5\/2026\/03\/E6mp-pifWn-U4mniGoxN3v_N_3Ic7pZvNzWXmtSYAPoBIYH-sbUtmrPYJDB4GZaXnyyvQOrZjVPhHWpeAohAbA.jpg","contentUrl":"https:\/\/www.nb.no\/content\/uploads\/sites\/5\/2026\/03\/E6mp-pifWn-U4mniGoxN3v_N_3Ic7pZvNzWXmtSYAPoBIYH-sbUtmrPYJDB4GZaXnyyvQOrZjVPhHWpeAohAbA.jpg","width":1417,"height":1984,"caption":"Utstillingsplakat: Med pennen p\u00e5 strupen"},{"@type":"BreadcrumbList","@id":"https:\/\/www.nb.no\/nettbutikk\/produkt\/utstillingsplakat-med-pennen-pa-strupen\/#breadcrumb","itemListElement":[{"@type":"ListItem","position":1,"name":"Home","item":"https:\/\/www.nb.no\/nettbutikk\/"},{"@type":"ListItem","position":2,"name":"Butikk","item":"https:\/\/www.nb.no\/nettbutikk\/butikk\/"},{"@type":"ListItem","position":3,"name":"Utstillingsplakat: Med pennen p\u00e5 strupen"}]},{"@type":"WebSite","@id":"https:\/\/www.nb.no\/nettbutikk\/#website","url":"https:\/\/www.nb.no\/nettbutikk\/","name":"NB Nettbutikk","description":"","potentialAction":[{"@type":"SearchAction","target":{"@type":"EntryPoint","urlTemplate":"https:\/\/www.nb.no\/nettbutikk\/?s={search_term_string}"},"query-input":{"@type":"PropertyValueSpecification","valueRequired":true,"valueName":"search_term_string"}}],"inLanguage":"nb-NO"}]}},"_links":{"self":[{"href":"https:\/\/www.nb.no\/nettbutikk\/wp-json\/wp\/v2\/product\/23247","targetHints":{"allow":["GET"]}}],"collection":[{"href":"https:\/\/www.nb.no\/nettbutikk\/wp-json\/wp\/v2\/product"}],"about":[{"href":"https:\/\/www.nb.no\/nettbutikk\/wp-json\/wp\/v2\/types\/product"}],"wp:featuredmedia":[{"embeddable":true,"href":"https:\/\/www.nb.no\/nettbutikk\/wp-json\/wp\/v2\/media\/23244"}],"wp:attachment":[{"href":"https:\/\/www.nb.no\/nettbutikk\/wp-json\/wp\/v2\/media?parent=23247"}],"wp:term":[{"taxonomy":"product_brand","embeddable":true,"href":"https:\/\/www.nb.no\/nettbutikk\/wp-json\/wp\/v2\/product_brand?post=23247"},{"taxonomy":"product_cat","embeddable":true,"href":"https:\/\/www.nb.no\/nettbutikk\/wp-json\/wp\/v2\/product_cat?post=23247"},{"taxonomy":"product_tag","embeddable":true,"href":"https:\/\/www.nb.no\/nettbutikk\/wp-json\/wp\/v2\/product_tag?post=23247"}],"curies":[{"name":"wp","href":"https:\/\/api.w.org\/{rel}","templated":true}]}}