{"id":23205,"date":"2026-03-16T13:32:43","date_gmt":"2026-03-16T12:32:43","guid":{"rendered":"https:\/\/www.nb.no\/nettbutikk\/produkt\/i-don-quijotes-land-olaf-gulbransson-i-simplicissimus\/"},"modified":"2026-03-29T06:00:07","modified_gmt":"2026-03-29T04:00:07","slug":"i-don-quijotes-land-olaf-gulbransson-i-simplicissimus","status":"publish","type":"product","link":"https:\/\/www.nb.no\/nettbutikk\/produkt\/i-don-quijotes-land-olaf-gulbransson-i-simplicissimus\/","title":{"rendered":"I Don Quijotes land. Olaf Gulbransson i Simplicissimus"},"content":{"rendered":"","protected":false},"excerpt":{"rendered":"<p>\u00abI Don Quijotes land. \u2018N\u00e5r tjeneren setter seg p\u00e5 den h\u00f8ye hesten, blir bare eselet igjen til herren.\u2019\u00bb <\/p>\n<p>Forside av tidsskriftet <i>Simplicissimus<\/i> nr. 50, 33. \u00e5rgang (11. mars 1920). Illustrasjon av Olaf Gulbransson (1873\u20131958). \u00a9 Olaf Gulbransson \/ BONO, 2026<\/p>\n","protected":false},"featured_media":23202,"template":"","meta":{"nb_hide_title":false,"nb_breadcrumb_title_override":""},"product_brand":[],"product_cat":[1243],"product_tag":[3949],"class_list":{"0":"post-23205","1":"product","2":"type-product","3":"status-publish","4":"has-post-thumbnail","6":"product_cat-postkort-enkle","7":"product_tag-satiretegninger","9":"first","10":"instock","11":"taxable","12":"shipping-taxable","13":"purchasable","14":"product-type-simple"},"yoast_head":"<!-- This site is optimized with the Yoast SEO plugin v27.1.1 - https:\/\/yoast.com\/product\/yoast-seo-wordpress\/ -->\n<title>I Don Quijotes land. Olaf Gulbransson i Simplicissimus - NB Nettbutikk<\/title>\n<meta name=\"robots\" content=\"index, follow, max-snippet:-1, max-image-preview:large, max-video-preview:-1\" \/>\n<link rel=\"canonical\" href=\"https:\/\/www.nb.no\/nettbutikk\/produkt\/i-don-quijotes-land-olaf-gulbransson-i-simplicissimus\/\" \/>\n<meta property=\"og:locale\" content=\"nb_NO\" \/>\n<meta property=\"og:type\" content=\"article\" \/>\n<meta property=\"og:title\" content=\"I Don Quijotes land. Olaf Gulbransson i Simplicissimus - NB Nettbutikk\" \/>\n<meta property=\"og:description\" content=\"\u00abI Don Quijotes land. \u2018N\u00e5r tjeneren setter seg p\u00e5 den h\u00f8ye hesten, blir bare eselet igjen til herren.\u2019\u00bb  Forside av tidsskriftet Simplicissimus nr. 50, 33. \u00e5rgang (11. mars 1920). Illustrasjon av Olaf Gulbransson (1873\u20131958). \u00a9 Olaf Gulbransson \/ BONO, 2026\" \/>\n<meta property=\"og:url\" content=\"https:\/\/www.nb.no\/nettbutikk\/produkt\/i-don-quijotes-land-olaf-gulbransson-i-simplicissimus\/\" \/>\n<meta property=\"og:site_name\" content=\"NB Nettbutikk\" \/>\n<meta property=\"article:modified_time\" content=\"2026-03-29T04:00:07+00:00\" \/>\n<meta property=\"og:image\" content=\"https:\/\/www.nb.no\/content\/uploads\/sites\/5\/2026\/03\/E6mp-pifWn-U4mniGoxN3v_N_3Ic7pZvNzWXmtnOA_9SIoX8trUoyrHbcjd3GJLAnnn_F76EiQnnTDEJAohAbA.jpg\" \/>\n\t<meta property=\"og:image:width\" content=\"1630\" \/>\n\t<meta property=\"og:image:height\" content=\"2209\" \/>\n\t<meta property=\"og:image:type\" content=\"image\/jpeg\" \/>\n<meta name=\"twitter:card\" content=\"summary_large_image\" \/>\n<script type=\"application\/ld+json\" class=\"yoast-schema-graph\">{\"@context\":\"https:\/\/schema.org\",\"@graph\":[{\"@type\":\"WebPage\",\"@id\":\"https:\/\/www.nb.no\/nettbutikk\/produkt\/i-don-quijotes-land-olaf-gulbransson-i-simplicissimus\/\",\"url\":\"https:\/\/www.nb.no\/nettbutikk\/produkt\/i-don-quijotes-land-olaf-gulbransson-i-simplicissimus\/\",\"name\":\"I Don Quijotes land. Olaf Gulbransson i Simplicissimus - NB Nettbutikk\",\"isPartOf\":{\"@id\":\"https:\/\/www.nb.no\/nettbutikk\/#website\"},\"primaryImageOfPage\":{\"@id\":\"https:\/\/www.nb.no\/nettbutikk\/produkt\/i-don-quijotes-land-olaf-gulbransson-i-simplicissimus\/#primaryimage\"},\"image\":{\"@id\":\"https:\/\/www.nb.no\/nettbutikk\/produkt\/i-don-quijotes-land-olaf-gulbransson-i-simplicissimus\/#primaryimage\"},\"thumbnailUrl\":\"https:\/\/www.nb.no\/content\/uploads\/sites\/5\/2026\/03\/E6mp-pifWn-U4mniGoxN3v_N_3Ic7pZvNzWXmtnOA_9SIoX8trUoyrHbcjd3GJLAnnn_F76EiQnnTDEJAohAbA.jpg\",\"datePublished\":\"2026-03-16T12:32:43+00:00\",\"dateModified\":\"2026-03-29T04:00:07+00:00\",\"breadcrumb\":{\"@id\":\"https:\/\/www.nb.no\/nettbutikk\/produkt\/i-don-quijotes-land-olaf-gulbransson-i-simplicissimus\/#breadcrumb\"},\"inLanguage\":\"nb-NO\",\"potentialAction\":[{\"@type\":\"ReadAction\",\"target\":[\"https:\/\/www.nb.no\/nettbutikk\/produkt\/i-don-quijotes-land-olaf-gulbransson-i-simplicissimus\/\"]}]},{\"@type\":\"ImageObject\",\"inLanguage\":\"nb-NO\",\"@id\":\"https:\/\/www.nb.no\/nettbutikk\/produkt\/i-don-quijotes-land-olaf-gulbransson-i-simplicissimus\/#primaryimage\",\"url\":\"https:\/\/www.nb.no\/content\/uploads\/sites\/5\/2026\/03\/E6mp-pifWn-U4mniGoxN3v_N_3Ic7pZvNzWXmtnOA_9SIoX8trUoyrHbcjd3GJLAnnn_F76EiQnnTDEJAohAbA.jpg\",\"contentUrl\":\"https:\/\/www.nb.no\/content\/uploads\/sites\/5\/2026\/03\/E6mp-pifWn-U4mniGoxN3v_N_3Ic7pZvNzWXmtnOA_9SIoX8trUoyrHbcjd3GJLAnnn_F76EiQnnTDEJAohAbA.jpg\",\"width\":1630,\"height\":2209,\"caption\":\"I Don Quijotes land. Olaf Gulbransson i Simplicissimus\"},{\"@type\":\"BreadcrumbList\",\"@id\":\"https:\/\/www.nb.no\/nettbutikk\/produkt\/i-don-quijotes-land-olaf-gulbransson-i-simplicissimus\/#breadcrumb\",\"itemListElement\":[{\"@type\":\"ListItem\",\"position\":1,\"name\":\"Home\",\"item\":\"https:\/\/www.nb.no\/nettbutikk\/\"},{\"@type\":\"ListItem\",\"position\":2,\"name\":\"Butikk\",\"item\":\"https:\/\/www.nb.no\/nettbutikk\/butikk\/\"},{\"@type\":\"ListItem\",\"position\":3,\"name\":\"I Don Quijotes land. Olaf Gulbransson i Simplicissimus\"}]},{\"@type\":\"WebSite\",\"@id\":\"https:\/\/www.nb.no\/nettbutikk\/#website\",\"url\":\"https:\/\/www.nb.no\/nettbutikk\/\",\"name\":\"NB Nettbutikk\",\"description\":\"\",\"potentialAction\":[{\"@type\":\"SearchAction\",\"target\":{\"@type\":\"EntryPoint\",\"urlTemplate\":\"https:\/\/www.nb.no\/nettbutikk\/?s={search_term_string}\"},\"query-input\":{\"@type\":\"PropertyValueSpecification\",\"valueRequired\":true,\"valueName\":\"search_term_string\"}}],\"inLanguage\":\"nb-NO\"}]}<\/script>\n<!-- \/ Yoast SEO plugin. -->","yoast_head_json":{"title":"I Don Quijotes land. Olaf Gulbransson i Simplicissimus - NB Nettbutikk","robots":{"index":"index","follow":"follow","max-snippet":"max-snippet:-1","max-image-preview":"max-image-preview:large","max-video-preview":"max-video-preview:-1"},"canonical":"https:\/\/www.nb.no\/nettbutikk\/produkt\/i-don-quijotes-land-olaf-gulbransson-i-simplicissimus\/","og_locale":"nb_NO","og_type":"article","og_title":"I Don Quijotes land. Olaf Gulbransson i Simplicissimus - NB Nettbutikk","og_description":"\u00abI Don Quijotes land. \u2018N\u00e5r tjeneren setter seg p\u00e5 den h\u00f8ye hesten, blir bare eselet igjen til herren.\u2019\u00bb  Forside av tidsskriftet Simplicissimus nr. 50, 33. \u00e5rgang (11. mars 1920). Illustrasjon av Olaf Gulbransson (1873\u20131958). \u00a9 Olaf Gulbransson \/ BONO, 2026","og_url":"https:\/\/www.nb.no\/nettbutikk\/produkt\/i-don-quijotes-land-olaf-gulbransson-i-simplicissimus\/","og_site_name":"NB Nettbutikk","article_modified_time":"2026-03-29T04:00:07+00:00","og_image":[{"width":1630,"height":2209,"url":"https:\/\/www.nb.no\/content\/uploads\/sites\/5\/2026\/03\/E6mp-pifWn-U4mniGoxN3v_N_3Ic7pZvNzWXmtnOA_9SIoX8trUoyrHbcjd3GJLAnnn_F76EiQnnTDEJAohAbA.jpg","type":"image\/jpeg"}],"twitter_card":"summary_large_image","schema":{"@context":"https:\/\/schema.org","@graph":[{"@type":"WebPage","@id":"https:\/\/www.nb.no\/nettbutikk\/produkt\/i-don-quijotes-land-olaf-gulbransson-i-simplicissimus\/","url":"https:\/\/www.nb.no\/nettbutikk\/produkt\/i-don-quijotes-land-olaf-gulbransson-i-simplicissimus\/","name":"I Don Quijotes land. Olaf Gulbransson i Simplicissimus - NB Nettbutikk","isPartOf":{"@id":"https:\/\/www.nb.no\/nettbutikk\/#website"},"primaryImageOfPage":{"@id":"https:\/\/www.nb.no\/nettbutikk\/produkt\/i-don-quijotes-land-olaf-gulbransson-i-simplicissimus\/#primaryimage"},"image":{"@id":"https:\/\/www.nb.no\/nettbutikk\/produkt\/i-don-quijotes-land-olaf-gulbransson-i-simplicissimus\/#primaryimage"},"thumbnailUrl":"https:\/\/www.nb.no\/content\/uploads\/sites\/5\/2026\/03\/E6mp-pifWn-U4mniGoxN3v_N_3Ic7pZvNzWXmtnOA_9SIoX8trUoyrHbcjd3GJLAnnn_F76EiQnnTDEJAohAbA.jpg","datePublished":"2026-03-16T12:32:43+00:00","dateModified":"2026-03-29T04:00:07+00:00","breadcrumb":{"@id":"https:\/\/www.nb.no\/nettbutikk\/produkt\/i-don-quijotes-land-olaf-gulbransson-i-simplicissimus\/#breadcrumb"},"inLanguage":"nb-NO","potentialAction":[{"@type":"ReadAction","target":["https:\/\/www.nb.no\/nettbutikk\/produkt\/i-don-quijotes-land-olaf-gulbransson-i-simplicissimus\/"]}]},{"@type":"ImageObject","inLanguage":"nb-NO","@id":"https:\/\/www.nb.no\/nettbutikk\/produkt\/i-don-quijotes-land-olaf-gulbransson-i-simplicissimus\/#primaryimage","url":"https:\/\/www.nb.no\/content\/uploads\/sites\/5\/2026\/03\/E6mp-pifWn-U4mniGoxN3v_N_3Ic7pZvNzWXmtnOA_9SIoX8trUoyrHbcjd3GJLAnnn_F76EiQnnTDEJAohAbA.jpg","contentUrl":"https:\/\/www.nb.no\/content\/uploads\/sites\/5\/2026\/03\/E6mp-pifWn-U4mniGoxN3v_N_3Ic7pZvNzWXmtnOA_9SIoX8trUoyrHbcjd3GJLAnnn_F76EiQnnTDEJAohAbA.jpg","width":1630,"height":2209,"caption":"I Don Quijotes land. Olaf Gulbransson i Simplicissimus"},{"@type":"BreadcrumbList","@id":"https:\/\/www.nb.no\/nettbutikk\/produkt\/i-don-quijotes-land-olaf-gulbransson-i-simplicissimus\/#breadcrumb","itemListElement":[{"@type":"ListItem","position":1,"name":"Home","item":"https:\/\/www.nb.no\/nettbutikk\/"},{"@type":"ListItem","position":2,"name":"Butikk","item":"https:\/\/www.nb.no\/nettbutikk\/butikk\/"},{"@type":"ListItem","position":3,"name":"I Don Quijotes land. Olaf Gulbransson i Simplicissimus"}]},{"@type":"WebSite","@id":"https:\/\/www.nb.no\/nettbutikk\/#website","url":"https:\/\/www.nb.no\/nettbutikk\/","name":"NB Nettbutikk","description":"","potentialAction":[{"@type":"SearchAction","target":{"@type":"EntryPoint","urlTemplate":"https:\/\/www.nb.no\/nettbutikk\/?s={search_term_string}"},"query-input":{"@type":"PropertyValueSpecification","valueRequired":true,"valueName":"search_term_string"}}],"inLanguage":"nb-NO"}]}},"_links":{"self":[{"href":"https:\/\/www.nb.no\/nettbutikk\/wp-json\/wp\/v2\/product\/23205","targetHints":{"allow":["GET"]}}],"collection":[{"href":"https:\/\/www.nb.no\/nettbutikk\/wp-json\/wp\/v2\/product"}],"about":[{"href":"https:\/\/www.nb.no\/nettbutikk\/wp-json\/wp\/v2\/types\/product"}],"wp:featuredmedia":[{"embeddable":true,"href":"https:\/\/www.nb.no\/nettbutikk\/wp-json\/wp\/v2\/media\/23202"}],"wp:attachment":[{"href":"https:\/\/www.nb.no\/nettbutikk\/wp-json\/wp\/v2\/media?parent=23205"}],"wp:term":[{"taxonomy":"product_brand","embeddable":true,"href":"https:\/\/www.nb.no\/nettbutikk\/wp-json\/wp\/v2\/product_brand?post=23205"},{"taxonomy":"product_cat","embeddable":true,"href":"https:\/\/www.nb.no\/nettbutikk\/wp-json\/wp\/v2\/product_cat?post=23205"},{"taxonomy":"product_tag","embeddable":true,"href":"https:\/\/www.nb.no\/nettbutikk\/wp-json\/wp\/v2\/product_tag?post=23205"}],"curies":[{"name":"wp","href":"https:\/\/api.w.org\/{rel}","templated":true}]}}