{"id":23173,"date":"2026-03-12T12:22:17","date_gmt":"2026-03-12T11:22:17","guid":{"rendered":"https:\/\/www.nb.no\/nettbutikk\/produkt\/fra-amerika-til-norske-aviser\/"},"modified":"2026-04-01T06:03:34","modified_gmt":"2026-04-01T04:03:34","slug":"fra-amerika-til-norske-aviser","status":"publish","type":"product","link":"https:\/\/www.nb.no\/nettbutikk\/produkt\/fra-amerika-til-norske-aviser\/","title":{"rendered":"Fra Amerika til norske aviser"},"content":{"rendered":"","protected":false},"excerpt":{"rendered":"<p><a href=\"https:\/\/issuu.com\/nasjonalbiblioteket\/docs\/fra_amerika_til_norske_aviser\">Boka kan leses p\u00e5 nett her<\/a><\/p>\n<p>I l\u00f8pet av 1800-tallet kom det hundretusenvis av brev til Norge fra Amerika. Over to hundre av disse ble tidlig trykt i norske aviser. De trykte utvandrerbrevene har aldri f\u00f8r blitt samlet og sett under ett. Disse gj\u00f8r det mulig \u00e5 fortelle om den tidlige utvandringen fra Norge p\u00e5 nye m\u00e5ter.<\/p>\n<p>Forankret i lokalhistoriske og translokale perspektiver unders\u00f8ker <i>Fra Amerika til norske aviser<\/i> hvordan de f\u00f8rste brevene fra Amerika egentlig ble spredt i Norge, og hvordan de f\u00f8rte til at mange begynte \u00e5 vandre ut av landet. Hva var det folk egentlig leste? Hvem var det som skrev? Og hvem var det som leste? Svaret finner vi i de trykte brevene.<\/p>\n","protected":false},"featured_media":23170,"template":"","meta":{"nb_hide_title":false,"nb_breadcrumb_title_override":""},"product_brand":[],"product_cat":[1610],"product_tag":[3752,3749,3696],"class_list":{"0":"post-23173","1":"product","2":"type-product","3":"status-publish","4":"has-post-thumbnail","6":"product_cat-lokalia","7":"product_tag-1800-tallet","8":"product_tag-brev","9":"product_tag-utvandring","11":"first","12":"instock","13":"shipping-taxable","14":"purchasable","15":"product-type-simple"},"yoast_head":"<!-- This site is optimized with the Yoast SEO plugin v27.1.1 - https:\/\/yoast.com\/product\/yoast-seo-wordpress\/ -->\n<title>Fra Amerika til norske aviser - NB Nettbutikk<\/title>\n<meta name=\"robots\" content=\"index, follow, max-snippet:-1, max-image-preview:large, max-video-preview:-1\" \/>\n<link rel=\"canonical\" href=\"https:\/\/www.nb.no\/nettbutikk\/produkt\/fra-amerika-til-norske-aviser\/\" \/>\n<meta property=\"og:locale\" content=\"nb_NO\" \/>\n<meta property=\"og:type\" content=\"article\" \/>\n<meta property=\"og:title\" content=\"Fra Amerika til norske aviser - NB Nettbutikk\" \/>\n<meta property=\"og:description\" content=\"Boka kan leses p\u00e5 nett her I l\u00f8pet av 1800-tallet kom det hundretusenvis av brev til Norge fra Amerika. Over to hundre av disse ble tidlig trykt i norske aviser. De trykte utvandrerbrevene har aldri f\u00f8r blitt samlet og sett under ett. Disse gj\u00f8r det mulig \u00e5 fortelle om den tidlige utvandringen fra Norge p\u00e5 nye m\u00e5ter. Forankret i lokalhistoriske og translokale perspektiver unders\u00f8ker Fra Amerika til norske aviser hvordan de f\u00f8rste brevene fra Amerika egentlig ble spredt i Norge, og hvordan de f\u00f8rte til at mange begynte \u00e5 vandre ut av landet. Hva var det folk egentlig leste? Hvem var det som skrev? Og hvem var det som leste? Svaret finner vi i de trykte brevene.\" \/>\n<meta property=\"og:url\" content=\"https:\/\/www.nb.no\/nettbutikk\/produkt\/fra-amerika-til-norske-aviser\/\" \/>\n<meta property=\"og:site_name\" content=\"NB Nettbutikk\" \/>\n<meta property=\"article:modified_time\" content=\"2026-04-01T04:03:34+00:00\" \/>\n<meta property=\"og:image\" content=\"https:\/\/www.nb.no\/content\/uploads\/sites\/5\/2026\/03\/E6mp-pifWn-U4mniGoxN3v_N_3Ic7pZvNzWXmoOaDv5ceND_4uB7neXeJ2d5RpeTnyOvEuSOiF3hE2pcAohAbA-scaled.jpg\" \/>\n\t<meta property=\"og:image:width\" content=\"1862\" \/>\n\t<meta property=\"og:image:height\" content=\"2560\" \/>\n\t<meta property=\"og:image:type\" content=\"image\/jpeg\" \/>\n<meta name=\"twitter:card\" content=\"summary_large_image\" \/>\n<meta name=\"twitter:label1\" content=\"Ansl. lesetid\" \/>\n\t<meta name=\"twitter:data1\" content=\"1 minutt\" \/>\n<script type=\"application\/ld+json\" class=\"yoast-schema-graph\">{\"@context\":\"https:\/\/schema.org\",\"@graph\":[{\"@type\":\"WebPage\",\"@id\":\"https:\/\/www.nb.no\/nettbutikk\/produkt\/fra-amerika-til-norske-aviser\/\",\"url\":\"https:\/\/www.nb.no\/nettbutikk\/produkt\/fra-amerika-til-norske-aviser\/\",\"name\":\"Fra Amerika til norske aviser - NB Nettbutikk\",\"isPartOf\":{\"@id\":\"https:\/\/www.nb.no\/nettbutikk\/#website\"},\"primaryImageOfPage\":{\"@id\":\"https:\/\/www.nb.no\/nettbutikk\/produkt\/fra-amerika-til-norske-aviser\/#primaryimage\"},\"image\":{\"@id\":\"https:\/\/www.nb.no\/nettbutikk\/produkt\/fra-amerika-til-norske-aviser\/#primaryimage\"},\"thumbnailUrl\":\"https:\/\/www.nb.no\/content\/uploads\/sites\/5\/2026\/03\/E6mp-pifWn-U4mniGoxN3v_N_3Ic7pZvNzWXmoOaDv5ceND_4uB7neXeJ2d5RpeTnyOvEuSOiF3hE2pcAohAbA-scaled.jpg\",\"datePublished\":\"2026-03-12T11:22:17+00:00\",\"dateModified\":\"2026-04-01T04:03:34+00:00\",\"breadcrumb\":{\"@id\":\"https:\/\/www.nb.no\/nettbutikk\/produkt\/fra-amerika-til-norske-aviser\/#breadcrumb\"},\"inLanguage\":\"nb-NO\",\"potentialAction\":[{\"@type\":\"ReadAction\",\"target\":[\"https:\/\/www.nb.no\/nettbutikk\/produkt\/fra-amerika-til-norske-aviser\/\"]}]},{\"@type\":\"ImageObject\",\"inLanguage\":\"nb-NO\",\"@id\":\"https:\/\/www.nb.no\/nettbutikk\/produkt\/fra-amerika-til-norske-aviser\/#primaryimage\",\"url\":\"https:\/\/www.nb.no\/content\/uploads\/sites\/5\/2026\/03\/E6mp-pifWn-U4mniGoxN3v_N_3Ic7pZvNzWXmoOaDv5ceND_4uB7neXeJ2d5RpeTnyOvEuSOiF3hE2pcAohAbA-scaled.jpg\",\"contentUrl\":\"https:\/\/www.nb.no\/content\/uploads\/sites\/5\/2026\/03\/E6mp-pifWn-U4mniGoxN3v_N_3Ic7pZvNzWXmoOaDv5ceND_4uB7neXeJ2d5RpeTnyOvEuSOiF3hE2pcAohAbA-scaled.jpg\",\"width\":1862,\"height\":2560,\"caption\":\"Fra Amerika til norske aviser\"},{\"@type\":\"BreadcrumbList\",\"@id\":\"https:\/\/www.nb.no\/nettbutikk\/produkt\/fra-amerika-til-norske-aviser\/#breadcrumb\",\"itemListElement\":[{\"@type\":\"ListItem\",\"position\":1,\"name\":\"Home\",\"item\":\"https:\/\/www.nb.no\/nettbutikk\/\"},{\"@type\":\"ListItem\",\"position\":2,\"name\":\"Butikk\",\"item\":\"https:\/\/www.nb.no\/nettbutikk\/butikk\/\"},{\"@type\":\"ListItem\",\"position\":3,\"name\":\"Fra Amerika til norske aviser\"}]},{\"@type\":\"WebSite\",\"@id\":\"https:\/\/www.nb.no\/nettbutikk\/#website\",\"url\":\"https:\/\/www.nb.no\/nettbutikk\/\",\"name\":\"NB Nettbutikk\",\"description\":\"\",\"potentialAction\":[{\"@type\":\"SearchAction\",\"target\":{\"@type\":\"EntryPoint\",\"urlTemplate\":\"https:\/\/www.nb.no\/nettbutikk\/?s={search_term_string}\"},\"query-input\":{\"@type\":\"PropertyValueSpecification\",\"valueRequired\":true,\"valueName\":\"search_term_string\"}}],\"inLanguage\":\"nb-NO\"}]}<\/script>\n<!-- \/ Yoast SEO plugin. -->","yoast_head_json":{"title":"Fra Amerika til norske aviser - NB Nettbutikk","robots":{"index":"index","follow":"follow","max-snippet":"max-snippet:-1","max-image-preview":"max-image-preview:large","max-video-preview":"max-video-preview:-1"},"canonical":"https:\/\/www.nb.no\/nettbutikk\/produkt\/fra-amerika-til-norske-aviser\/","og_locale":"nb_NO","og_type":"article","og_title":"Fra Amerika til norske aviser - NB Nettbutikk","og_description":"Boka kan leses p\u00e5 nett her I l\u00f8pet av 1800-tallet kom det hundretusenvis av brev til Norge fra Amerika. Over to hundre av disse ble tidlig trykt i norske aviser. De trykte utvandrerbrevene har aldri f\u00f8r blitt samlet og sett under ett. Disse gj\u00f8r det mulig \u00e5 fortelle om den tidlige utvandringen fra Norge p\u00e5 nye m\u00e5ter. Forankret i lokalhistoriske og translokale perspektiver unders\u00f8ker Fra Amerika til norske aviser hvordan de f\u00f8rste brevene fra Amerika egentlig ble spredt i Norge, og hvordan de f\u00f8rte til at mange begynte \u00e5 vandre ut av landet. Hva var det folk egentlig leste? Hvem var det som skrev? Og hvem var det som leste? Svaret finner vi i de trykte brevene.","og_url":"https:\/\/www.nb.no\/nettbutikk\/produkt\/fra-amerika-til-norske-aviser\/","og_site_name":"NB Nettbutikk","article_modified_time":"2026-04-01T04:03:34+00:00","og_image":[{"width":1862,"height":2560,"url":"https:\/\/www.nb.no\/content\/uploads\/sites\/5\/2026\/03\/E6mp-pifWn-U4mniGoxN3v_N_3Ic7pZvNzWXmoOaDv5ceND_4uB7neXeJ2d5RpeTnyOvEuSOiF3hE2pcAohAbA-scaled.jpg","type":"image\/jpeg"}],"twitter_card":"summary_large_image","twitter_misc":{"Ansl. lesetid":"1 minutt"},"schema":{"@context":"https:\/\/schema.org","@graph":[{"@type":"WebPage","@id":"https:\/\/www.nb.no\/nettbutikk\/produkt\/fra-amerika-til-norske-aviser\/","url":"https:\/\/www.nb.no\/nettbutikk\/produkt\/fra-amerika-til-norske-aviser\/","name":"Fra Amerika til norske aviser - NB Nettbutikk","isPartOf":{"@id":"https:\/\/www.nb.no\/nettbutikk\/#website"},"primaryImageOfPage":{"@id":"https:\/\/www.nb.no\/nettbutikk\/produkt\/fra-amerika-til-norske-aviser\/#primaryimage"},"image":{"@id":"https:\/\/www.nb.no\/nettbutikk\/produkt\/fra-amerika-til-norske-aviser\/#primaryimage"},"thumbnailUrl":"https:\/\/www.nb.no\/content\/uploads\/sites\/5\/2026\/03\/E6mp-pifWn-U4mniGoxN3v_N_3Ic7pZvNzWXmoOaDv5ceND_4uB7neXeJ2d5RpeTnyOvEuSOiF3hE2pcAohAbA-scaled.jpg","datePublished":"2026-03-12T11:22:17+00:00","dateModified":"2026-04-01T04:03:34+00:00","breadcrumb":{"@id":"https:\/\/www.nb.no\/nettbutikk\/produkt\/fra-amerika-til-norske-aviser\/#breadcrumb"},"inLanguage":"nb-NO","potentialAction":[{"@type":"ReadAction","target":["https:\/\/www.nb.no\/nettbutikk\/produkt\/fra-amerika-til-norske-aviser\/"]}]},{"@type":"ImageObject","inLanguage":"nb-NO","@id":"https:\/\/www.nb.no\/nettbutikk\/produkt\/fra-amerika-til-norske-aviser\/#primaryimage","url":"https:\/\/www.nb.no\/content\/uploads\/sites\/5\/2026\/03\/E6mp-pifWn-U4mniGoxN3v_N_3Ic7pZvNzWXmoOaDv5ceND_4uB7neXeJ2d5RpeTnyOvEuSOiF3hE2pcAohAbA-scaled.jpg","contentUrl":"https:\/\/www.nb.no\/content\/uploads\/sites\/5\/2026\/03\/E6mp-pifWn-U4mniGoxN3v_N_3Ic7pZvNzWXmoOaDv5ceND_4uB7neXeJ2d5RpeTnyOvEuSOiF3hE2pcAohAbA-scaled.jpg","width":1862,"height":2560,"caption":"Fra Amerika til norske aviser"},{"@type":"BreadcrumbList","@id":"https:\/\/www.nb.no\/nettbutikk\/produkt\/fra-amerika-til-norske-aviser\/#breadcrumb","itemListElement":[{"@type":"ListItem","position":1,"name":"Home","item":"https:\/\/www.nb.no\/nettbutikk\/"},{"@type":"ListItem","position":2,"name":"Butikk","item":"https:\/\/www.nb.no\/nettbutikk\/butikk\/"},{"@type":"ListItem","position":3,"name":"Fra Amerika til norske aviser"}]},{"@type":"WebSite","@id":"https:\/\/www.nb.no\/nettbutikk\/#website","url":"https:\/\/www.nb.no\/nettbutikk\/","name":"NB Nettbutikk","description":"","potentialAction":[{"@type":"SearchAction","target":{"@type":"EntryPoint","urlTemplate":"https:\/\/www.nb.no\/nettbutikk\/?s={search_term_string}"},"query-input":{"@type":"PropertyValueSpecification","valueRequired":true,"valueName":"search_term_string"}}],"inLanguage":"nb-NO"}]}},"_links":{"self":[{"href":"https:\/\/www.nb.no\/nettbutikk\/wp-json\/wp\/v2\/product\/23173","targetHints":{"allow":["GET"]}}],"collection":[{"href":"https:\/\/www.nb.no\/nettbutikk\/wp-json\/wp\/v2\/product"}],"about":[{"href":"https:\/\/www.nb.no\/nettbutikk\/wp-json\/wp\/v2\/types\/product"}],"wp:featuredmedia":[{"embeddable":true,"href":"https:\/\/www.nb.no\/nettbutikk\/wp-json\/wp\/v2\/media\/23170"}],"wp:attachment":[{"href":"https:\/\/www.nb.no\/nettbutikk\/wp-json\/wp\/v2\/media?parent=23173"}],"wp:term":[{"taxonomy":"product_brand","embeddable":true,"href":"https:\/\/www.nb.no\/nettbutikk\/wp-json\/wp\/v2\/product_brand?post=23173"},{"taxonomy":"product_cat","embeddable":true,"href":"https:\/\/www.nb.no\/nettbutikk\/wp-json\/wp\/v2\/product_cat?post=23173"},{"taxonomy":"product_tag","embeddable":true,"href":"https:\/\/www.nb.no\/nettbutikk\/wp-json\/wp\/v2\/product_tag?post=23173"}],"curies":[{"name":"wp","href":"https:\/\/api.w.org\/{rel}","templated":true}]}}