{"id":23106,"date":"2026-02-26T10:21:47","date_gmt":"2026-02-26T09:21:47","guid":{"rendered":"https:\/\/www.nb.no\/nettbutikk\/produkt\/magnus-lagabotes-kristenrett-saettargjerden-i-tonsberg\/"},"modified":"2026-05-06T06:16:39","modified_gmt":"2026-05-06T04:16:39","slug":"magnus-lagabotes-kristenrett-saettargjerden-i-tonsberg","status":"publish","type":"product","link":"https:\/\/www.nb.no\/nettbutikk\/produkt\/magnus-lagabotes-kristenrett-saettargjerden-i-tonsberg\/","title":{"rendered":"Magnus Lagab\u00f8tes kristenrett, S\u00e6ttargjerden i T\u00f8nsberg"},"content":{"rendered":"","protected":false},"excerpt":{"rendered":"<p><a href=\"https:\/\/issuu.com\/nasjonalbiblioteket\/docs\/magnus_lagab_tes_kristenrett_s_ttargjerden_i_t_ns?fr=xKAE9_zU1NQ\">Boka kan leses p\u00e5 nett her<\/a><\/p>\n<p>Magnus Lagab\u00f8tes kristenrett er loven med kirkelige regler som ble fors\u00f8kt innf\u00f8rt i kongens regjeringstid (1263\u20131280), og S\u00e6ttargjerden er avtalen som ble inng\u00e5tt mellom kong Magnus og erkebiskop Jon Raude i T\u00f8nsberg i 1277. Skriftene utgj\u00f8r den delen av kong Magnus\u2019 lovgivning som ber\u00f8rer kirken og religionens plass i samfunnet, samt forholdet mellom kirken og kongemakten. Begge skrifter er viktige kilder til \u00e5 forst\u00e5 hvordan religionen formet dagligliv, \u00f8konomi og politikk i Norge i middelalderen.  <\/p>\n<p>Oversettelser er ved Erlend Myklebust, Magnus Rindal og Bj\u00f8rg Dale Sp\u00f8rck. Introduksjonstekster ved Sigrun H\u00f8getveit Berg og Anders Winroth.<\/p>\n<p>Boka er andre bind i serien <i>Norske middelalderskrifter<\/i>, en bokserie som har som form\u00e5l \u00e5 tilgjengeliggj\u00f8re middelalderens skriftkultur p\u00e5 moderne norsk.<\/p>\n","protected":false},"featured_media":23103,"template":"","meta":{"nb_hide_title":false,"nb_breadcrumb_title_override":""},"product_brand":[],"product_cat":[3918],"product_tag":[3746,3745],"class_list":{"0":"post-23106","1":"product","2":"type-product","3":"status-publish","4":"has-post-thumbnail","6":"product_cat-norske-middelalderskrifter","7":"product_tag-middelalder","8":"product_tag-middelalderlover","10":"first","11":"instock","12":"shipping-taxable","13":"purchasable","14":"product-type-simple"},"yoast_head":"<!-- This site is optimized with the Yoast SEO plugin v27.1.1 - https:\/\/yoast.com\/product\/yoast-seo-wordpress\/ -->\n<title>Magnus Lagab\u00f8tes kristenrett, S\u00e6ttargjerden i T\u00f8nsberg - NB Nettbutikk<\/title>\n<meta name=\"robots\" content=\"index, follow, max-snippet:-1, max-image-preview:large, max-video-preview:-1\" \/>\n<link rel=\"canonical\" href=\"https:\/\/www.nb.no\/nettbutikk\/produkt\/magnus-lagabotes-kristenrett-saettargjerden-i-tonsberg\/\" \/>\n<meta property=\"og:locale\" content=\"nb_NO\" \/>\n<meta property=\"og:type\" content=\"article\" \/>\n<meta property=\"og:title\" content=\"Magnus Lagab\u00f8tes kristenrett, S\u00e6ttargjerden i T\u00f8nsberg - NB Nettbutikk\" \/>\n<meta property=\"og:description\" content=\"Boka kan leses p\u00e5 nett her Magnus Lagab\u00f8tes kristenrett er loven med kirkelige regler som ble fors\u00f8kt innf\u00f8rt i kongens regjeringstid (1263\u20131280), og S\u00e6ttargjerden er avtalen som ble inng\u00e5tt mellom kong Magnus og erkebiskop Jon Raude i T\u00f8nsberg i 1277. Skriftene utgj\u00f8r den delen av kong Magnus\u2019 lovgivning som ber\u00f8rer kirken og religionens plass i samfunnet, samt forholdet mellom kirken og kongemakten. Begge skrifter er viktige kilder til \u00e5 forst\u00e5 hvordan religionen formet dagligliv, \u00f8konomi og politikk i Norge i middelalderen.  Oversettelser er ved Erlend Myklebust, Magnus Rindal og Bj\u00f8rg Dale Sp\u00f8rck. Introduksjonstekster ved Sigrun H\u00f8getveit Berg og Anders Winroth. Boka er andre bind i serien Norske middelalderskrifter, en bokserie som har som form\u00e5l \u00e5 tilgjengeliggj\u00f8re middelalderens skriftkultur p\u00e5 moderne norsk.\" \/>\n<meta property=\"og:url\" content=\"https:\/\/www.nb.no\/nettbutikk\/produkt\/magnus-lagabotes-kristenrett-saettargjerden-i-tonsberg\/\" \/>\n<meta property=\"og:site_name\" content=\"NB Nettbutikk\" \/>\n<meta property=\"article:modified_time\" content=\"2026-05-06T04:16:39+00:00\" \/>\n<meta property=\"og:image\" content=\"https:\/\/www.nb.no\/content\/uploads\/sites\/5\/2026\/02\/E6mp-pifWn-U4mniGoxN3v_N_3Ic7pZvNzWXmoXMBvdUeIKosLB7nbONcj0oQsaUnnz4EOSJiwnnGTlaAohAbA.jpg\" \/>\n\t<meta property=\"og:image:width\" content=\"1288\" \/>\n\t<meta property=\"og:image:height\" content=\"1798\" \/>\n\t<meta property=\"og:image:type\" content=\"image\/jpeg\" \/>\n<meta name=\"twitter:card\" content=\"summary_large_image\" \/>\n<meta name=\"twitter:label1\" content=\"Ansl. lesetid\" \/>\n\t<meta name=\"twitter:data1\" content=\"1 minutt\" \/>\n<script type=\"application\/ld+json\" class=\"yoast-schema-graph\">{\"@context\":\"https:\/\/schema.org\",\"@graph\":[{\"@type\":\"WebPage\",\"@id\":\"https:\/\/www.nb.no\/nettbutikk\/produkt\/magnus-lagabotes-kristenrett-saettargjerden-i-tonsberg\/\",\"url\":\"https:\/\/www.nb.no\/nettbutikk\/produkt\/magnus-lagabotes-kristenrett-saettargjerden-i-tonsberg\/\",\"name\":\"Magnus Lagab\u00f8tes kristenrett, S\u00e6ttargjerden i T\u00f8nsberg - NB Nettbutikk\",\"isPartOf\":{\"@id\":\"https:\/\/www.nb.no\/nettbutikk\/#website\"},\"primaryImageOfPage\":{\"@id\":\"https:\/\/www.nb.no\/nettbutikk\/produkt\/magnus-lagabotes-kristenrett-saettargjerden-i-tonsberg\/#primaryimage\"},\"image\":{\"@id\":\"https:\/\/www.nb.no\/nettbutikk\/produkt\/magnus-lagabotes-kristenrett-saettargjerden-i-tonsberg\/#primaryimage\"},\"thumbnailUrl\":\"https:\/\/www.nb.no\/content\/uploads\/sites\/5\/2026\/02\/E6mp-pifWn-U4mniGoxN3v_N_3Ic7pZvNzWXmoXMBvdUeIKosLB7nbONcj0oQsaUnnz4EOSJiwnnGTlaAohAbA.jpg\",\"datePublished\":\"2026-02-26T09:21:47+00:00\",\"dateModified\":\"2026-05-06T04:16:39+00:00\",\"breadcrumb\":{\"@id\":\"https:\/\/www.nb.no\/nettbutikk\/produkt\/magnus-lagabotes-kristenrett-saettargjerden-i-tonsberg\/#breadcrumb\"},\"inLanguage\":\"nb-NO\",\"potentialAction\":[{\"@type\":\"ReadAction\",\"target\":[\"https:\/\/www.nb.no\/nettbutikk\/produkt\/magnus-lagabotes-kristenrett-saettargjerden-i-tonsberg\/\"]}]},{\"@type\":\"ImageObject\",\"inLanguage\":\"nb-NO\",\"@id\":\"https:\/\/www.nb.no\/nettbutikk\/produkt\/magnus-lagabotes-kristenrett-saettargjerden-i-tonsberg\/#primaryimage\",\"url\":\"https:\/\/www.nb.no\/content\/uploads\/sites\/5\/2026\/02\/E6mp-pifWn-U4mniGoxN3v_N_3Ic7pZvNzWXmoXMBvdUeIKosLB7nbONcj0oQsaUnnz4EOSJiwnnGTlaAohAbA.jpg\",\"contentUrl\":\"https:\/\/www.nb.no\/content\/uploads\/sites\/5\/2026\/02\/E6mp-pifWn-U4mniGoxN3v_N_3Ic7pZvNzWXmoXMBvdUeIKosLB7nbONcj0oQsaUnnz4EOSJiwnnGTlaAohAbA.jpg\",\"width\":1288,\"height\":1798,\"caption\":\"Magnus Lagab\u00f8tes kristenrett, S\u00e6ttargjerden i T\u00f8nsberg\"},{\"@type\":\"BreadcrumbList\",\"@id\":\"https:\/\/www.nb.no\/nettbutikk\/produkt\/magnus-lagabotes-kristenrett-saettargjerden-i-tonsberg\/#breadcrumb\",\"itemListElement\":[{\"@type\":\"ListItem\",\"position\":1,\"name\":\"Home\",\"item\":\"https:\/\/www.nb.no\/nettbutikk\/\"},{\"@type\":\"ListItem\",\"position\":2,\"name\":\"Butikk\",\"item\":\"https:\/\/www.nb.no\/nettbutikk\/butikk\/\"},{\"@type\":\"ListItem\",\"position\":3,\"name\":\"Magnus Lagab\u00f8tes kristenrett, S\u00e6ttargjerden i T\u00f8nsberg\"}]},{\"@type\":\"WebSite\",\"@id\":\"https:\/\/www.nb.no\/nettbutikk\/#website\",\"url\":\"https:\/\/www.nb.no\/nettbutikk\/\",\"name\":\"NB Nettbutikk\",\"description\":\"\",\"potentialAction\":[{\"@type\":\"SearchAction\",\"target\":{\"@type\":\"EntryPoint\",\"urlTemplate\":\"https:\/\/www.nb.no\/nettbutikk\/?s={search_term_string}\"},\"query-input\":{\"@type\":\"PropertyValueSpecification\",\"valueRequired\":true,\"valueName\":\"search_term_string\"}}],\"inLanguage\":\"nb-NO\"}]}<\/script>\n<!-- \/ Yoast SEO plugin. -->","yoast_head_json":{"title":"Magnus Lagab\u00f8tes kristenrett, S\u00e6ttargjerden i T\u00f8nsberg - NB Nettbutikk","robots":{"index":"index","follow":"follow","max-snippet":"max-snippet:-1","max-image-preview":"max-image-preview:large","max-video-preview":"max-video-preview:-1"},"canonical":"https:\/\/www.nb.no\/nettbutikk\/produkt\/magnus-lagabotes-kristenrett-saettargjerden-i-tonsberg\/","og_locale":"nb_NO","og_type":"article","og_title":"Magnus Lagab\u00f8tes kristenrett, S\u00e6ttargjerden i T\u00f8nsberg - NB Nettbutikk","og_description":"Boka kan leses p\u00e5 nett her Magnus Lagab\u00f8tes kristenrett er loven med kirkelige regler som ble fors\u00f8kt innf\u00f8rt i kongens regjeringstid (1263\u20131280), og S\u00e6ttargjerden er avtalen som ble inng\u00e5tt mellom kong Magnus og erkebiskop Jon Raude i T\u00f8nsberg i 1277. Skriftene utgj\u00f8r den delen av kong Magnus\u2019 lovgivning som ber\u00f8rer kirken og religionens plass i samfunnet, samt forholdet mellom kirken og kongemakten. Begge skrifter er viktige kilder til \u00e5 forst\u00e5 hvordan religionen formet dagligliv, \u00f8konomi og politikk i Norge i middelalderen.  Oversettelser er ved Erlend Myklebust, Magnus Rindal og Bj\u00f8rg Dale Sp\u00f8rck. Introduksjonstekster ved Sigrun H\u00f8getveit Berg og Anders Winroth. Boka er andre bind i serien Norske middelalderskrifter, en bokserie som har som form\u00e5l \u00e5 tilgjengeliggj\u00f8re middelalderens skriftkultur p\u00e5 moderne norsk.","og_url":"https:\/\/www.nb.no\/nettbutikk\/produkt\/magnus-lagabotes-kristenrett-saettargjerden-i-tonsberg\/","og_site_name":"NB Nettbutikk","article_modified_time":"2026-05-06T04:16:39+00:00","og_image":[{"width":1288,"height":1798,"url":"https:\/\/www.nb.no\/content\/uploads\/sites\/5\/2026\/02\/E6mp-pifWn-U4mniGoxN3v_N_3Ic7pZvNzWXmoXMBvdUeIKosLB7nbONcj0oQsaUnnz4EOSJiwnnGTlaAohAbA.jpg","type":"image\/jpeg"}],"twitter_card":"summary_large_image","twitter_misc":{"Ansl. lesetid":"1 minutt"},"schema":{"@context":"https:\/\/schema.org","@graph":[{"@type":"WebPage","@id":"https:\/\/www.nb.no\/nettbutikk\/produkt\/magnus-lagabotes-kristenrett-saettargjerden-i-tonsberg\/","url":"https:\/\/www.nb.no\/nettbutikk\/produkt\/magnus-lagabotes-kristenrett-saettargjerden-i-tonsberg\/","name":"Magnus Lagab\u00f8tes kristenrett, S\u00e6ttargjerden i T\u00f8nsberg - NB Nettbutikk","isPartOf":{"@id":"https:\/\/www.nb.no\/nettbutikk\/#website"},"primaryImageOfPage":{"@id":"https:\/\/www.nb.no\/nettbutikk\/produkt\/magnus-lagabotes-kristenrett-saettargjerden-i-tonsberg\/#primaryimage"},"image":{"@id":"https:\/\/www.nb.no\/nettbutikk\/produkt\/magnus-lagabotes-kristenrett-saettargjerden-i-tonsberg\/#primaryimage"},"thumbnailUrl":"https:\/\/www.nb.no\/content\/uploads\/sites\/5\/2026\/02\/E6mp-pifWn-U4mniGoxN3v_N_3Ic7pZvNzWXmoXMBvdUeIKosLB7nbONcj0oQsaUnnz4EOSJiwnnGTlaAohAbA.jpg","datePublished":"2026-02-26T09:21:47+00:00","dateModified":"2026-05-06T04:16:39+00:00","breadcrumb":{"@id":"https:\/\/www.nb.no\/nettbutikk\/produkt\/magnus-lagabotes-kristenrett-saettargjerden-i-tonsberg\/#breadcrumb"},"inLanguage":"nb-NO","potentialAction":[{"@type":"ReadAction","target":["https:\/\/www.nb.no\/nettbutikk\/produkt\/magnus-lagabotes-kristenrett-saettargjerden-i-tonsberg\/"]}]},{"@type":"ImageObject","inLanguage":"nb-NO","@id":"https:\/\/www.nb.no\/nettbutikk\/produkt\/magnus-lagabotes-kristenrett-saettargjerden-i-tonsberg\/#primaryimage","url":"https:\/\/www.nb.no\/content\/uploads\/sites\/5\/2026\/02\/E6mp-pifWn-U4mniGoxN3v_N_3Ic7pZvNzWXmoXMBvdUeIKosLB7nbONcj0oQsaUnnz4EOSJiwnnGTlaAohAbA.jpg","contentUrl":"https:\/\/www.nb.no\/content\/uploads\/sites\/5\/2026\/02\/E6mp-pifWn-U4mniGoxN3v_N_3Ic7pZvNzWXmoXMBvdUeIKosLB7nbONcj0oQsaUnnz4EOSJiwnnGTlaAohAbA.jpg","width":1288,"height":1798,"caption":"Magnus Lagab\u00f8tes kristenrett, S\u00e6ttargjerden i T\u00f8nsberg"},{"@type":"BreadcrumbList","@id":"https:\/\/www.nb.no\/nettbutikk\/produkt\/magnus-lagabotes-kristenrett-saettargjerden-i-tonsberg\/#breadcrumb","itemListElement":[{"@type":"ListItem","position":1,"name":"Home","item":"https:\/\/www.nb.no\/nettbutikk\/"},{"@type":"ListItem","position":2,"name":"Butikk","item":"https:\/\/www.nb.no\/nettbutikk\/butikk\/"},{"@type":"ListItem","position":3,"name":"Magnus Lagab\u00f8tes kristenrett, S\u00e6ttargjerden i T\u00f8nsberg"}]},{"@type":"WebSite","@id":"https:\/\/www.nb.no\/nettbutikk\/#website","url":"https:\/\/www.nb.no\/nettbutikk\/","name":"NB Nettbutikk","description":"","potentialAction":[{"@type":"SearchAction","target":{"@type":"EntryPoint","urlTemplate":"https:\/\/www.nb.no\/nettbutikk\/?s={search_term_string}"},"query-input":{"@type":"PropertyValueSpecification","valueRequired":true,"valueName":"search_term_string"}}],"inLanguage":"nb-NO"}]}},"_links":{"self":[{"href":"https:\/\/www.nb.no\/nettbutikk\/wp-json\/wp\/v2\/product\/23106","targetHints":{"allow":["GET"]}}],"collection":[{"href":"https:\/\/www.nb.no\/nettbutikk\/wp-json\/wp\/v2\/product"}],"about":[{"href":"https:\/\/www.nb.no\/nettbutikk\/wp-json\/wp\/v2\/types\/product"}],"wp:featuredmedia":[{"embeddable":true,"href":"https:\/\/www.nb.no\/nettbutikk\/wp-json\/wp\/v2\/media\/23103"}],"wp:attachment":[{"href":"https:\/\/www.nb.no\/nettbutikk\/wp-json\/wp\/v2\/media?parent=23106"}],"wp:term":[{"taxonomy":"product_brand","embeddable":true,"href":"https:\/\/www.nb.no\/nettbutikk\/wp-json\/wp\/v2\/product_brand?post=23106"},{"taxonomy":"product_cat","embeddable":true,"href":"https:\/\/www.nb.no\/nettbutikk\/wp-json\/wp\/v2\/product_cat?post=23106"},{"taxonomy":"product_tag","embeddable":true,"href":"https:\/\/www.nb.no\/nettbutikk\/wp-json\/wp\/v2\/product_tag?post=23106"}],"curies":[{"name":"wp","href":"https:\/\/api.w.org\/{rel}","templated":true}]}}