{"id":22916,"date":"2026-01-21T12:03:54","date_gmt":"2026-01-21T11:03:54","guid":{"rendered":"https:\/\/www.nb.no\/nettbutikk\/produkt\/autentiske-blikk\/"},"modified":"2026-05-12T06:17:15","modified_gmt":"2026-05-12T04:17:15","slug":"autentiske-blikk","status":"publish","type":"product","link":"https:\/\/www.nb.no\/nettbutikk\/produkt\/autentiske-blikk\/","title":{"rendered":"Autentiske blikk"},"content":{"rendered":"","protected":false},"excerpt":{"rendered":"<p><i>Autentiske blikk<\/i> samler 49 norske aktualitetsfilmer fra perioden 1905 til 1930. Dette er korte stumfilmer som viser virkelige hendelser. Sjangeren har frem til i dag f\u00e5tt lite oppmerksomhet, men aktualitetsfilmene spilte en viktig rolle i filmhistoriens f\u00f8rste \u00e5r.<\/p>\n<p>Denne utgivelsen viser bredden i aktualitetsfilmen som sjanger. Her er natur- og reiseskildringer fra ulike deler av Norge, filmer som viser tidens tekniske nyvinninger og industrielle prosesser, samt opptak av kjente og ukjente folk, steder og begivenheter. Filmene er historiske dokumenter fra en svunnen tid. Hus, gater og mennesker kommer til live igjen, mer enn hundre \u00e5r senere.<\/p>\n<p>Filmmusikken er komponert og fremf\u00f8rt av Kjetil Schjander Luhr, Steinar Ofsdal og H\u00e5kon Aase.<\/p>\n<p>Utgivelsen inneholder boka <i>49 glimt fra aktualitetsfilmens historie<\/i>, med essay skrevet av filmforskerne \u00d8ivind Hanche og Tina Stenkulla Anckarman og komponist Kjetil Schjander Luhr, samt et register over alle filmene i utgivelsen.<\/p>\n","protected":false},"featured_media":22913,"template":"","meta":{"nb_hide_title":false,"nb_breadcrumb_title_override":""},"product_brand":[],"product_cat":[1665],"product_tag":[3773,3817,3789],"class_list":{"0":"post-22916","1":"product","2":"type-product","3":"status-publish","4":"has-post-thumbnail","6":"product_cat-filmer","7":"product_tag-1900-tallet","8":"product_tag-film","9":"product_tag-stumfilm","11":"first","12":"instock","13":"taxable","14":"shipping-taxable","15":"purchasable","16":"product-type-simple"},"yoast_head":"<!-- This site is optimized with the Yoast SEO plugin v27.1.1 - https:\/\/yoast.com\/product\/yoast-seo-wordpress\/ -->\n<title>Autentiske blikk - NB Nettbutikk<\/title>\n<meta name=\"robots\" content=\"index, follow, max-snippet:-1, max-image-preview:large, max-video-preview:-1\" \/>\n<link rel=\"canonical\" href=\"https:\/\/www.nb.no\/nettbutikk\/produkt\/autentiske-blikk\/\" \/>\n<meta property=\"og:locale\" content=\"nb_NO\" \/>\n<meta property=\"og:type\" content=\"article\" \/>\n<meta property=\"og:title\" content=\"Autentiske blikk - NB Nettbutikk\" \/>\n<meta property=\"og:description\" content=\"Autentiske blikk samler 49 norske aktualitetsfilmer fra perioden 1905 til 1930. Dette er korte stumfilmer som viser virkelige hendelser. Sjangeren har frem til i dag f\u00e5tt lite oppmerksomhet, men aktualitetsfilmene spilte en viktig rolle i filmhistoriens f\u00f8rste \u00e5r. Denne utgivelsen viser bredden i aktualitetsfilmen som sjanger. Her er natur- og reiseskildringer fra ulike deler av Norge, filmer som viser tidens tekniske nyvinninger og industrielle prosesser, samt opptak av kjente og ukjente folk, steder og begivenheter. Filmene er historiske dokumenter fra en svunnen tid. Hus, gater og mennesker kommer til live igjen, mer enn hundre \u00e5r senere. Filmmusikken er komponert og fremf\u00f8rt av Kjetil Schjander Luhr, Steinar Ofsdal og H\u00e5kon Aase. Utgivelsen inneholder boka 49 glimt fra aktualitetsfilmens historie, med essay skrevet av filmforskerne \u00d8ivind Hanche og Tina Stenkulla Anckarman og komponist Kjetil Schjander Luhr, samt et register over alle filmene i utgivelsen.\" \/>\n<meta property=\"og:url\" content=\"https:\/\/www.nb.no\/nettbutikk\/produkt\/autentiske-blikk\/\" \/>\n<meta property=\"og:site_name\" content=\"NB Nettbutikk\" \/>\n<meta property=\"article:modified_time\" content=\"2026-05-12T04:17:15+00:00\" \/>\n<meta property=\"og:image\" content=\"https:\/\/www.nb.no\/content\/uploads\/sites\/5\/2026\/01\/E6mp-pifWn-U4mniGoxN3v_N_3Ic7pZvNzWXmoDOBvkBc42ss-Ioz7LYcjN-RsHCySKqErvc2liyG2pdAohAbA-scaled.jpg\" \/>\n\t<meta property=\"og:image:width\" content=\"2560\" \/>\n\t<meta property=\"og:image:height\" content=\"1921\" \/>\n\t<meta property=\"og:image:type\" content=\"image\/jpeg\" \/>\n<meta name=\"twitter:card\" content=\"summary_large_image\" \/>\n<meta name=\"twitter:label1\" content=\"Ansl. lesetid\" \/>\n\t<meta name=\"twitter:data1\" content=\"1 minutt\" \/>\n<script type=\"application\/ld+json\" class=\"yoast-schema-graph\">{\"@context\":\"https:\/\/schema.org\",\"@graph\":[{\"@type\":\"WebPage\",\"@id\":\"https:\/\/www.nb.no\/nettbutikk\/produkt\/autentiske-blikk\/\",\"url\":\"https:\/\/www.nb.no\/nettbutikk\/produkt\/autentiske-blikk\/\",\"name\":\"Autentiske blikk - NB Nettbutikk\",\"isPartOf\":{\"@id\":\"https:\/\/www.nb.no\/nettbutikk\/#website\"},\"primaryImageOfPage\":{\"@id\":\"https:\/\/www.nb.no\/nettbutikk\/produkt\/autentiske-blikk\/#primaryimage\"},\"image\":{\"@id\":\"https:\/\/www.nb.no\/nettbutikk\/produkt\/autentiske-blikk\/#primaryimage\"},\"thumbnailUrl\":\"https:\/\/www.nb.no\/content\/uploads\/sites\/5\/2026\/01\/E6mp-pifWn-U4mniGoxN3v_N_3Ic7pZvNzWXmoDOBvkBc42ss-Ioz7LYcjN-RsHCySKqErvc2liyG2pdAohAbA-scaled.jpg\",\"datePublished\":\"2026-01-21T11:03:54+00:00\",\"dateModified\":\"2026-05-12T04:17:15+00:00\",\"breadcrumb\":{\"@id\":\"https:\/\/www.nb.no\/nettbutikk\/produkt\/autentiske-blikk\/#breadcrumb\"},\"inLanguage\":\"nb-NO\",\"potentialAction\":[{\"@type\":\"ReadAction\",\"target\":[\"https:\/\/www.nb.no\/nettbutikk\/produkt\/autentiske-blikk\/\"]}]},{\"@type\":\"ImageObject\",\"inLanguage\":\"nb-NO\",\"@id\":\"https:\/\/www.nb.no\/nettbutikk\/produkt\/autentiske-blikk\/#primaryimage\",\"url\":\"https:\/\/www.nb.no\/content\/uploads\/sites\/5\/2026\/01\/E6mp-pifWn-U4mniGoxN3v_N_3Ic7pZvNzWXmoDOBvkBc42ss-Ioz7LYcjN-RsHCySKqErvc2liyG2pdAohAbA-scaled.jpg\",\"contentUrl\":\"https:\/\/www.nb.no\/content\/uploads\/sites\/5\/2026\/01\/E6mp-pifWn-U4mniGoxN3v_N_3Ic7pZvNzWXmoDOBvkBc42ss-Ioz7LYcjN-RsHCySKqErvc2liyG2pdAohAbA-scaled.jpg\",\"width\":2560,\"height\":1921,\"caption\":\"Autentiske blikk\"},{\"@type\":\"BreadcrumbList\",\"@id\":\"https:\/\/www.nb.no\/nettbutikk\/produkt\/autentiske-blikk\/#breadcrumb\",\"itemListElement\":[{\"@type\":\"ListItem\",\"position\":1,\"name\":\"Home\",\"item\":\"https:\/\/www.nb.no\/nettbutikk\/\"},{\"@type\":\"ListItem\",\"position\":2,\"name\":\"Butikk\",\"item\":\"https:\/\/www.nb.no\/nettbutikk\/butikk\/\"},{\"@type\":\"ListItem\",\"position\":3,\"name\":\"Autentiske blikk\"}]},{\"@type\":\"WebSite\",\"@id\":\"https:\/\/www.nb.no\/nettbutikk\/#website\",\"url\":\"https:\/\/www.nb.no\/nettbutikk\/\",\"name\":\"NB Nettbutikk\",\"description\":\"\",\"potentialAction\":[{\"@type\":\"SearchAction\",\"target\":{\"@type\":\"EntryPoint\",\"urlTemplate\":\"https:\/\/www.nb.no\/nettbutikk\/?s={search_term_string}\"},\"query-input\":{\"@type\":\"PropertyValueSpecification\",\"valueRequired\":true,\"valueName\":\"search_term_string\"}}],\"inLanguage\":\"nb-NO\"}]}<\/script>\n<!-- \/ Yoast SEO plugin. -->","yoast_head_json":{"title":"Autentiske blikk - NB Nettbutikk","robots":{"index":"index","follow":"follow","max-snippet":"max-snippet:-1","max-image-preview":"max-image-preview:large","max-video-preview":"max-video-preview:-1"},"canonical":"https:\/\/www.nb.no\/nettbutikk\/produkt\/autentiske-blikk\/","og_locale":"nb_NO","og_type":"article","og_title":"Autentiske blikk - NB Nettbutikk","og_description":"Autentiske blikk samler 49 norske aktualitetsfilmer fra perioden 1905 til 1930. Dette er korte stumfilmer som viser virkelige hendelser. Sjangeren har frem til i dag f\u00e5tt lite oppmerksomhet, men aktualitetsfilmene spilte en viktig rolle i filmhistoriens f\u00f8rste \u00e5r. Denne utgivelsen viser bredden i aktualitetsfilmen som sjanger. Her er natur- og reiseskildringer fra ulike deler av Norge, filmer som viser tidens tekniske nyvinninger og industrielle prosesser, samt opptak av kjente og ukjente folk, steder og begivenheter. Filmene er historiske dokumenter fra en svunnen tid. Hus, gater og mennesker kommer til live igjen, mer enn hundre \u00e5r senere. Filmmusikken er komponert og fremf\u00f8rt av Kjetil Schjander Luhr, Steinar Ofsdal og H\u00e5kon Aase. Utgivelsen inneholder boka 49 glimt fra aktualitetsfilmens historie, med essay skrevet av filmforskerne \u00d8ivind Hanche og Tina Stenkulla Anckarman og komponist Kjetil Schjander Luhr, samt et register over alle filmene i utgivelsen.","og_url":"https:\/\/www.nb.no\/nettbutikk\/produkt\/autentiske-blikk\/","og_site_name":"NB Nettbutikk","article_modified_time":"2026-05-12T04:17:15+00:00","og_image":[{"width":2560,"height":1921,"url":"https:\/\/www.nb.no\/content\/uploads\/sites\/5\/2026\/01\/E6mp-pifWn-U4mniGoxN3v_N_3Ic7pZvNzWXmoDOBvkBc42ss-Ioz7LYcjN-RsHCySKqErvc2liyG2pdAohAbA-scaled.jpg","type":"image\/jpeg"}],"twitter_card":"summary_large_image","twitter_misc":{"Ansl. lesetid":"1 minutt"},"schema":{"@context":"https:\/\/schema.org","@graph":[{"@type":"WebPage","@id":"https:\/\/www.nb.no\/nettbutikk\/produkt\/autentiske-blikk\/","url":"https:\/\/www.nb.no\/nettbutikk\/produkt\/autentiske-blikk\/","name":"Autentiske blikk - NB Nettbutikk","isPartOf":{"@id":"https:\/\/www.nb.no\/nettbutikk\/#website"},"primaryImageOfPage":{"@id":"https:\/\/www.nb.no\/nettbutikk\/produkt\/autentiske-blikk\/#primaryimage"},"image":{"@id":"https:\/\/www.nb.no\/nettbutikk\/produkt\/autentiske-blikk\/#primaryimage"},"thumbnailUrl":"https:\/\/www.nb.no\/content\/uploads\/sites\/5\/2026\/01\/E6mp-pifWn-U4mniGoxN3v_N_3Ic7pZvNzWXmoDOBvkBc42ss-Ioz7LYcjN-RsHCySKqErvc2liyG2pdAohAbA-scaled.jpg","datePublished":"2026-01-21T11:03:54+00:00","dateModified":"2026-05-12T04:17:15+00:00","breadcrumb":{"@id":"https:\/\/www.nb.no\/nettbutikk\/produkt\/autentiske-blikk\/#breadcrumb"},"inLanguage":"nb-NO","potentialAction":[{"@type":"ReadAction","target":["https:\/\/www.nb.no\/nettbutikk\/produkt\/autentiske-blikk\/"]}]},{"@type":"ImageObject","inLanguage":"nb-NO","@id":"https:\/\/www.nb.no\/nettbutikk\/produkt\/autentiske-blikk\/#primaryimage","url":"https:\/\/www.nb.no\/content\/uploads\/sites\/5\/2026\/01\/E6mp-pifWn-U4mniGoxN3v_N_3Ic7pZvNzWXmoDOBvkBc42ss-Ioz7LYcjN-RsHCySKqErvc2liyG2pdAohAbA-scaled.jpg","contentUrl":"https:\/\/www.nb.no\/content\/uploads\/sites\/5\/2026\/01\/E6mp-pifWn-U4mniGoxN3v_N_3Ic7pZvNzWXmoDOBvkBc42ss-Ioz7LYcjN-RsHCySKqErvc2liyG2pdAohAbA-scaled.jpg","width":2560,"height":1921,"caption":"Autentiske blikk"},{"@type":"BreadcrumbList","@id":"https:\/\/www.nb.no\/nettbutikk\/produkt\/autentiske-blikk\/#breadcrumb","itemListElement":[{"@type":"ListItem","position":1,"name":"Home","item":"https:\/\/www.nb.no\/nettbutikk\/"},{"@type":"ListItem","position":2,"name":"Butikk","item":"https:\/\/www.nb.no\/nettbutikk\/butikk\/"},{"@type":"ListItem","position":3,"name":"Autentiske blikk"}]},{"@type":"WebSite","@id":"https:\/\/www.nb.no\/nettbutikk\/#website","url":"https:\/\/www.nb.no\/nettbutikk\/","name":"NB Nettbutikk","description":"","potentialAction":[{"@type":"SearchAction","target":{"@type":"EntryPoint","urlTemplate":"https:\/\/www.nb.no\/nettbutikk\/?s={search_term_string}"},"query-input":{"@type":"PropertyValueSpecification","valueRequired":true,"valueName":"search_term_string"}}],"inLanguage":"nb-NO"}]}},"_links":{"self":[{"href":"https:\/\/www.nb.no\/nettbutikk\/wp-json\/wp\/v2\/product\/22916","targetHints":{"allow":["GET"]}}],"collection":[{"href":"https:\/\/www.nb.no\/nettbutikk\/wp-json\/wp\/v2\/product"}],"about":[{"href":"https:\/\/www.nb.no\/nettbutikk\/wp-json\/wp\/v2\/types\/product"}],"wp:featuredmedia":[{"embeddable":true,"href":"https:\/\/www.nb.no\/nettbutikk\/wp-json\/wp\/v2\/media\/22913"}],"wp:attachment":[{"href":"https:\/\/www.nb.no\/nettbutikk\/wp-json\/wp\/v2\/media?parent=22916"}],"wp:term":[{"taxonomy":"product_brand","embeddable":true,"href":"https:\/\/www.nb.no\/nettbutikk\/wp-json\/wp\/v2\/product_brand?post=22916"},{"taxonomy":"product_cat","embeddable":true,"href":"https:\/\/www.nb.no\/nettbutikk\/wp-json\/wp\/v2\/product_cat?post=22916"},{"taxonomy":"product_tag","embeddable":true,"href":"https:\/\/www.nb.no\/nettbutikk\/wp-json\/wp\/v2\/product_tag?post=22916"}],"curies":[{"name":"wp","href":"https:\/\/api.w.org\/{rel}","templated":true}]}}