{"id":22431,"date":"2025-09-10T16:00:47","date_gmt":"2025-09-10T14:00:47","guid":{"rendered":"https:\/\/www.nb.no\/nettbutikk\/produkt\/drommer-og-lengsler\/"},"modified":"2026-04-20T11:09:03","modified_gmt":"2026-04-20T09:09:03","slug":"drommer-og-lengsler","status":"publish","type":"product","link":"https:\/\/www.nb.no\/nettbutikk\/produkt\/drommer-og-lengsler\/","title":{"rendered":"Dr\u00f8mmer og lengsler"},"content":{"rendered":"","protected":false},"excerpt":{"rendered":"<p>For to hundre \u00e5r siden startet den store utvandringsb\u00f8lgen fra Norge til Amerika. Det f\u00f8rte til en kulturell utveksling som ogs\u00e5 satte sine spor i norsk musikk. P\u00e5 denne plata har vi samlet et rikt utvalg musikk- og lydopptak fra Nasjonalbibliotekets samling, som sammen forteller en del av norsk utvandringshistorie. Her f\u00e5r du h\u00f8re vals, sanger om livet p\u00e5 pr\u00e6rien, trekkspill-ragtime, stev og sl\u00e5tter fra hjemvendte Amerikafarere, og utdrag fra fonografruller, v\u00e5rt helt tidligste lydmedium.<\/p>\n<p><i>Dr\u00f8mmer og lengsler<\/i> er den f\u00f8rste utgivelsen i serien \u00abFra Nasjonalbibliotekets musikksamling\u00bb.<\/p>\n","protected":false},"featured_media":22584,"template":"","meta":{"nb_hide_title":false,"nb_breadcrumb_title_override":""},"product_brand":[],"product_cat":[61],"product_tag":[3696],"class_list":{"0":"post-22431","1":"product","2":"type-product","3":"status-publish","4":"has-post-thumbnail","6":"product_cat-musikk","7":"product_tag-utvandring","9":"first","10":"instock","11":"taxable","12":"shipping-taxable","13":"purchasable","14":"product-type-simple"},"yoast_head":"<!-- This site is optimized with the Yoast SEO plugin v27.1.1 - https:\/\/yoast.com\/product\/yoast-seo-wordpress\/ -->\n<title>Dr\u00f8mmer og lengsler - NB Nettbutikk<\/title>\n<meta name=\"description\" content=\"Den norske utvandringen til Amerika i historiske lydopptak. P\u00e5 denne plata samles et rikt utvalg musikk- og lydopptak fra Nasjonalbibliotekets samling.\" \/>\n<meta name=\"robots\" content=\"index, follow, max-snippet:-1, max-image-preview:large, max-video-preview:-1\" \/>\n<link rel=\"canonical\" href=\"https:\/\/www.nb.no\/nettbutikk\/produkt\/drommer-og-lengsler\/\" \/>\n<meta property=\"og:locale\" content=\"nb_NO\" \/>\n<meta property=\"og:type\" content=\"article\" \/>\n<meta property=\"og:title\" content=\"Dr\u00f8mmer og lengsler - NB Nettbutikk\" \/>\n<meta property=\"og:description\" content=\"Den norske utvandringen til Amerika i historiske lydopptak. P\u00e5 denne plata samles et rikt utvalg musikk- og lydopptak fra Nasjonalbibliotekets samling.\" \/>\n<meta property=\"og:url\" content=\"https:\/\/www.nb.no\/nettbutikk\/produkt\/drommer-og-lengsler\/\" \/>\n<meta property=\"og:site_name\" content=\"NB Nettbutikk\" \/>\n<meta property=\"article:modified_time\" content=\"2026-04-20T09:09:03+00:00\" \/>\n<meta property=\"og:image\" content=\"https:\/\/www.nb.no\/content\/uploads\/sites\/5\/2025\/10\/E6mp-pifWn-U4mniGoxN3v_N_3Ic7pZvNzWXmoOYV_5SIdH4uOV7yrbQdGB7RZPAziiqE7yNgwizGGoOAohAbA.jpg\" \/>\n\t<meta property=\"og:image:width\" content=\"2300\" \/>\n\t<meta property=\"og:image:height\" content=\"2300\" \/>\n\t<meta property=\"og:image:type\" content=\"image\/jpeg\" \/>\n<meta name=\"twitter:card\" content=\"summary_large_image\" \/>\n<meta name=\"twitter:label1\" content=\"Ansl. lesetid\" \/>\n\t<meta name=\"twitter:data1\" content=\"1 minutt\" \/>\n<script type=\"application\/ld+json\" class=\"yoast-schema-graph\">{\"@context\":\"https:\/\/schema.org\",\"@graph\":[{\"@type\":\"WebPage\",\"@id\":\"https:\/\/www.nb.no\/nettbutikk\/produkt\/drommer-og-lengsler\/\",\"url\":\"https:\/\/www.nb.no\/nettbutikk\/produkt\/drommer-og-lengsler\/\",\"name\":\"Dr\u00f8mmer og lengsler - NB Nettbutikk\",\"isPartOf\":{\"@id\":\"https:\/\/www.nb.no\/nettbutikk\/#website\"},\"primaryImageOfPage\":{\"@id\":\"https:\/\/www.nb.no\/nettbutikk\/produkt\/drommer-og-lengsler\/#primaryimage\"},\"image\":{\"@id\":\"https:\/\/www.nb.no\/nettbutikk\/produkt\/drommer-og-lengsler\/#primaryimage\"},\"thumbnailUrl\":\"https:\/\/www.nb.no\/content\/uploads\/sites\/5\/2025\/10\/E6mp-pifWn-U4mniGoxN3v_N_3Ic7pZvNzWXmoOYV_5SIdH4uOV7yrbQdGB7RZPAziiqE7yNgwizGGoOAohAbA.jpg\",\"datePublished\":\"2025-09-10T14:00:47+00:00\",\"dateModified\":\"2026-04-20T09:09:03+00:00\",\"description\":\"Den norske utvandringen til Amerika i historiske lydopptak. P\u00e5 denne plata samles et rikt utvalg musikk- og lydopptak fra Nasjonalbibliotekets samling.\",\"breadcrumb\":{\"@id\":\"https:\/\/www.nb.no\/nettbutikk\/produkt\/drommer-og-lengsler\/#breadcrumb\"},\"inLanguage\":\"nb-NO\",\"potentialAction\":[{\"@type\":\"ReadAction\",\"target\":[\"https:\/\/www.nb.no\/nettbutikk\/produkt\/drommer-og-lengsler\/\"]}]},{\"@type\":\"ImageObject\",\"inLanguage\":\"nb-NO\",\"@id\":\"https:\/\/www.nb.no\/nettbutikk\/produkt\/drommer-og-lengsler\/#primaryimage\",\"url\":\"https:\/\/www.nb.no\/content\/uploads\/sites\/5\/2025\/10\/E6mp-pifWn-U4mniGoxN3v_N_3Ic7pZvNzWXmoOYV_5SIdH4uOV7yrbQdGB7RZPAziiqE7yNgwizGGoOAohAbA.jpg\",\"contentUrl\":\"https:\/\/www.nb.no\/content\/uploads\/sites\/5\/2025\/10\/E6mp-pifWn-U4mniGoxN3v_N_3Ic7pZvNzWXmoOYV_5SIdH4uOV7yrbQdGB7RZPAziiqE7yNgwizGGoOAohAbA.jpg\",\"width\":2300,\"height\":2300,\"caption\":\"Dr\u00f8mmer og lengsler\"},{\"@type\":\"BreadcrumbList\",\"@id\":\"https:\/\/www.nb.no\/nettbutikk\/produkt\/drommer-og-lengsler\/#breadcrumb\",\"itemListElement\":[{\"@type\":\"ListItem\",\"position\":1,\"name\":\"Home\",\"item\":\"https:\/\/www.nb.no\/nettbutikk\/\"},{\"@type\":\"ListItem\",\"position\":2,\"name\":\"Butikk\",\"item\":\"https:\/\/www.nb.no\/nettbutikk\/butikk\/\"},{\"@type\":\"ListItem\",\"position\":3,\"name\":\"Dr\u00f8mmer og lengsler\"}]},{\"@type\":\"WebSite\",\"@id\":\"https:\/\/www.nb.no\/nettbutikk\/#website\",\"url\":\"https:\/\/www.nb.no\/nettbutikk\/\",\"name\":\"NB Nettbutikk\",\"description\":\"\",\"potentialAction\":[{\"@type\":\"SearchAction\",\"target\":{\"@type\":\"EntryPoint\",\"urlTemplate\":\"https:\/\/www.nb.no\/nettbutikk\/?s={search_term_string}\"},\"query-input\":{\"@type\":\"PropertyValueSpecification\",\"valueRequired\":true,\"valueName\":\"search_term_string\"}}],\"inLanguage\":\"nb-NO\"}]}<\/script>\n<!-- \/ Yoast SEO plugin. -->","yoast_head_json":{"title":"Dr\u00f8mmer og lengsler - NB Nettbutikk","description":"Den norske utvandringen til Amerika i historiske lydopptak. P\u00e5 denne plata samles et rikt utvalg musikk- og lydopptak fra Nasjonalbibliotekets samling.","robots":{"index":"index","follow":"follow","max-snippet":"max-snippet:-1","max-image-preview":"max-image-preview:large","max-video-preview":"max-video-preview:-1"},"canonical":"https:\/\/www.nb.no\/nettbutikk\/produkt\/drommer-og-lengsler\/","og_locale":"nb_NO","og_type":"article","og_title":"Dr\u00f8mmer og lengsler - NB Nettbutikk","og_description":"Den norske utvandringen til Amerika i historiske lydopptak. P\u00e5 denne plata samles et rikt utvalg musikk- og lydopptak fra Nasjonalbibliotekets samling.","og_url":"https:\/\/www.nb.no\/nettbutikk\/produkt\/drommer-og-lengsler\/","og_site_name":"NB Nettbutikk","article_modified_time":"2026-04-20T09:09:03+00:00","og_image":[{"width":2300,"height":2300,"url":"https:\/\/www.nb.no\/content\/uploads\/sites\/5\/2025\/10\/E6mp-pifWn-U4mniGoxN3v_N_3Ic7pZvNzWXmoOYV_5SIdH4uOV7yrbQdGB7RZPAziiqE7yNgwizGGoOAohAbA.jpg","type":"image\/jpeg"}],"twitter_card":"summary_large_image","twitter_misc":{"Ansl. lesetid":"1 minutt"},"schema":{"@context":"https:\/\/schema.org","@graph":[{"@type":"WebPage","@id":"https:\/\/www.nb.no\/nettbutikk\/produkt\/drommer-og-lengsler\/","url":"https:\/\/www.nb.no\/nettbutikk\/produkt\/drommer-og-lengsler\/","name":"Dr\u00f8mmer og lengsler - NB Nettbutikk","isPartOf":{"@id":"https:\/\/www.nb.no\/nettbutikk\/#website"},"primaryImageOfPage":{"@id":"https:\/\/www.nb.no\/nettbutikk\/produkt\/drommer-og-lengsler\/#primaryimage"},"image":{"@id":"https:\/\/www.nb.no\/nettbutikk\/produkt\/drommer-og-lengsler\/#primaryimage"},"thumbnailUrl":"https:\/\/www.nb.no\/content\/uploads\/sites\/5\/2025\/10\/E6mp-pifWn-U4mniGoxN3v_N_3Ic7pZvNzWXmoOYV_5SIdH4uOV7yrbQdGB7RZPAziiqE7yNgwizGGoOAohAbA.jpg","datePublished":"2025-09-10T14:00:47+00:00","dateModified":"2026-04-20T09:09:03+00:00","description":"Den norske utvandringen til Amerika i historiske lydopptak. P\u00e5 denne plata samles et rikt utvalg musikk- og lydopptak fra Nasjonalbibliotekets samling.","breadcrumb":{"@id":"https:\/\/www.nb.no\/nettbutikk\/produkt\/drommer-og-lengsler\/#breadcrumb"},"inLanguage":"nb-NO","potentialAction":[{"@type":"ReadAction","target":["https:\/\/www.nb.no\/nettbutikk\/produkt\/drommer-og-lengsler\/"]}]},{"@type":"ImageObject","inLanguage":"nb-NO","@id":"https:\/\/www.nb.no\/nettbutikk\/produkt\/drommer-og-lengsler\/#primaryimage","url":"https:\/\/www.nb.no\/content\/uploads\/sites\/5\/2025\/10\/E6mp-pifWn-U4mniGoxN3v_N_3Ic7pZvNzWXmoOYV_5SIdH4uOV7yrbQdGB7RZPAziiqE7yNgwizGGoOAohAbA.jpg","contentUrl":"https:\/\/www.nb.no\/content\/uploads\/sites\/5\/2025\/10\/E6mp-pifWn-U4mniGoxN3v_N_3Ic7pZvNzWXmoOYV_5SIdH4uOV7yrbQdGB7RZPAziiqE7yNgwizGGoOAohAbA.jpg","width":2300,"height":2300,"caption":"Dr\u00f8mmer og lengsler"},{"@type":"BreadcrumbList","@id":"https:\/\/www.nb.no\/nettbutikk\/produkt\/drommer-og-lengsler\/#breadcrumb","itemListElement":[{"@type":"ListItem","position":1,"name":"Home","item":"https:\/\/www.nb.no\/nettbutikk\/"},{"@type":"ListItem","position":2,"name":"Butikk","item":"https:\/\/www.nb.no\/nettbutikk\/butikk\/"},{"@type":"ListItem","position":3,"name":"Dr\u00f8mmer og lengsler"}]},{"@type":"WebSite","@id":"https:\/\/www.nb.no\/nettbutikk\/#website","url":"https:\/\/www.nb.no\/nettbutikk\/","name":"NB Nettbutikk","description":"","potentialAction":[{"@type":"SearchAction","target":{"@type":"EntryPoint","urlTemplate":"https:\/\/www.nb.no\/nettbutikk\/?s={search_term_string}"},"query-input":{"@type":"PropertyValueSpecification","valueRequired":true,"valueName":"search_term_string"}}],"inLanguage":"nb-NO"}]}},"_links":{"self":[{"href":"https:\/\/www.nb.no\/nettbutikk\/wp-json\/wp\/v2\/product\/22431","targetHints":{"allow":["GET"]}}],"collection":[{"href":"https:\/\/www.nb.no\/nettbutikk\/wp-json\/wp\/v2\/product"}],"about":[{"href":"https:\/\/www.nb.no\/nettbutikk\/wp-json\/wp\/v2\/types\/product"}],"wp:featuredmedia":[{"embeddable":true,"href":"https:\/\/www.nb.no\/nettbutikk\/wp-json\/wp\/v2\/media\/22584"}],"wp:attachment":[{"href":"https:\/\/www.nb.no\/nettbutikk\/wp-json\/wp\/v2\/media?parent=22431"}],"wp:term":[{"taxonomy":"product_brand","embeddable":true,"href":"https:\/\/www.nb.no\/nettbutikk\/wp-json\/wp\/v2\/product_brand?post=22431"},{"taxonomy":"product_cat","embeddable":true,"href":"https:\/\/www.nb.no\/nettbutikk\/wp-json\/wp\/v2\/product_cat?post=22431"},{"taxonomy":"product_tag","embeddable":true,"href":"https:\/\/www.nb.no\/nettbutikk\/wp-json\/wp\/v2\/product_tag?post=22431"}],"curies":[{"name":"wp","href":"https:\/\/api.w.org\/{rel}","templated":true}]}}